{"id":1053,"date":"2023-04-11T13:15:55","date_gmt":"2023-04-11T13:15:55","guid":{"rendered":"https:\/\/kornrasetnarkmun.com\/?page_id=1053"},"modified":"2023-04-23T15:24:01","modified_gmt":"2023-04-23T15:24:01","slug":"biografie-cembalo-rezital-elektronisch-geschmuckt-2023","status":"publish","type":"page","link":"https:\/\/kornrasetnarkmun.com\/index.php\/biografie-cembalo-rezital-elektronisch-geschmuckt-2023\/","title":{"rendered":"Biografie &#8211; Cembalo-Rezital elektronisch geschm\u00fcckt 2023"},"content":{"rendered":"\n<p><strong><a href=\"http:\/\/instagram.com\/paul_ruben_wolff\/\">Paul Wolff<\/a><\/strong>\u00a0(*1990) ist ein Komponist, der im Bereich der elektroakustischen Musik mit konkreten und synthetisch erzeugten Kl\u00e4ngen arbeitet. Er absolvierte den Bachelorstudiengang Musikologie an der Karl-Franzens-Universit\u00e4t Graz, den Masterstudiengang Sound Design an der Fachhochschule Joanneum (mit Auszeichnung), sowie den Bachelor- und Masterstudiengang Computermusik am Institut f\u00fcr Elektronische Musik und Akustik der Kunstuniversit\u00e4t Graz (mit Auszeichnung). In den letzten Jahren komponierte er mehrere Fixed-Media-St\u00fccke f\u00fcr Stereo-, 8-Kanal- und Ambisonic-Systeme, St\u00fccke f\u00fcr Live-Elektronik sowie Installationen mit Fokus auf Interaktion und\/oder audiovisuelle Kontexte. Eine seiner neuesten Kompositionen, 1500 f\u00fcr das IKO &#8211; ein Rundstrahllautsprecher, wurde auf der ICSA (Mumuth, Graz) und dem inSonic Festival (ZKM, Karlsruhe) pr\u00e4sentiert.<\/p>\n\n\n\n<p><a href=\"http:\/\/instagram.com\/paul_ruben_wolff\/\">http:\/\/instagram.com\/paul_ruben_wolff\/<\/a><\/p>\n\n\n\n<p><strong>Kornraset Narkmun<\/strong>&nbsp;(*1986) in Bangkok geborener Cembalist wuchs sowohl in Bangkok als auch in Europa auf. Er studierte Klavier und Cembalo an der Universit\u00e4t f\u00fcr Musik und Darstellende Kunst Graz, am Haydn-Konservatorium in Eisenstadt, an der Mahidol University, College of Music und an der Schola Cantorum Basiliensis. Au\u00dferdem arbeite er seit 2018 als Betreuer f\u00fcr historische Tasteninstrumente. Zu seinen Lehrern z\u00e4hlen Chauwalida Kruasingha, Ralf Heiber, Chung Lee, Manfred Tausch, Konstanze Rieckh, Eva Maria Pollerus, Jesper B\u00f8je Christensen und der renommierte Blockfl\u00f6tist und Cembalist Michael Hell in Graz, wo er seinen Bachelorabschluss erwarb.<\/p>\n\n\n\n<p>Er hat als musikalischer Assistent, Korrepetitor, Organist und Cembalist an verschiedenen Projekten im In- und Ausland mitgewirkt.<\/p>\n\n\n\n<p>Im Jahr 2022 f\u00fchrte er zur Wiederentdeckung Alter Musik als musikalischer Leiter in der Marienkirche der Schmerzhaften Mutter in Graz das Oratorium \u201cDebora\u201d (1760) von Gregor Joseph Werner, einem Vorg\u00e4nger von Joseph Haydn in Eisenstadt, in originaler Besetzung auf.<\/p>\n\n\n\n<p>Im Jahr 2023 wird er aus Liebe zur Entdeckung \u00f6sterreichischer Musik sein erstes Umwelt-Pasticcio (Sing-Spiel) mit dem Titel \u201cWaldbrand-Kantate\u201d auff\u00fchren, das neu-entdeckte Werke von Albrechtsberger und seinen Zeitgenossen enth\u00e4lt. Die Auff\u00fchrungen finden im Rahmen der langen Nacht der Kirche im Juni 2023 sowohl in Graz als auch in Klosterneuburg statt.<\/p>\n\n\n\n<p>Nach vielen Jahren in Bangkok, Basel, Eisenstadt und Wien lebt er seit 2018 wieder in Graz und im Zug der \u00d6BB.<\/p>\n","protected":false},"excerpt":{"rendered":"<p>Paul Wolff\u00a0(*1990) ist ein Komponist, der im Bereich der elektroakustischen Musik mit konkreten und synthetisch erzeugten Kl\u00e4ngen arbeitet. Er absolvierte den Bachelorstudiengang Musikologie an der Karl-Franzens-Universit\u00e4t Graz, den Masterstudiengang Sound Design an der Fachhochschule Joanneum (mit Auszeichnung), sowie den Bachelor- und Masterstudiengang Computermusik am Institut f\u00fcr Elektronische Musik und Akustik der Kunstuniversit\u00e4t Graz (mit Auszeichnung). [&hellip;]<\/p>\n","protected":false},"author":1,"featured_media":0,"parent":0,"menu_order":0,"comment_status":"closed","ping_status":"closed","template":"","meta":{"_monsterinsights_skip_tracking":false,"_monsterinsights_sitenote_active":false,"_monsterinsights_sitenote_note":"","_monsterinsights_sitenote_category":0,"footnotes":""},"class_list":["post-1053","page","type-page","status-publish","hentry","entry"],"aioseo_notices":[],"yoast_head":"<!-- This site is optimized with the Yoast SEO plugin v22.6 - https:\/\/yoast.com\/wordpress\/plugins\/seo\/ -->\n<title>Biografie - Cembalo-Rezital elektronisch geschm\u00fcckt 2023 - Kornraset Narkmun<\/title>\n<meta name=\"robots\" content=\"index, follow, max-snippet:-1, max-image-preview:large, max-video-preview:-1\" \/>\n<link rel=\"canonical\" href=\"https:\/\/kornrasetnarkmun.com\/index.php\/biografie-cembalo-rezital-elektronisch-geschmuckt-2023\/\" \/>\n<meta property=\"og:locale\" content=\"en_US\" \/>\n<meta property=\"og:type\" content=\"article\" \/>\n<meta property=\"og:title\" content=\"Biografie - Cembalo-Rezital elektronisch geschm\u00fcckt 2023 - Kornraset Narkmun\" \/>\n<meta property=\"og:description\" content=\"Paul Wolff\u00a0(*1990) ist ein Komponist, der im Bereich der elektroakustischen Musik mit konkreten und synthetisch erzeugten Kl\u00e4ngen arbeitet. Er absolvierte den Bachelorstudiengang Musikologie an der Karl-Franzens-Universit\u00e4t Graz, den Masterstudiengang Sound Design an der Fachhochschule Joanneum (mit Auszeichnung), sowie den Bachelor- und Masterstudiengang Computermusik am Institut f\u00fcr Elektronische Musik und Akustik der Kunstuniversit\u00e4t Graz (mit Auszeichnung). [&hellip;]\" \/>\n<meta property=\"og:url\" content=\"https:\/\/kornrasetnarkmun.com\/index.php\/biografie-cembalo-rezital-elektronisch-geschmuckt-2023\/\" \/>\n<meta property=\"og:site_name\" content=\"Kornraset Narkmun\" \/>\n<meta property=\"article:publisher\" content=\"https:\/\/www.facebook.com\/kornraset\/\" \/>\n<meta property=\"article:modified_time\" content=\"2023-04-23T15:24:01+00:00\" \/>\n<meta name=\"twitter:card\" content=\"summary_large_image\" \/>\n<meta name=\"twitter:label1\" content=\"Est. reading time\" \/>\n\t<meta name=\"twitter:data1\" content=\"2 minutes\" \/>\n<script type=\"application\/ld+json\" class=\"yoast-schema-graph\">{\"@context\":\"https:\/\/schema.org\",\"@graph\":[{\"@type\":\"WebPage\",\"@id\":\"https:\/\/kornrasetnarkmun.com\/index.php\/biografie-cembalo-rezital-elektronisch-geschmuckt-2023\/\",\"url\":\"https:\/\/kornrasetnarkmun.com\/index.php\/biografie-cembalo-rezital-elektronisch-geschmuckt-2023\/\",\"name\":\"Biografie - Cembalo-Rezital elektronisch geschm\u00fcckt 2023 - Kornraset Narkmun\",\"isPartOf\":{\"@id\":\"https:\/\/kornrasetnarkmun.com\/#website\"},\"datePublished\":\"2023-04-11T13:15:55+00:00\",\"dateModified\":\"2023-04-23T15:24:01+00:00\",\"breadcrumb\":{\"@id\":\"https:\/\/kornrasetnarkmun.com\/index.php\/biografie-cembalo-rezital-elektronisch-geschmuckt-2023\/#breadcrumb\"},\"inLanguage\":\"en-US\",\"potentialAction\":[{\"@type\":\"ReadAction\",\"target\":[\"https:\/\/kornrasetnarkmun.com\/index.php\/biografie-cembalo-rezital-elektronisch-geschmuckt-2023\/\"]}]},{\"@type\":\"BreadcrumbList\",\"@id\":\"https:\/\/kornrasetnarkmun.com\/index.php\/biografie-cembalo-rezital-elektronisch-geschmuckt-2023\/#breadcrumb\",\"itemListElement\":[{\"@type\":\"ListItem\",\"position\":1,\"name\":\"Home\",\"item\":\"https:\/\/kornrasetnarkmun.com\/\"},{\"@type\":\"ListItem\",\"position\":2,\"name\":\"Biografie &#8211; Cembalo-Rezital elektronisch geschm\u00fcckt 2023\"}]},{\"@type\":\"WebSite\",\"@id\":\"https:\/\/kornrasetnarkmun.com\/#website\",\"url\":\"https:\/\/kornrasetnarkmun.com\/\",\"name\":\"Kornraset Narkmun\",\"description\":\"Jonas Ensemble\",\"publisher\":{\"@id\":\"https:\/\/kornrasetnarkmun.com\/#organization\"},\"potentialAction\":[{\"@type\":\"SearchAction\",\"target\":{\"@type\":\"EntryPoint\",\"urlTemplate\":\"https:\/\/kornrasetnarkmun.com\/?s={search_term_string}\"},\"query-input\":\"required name=search_term_string\"}],\"inLanguage\":\"en-US\"},{\"@type\":\"Organization\",\"@id\":\"https:\/\/kornrasetnarkmun.com\/#organization\",\"name\":\"Ensemble der schmerzhaften Mutter\",\"url\":\"https:\/\/kornrasetnarkmun.com\/\",\"logo\":{\"@type\":\"ImageObject\",\"inLanguage\":\"en-US\",\"@id\":\"https:\/\/kornrasetnarkmun.com\/#\/schema\/logo\/image\/\",\"url\":\"https:\/\/kornrasetnarkmun.com\/wp-content\/uploads\/2022\/02\/Kornraset-Narkmun-1-1024x683.jpg\",\"contentUrl\":\"https:\/\/kornrasetnarkmun.com\/wp-content\/uploads\/2022\/02\/Kornraset-Narkmun-1-1024x683.jpg\",\"width\":1024,\"height\":683,\"caption\":\"Ensemble der schmerzhaften Mutter\"},\"image\":{\"@id\":\"https:\/\/kornrasetnarkmun.com\/#\/schema\/logo\/image\/\"},\"sameAs\":[\"https:\/\/www.facebook.com\/kornraset\/\",\"https:\/\/www.instagram.com\/pian_oman\/\"]}]}<\/script>\n<!-- \/ Yoast SEO plugin. -->","yoast_head_json":{"title":"Biografie - Cembalo-Rezital elektronisch geschm\u00fcckt 2023 - Kornraset Narkmun","robots":{"index":"index","follow":"follow","max-snippet":"max-snippet:-1","max-image-preview":"max-image-preview:large","max-video-preview":"max-video-preview:-1"},"canonical":"https:\/\/kornrasetnarkmun.com\/index.php\/biografie-cembalo-rezital-elektronisch-geschmuckt-2023\/","og_locale":"en_US","og_type":"article","og_title":"Biografie - Cembalo-Rezital elektronisch geschm\u00fcckt 2023 - Kornraset Narkmun","og_description":"Paul Wolff\u00a0(*1990) ist ein Komponist, der im Bereich der elektroakustischen Musik mit konkreten und synthetisch erzeugten Kl\u00e4ngen arbeitet. Er absolvierte den Bachelorstudiengang Musikologie an der Karl-Franzens-Universit\u00e4t Graz, den Masterstudiengang Sound Design an der Fachhochschule Joanneum (mit Auszeichnung), sowie den Bachelor- und Masterstudiengang Computermusik am Institut f\u00fcr Elektronische Musik und Akustik der Kunstuniversit\u00e4t Graz (mit Auszeichnung). [&hellip;]","og_url":"https:\/\/kornrasetnarkmun.com\/index.php\/biografie-cembalo-rezital-elektronisch-geschmuckt-2023\/","og_site_name":"Kornraset Narkmun","article_publisher":"https:\/\/www.facebook.com\/kornraset\/","article_modified_time":"2023-04-23T15:24:01+00:00","twitter_card":"summary_large_image","twitter_misc":{"Est. reading time":"2 minutes"},"schema":{"@context":"https:\/\/schema.org","@graph":[{"@type":"WebPage","@id":"https:\/\/kornrasetnarkmun.com\/index.php\/biografie-cembalo-rezital-elektronisch-geschmuckt-2023\/","url":"https:\/\/kornrasetnarkmun.com\/index.php\/biografie-cembalo-rezital-elektronisch-geschmuckt-2023\/","name":"Biografie - Cembalo-Rezital elektronisch geschm\u00fcckt 2023 - Kornraset Narkmun","isPartOf":{"@id":"https:\/\/kornrasetnarkmun.com\/#website"},"datePublished":"2023-04-11T13:15:55+00:00","dateModified":"2023-04-23T15:24:01+00:00","breadcrumb":{"@id":"https:\/\/kornrasetnarkmun.com\/index.php\/biografie-cembalo-rezital-elektronisch-geschmuckt-2023\/#breadcrumb"},"inLanguage":"en-US","potentialAction":[{"@type":"ReadAction","target":["https:\/\/kornrasetnarkmun.com\/index.php\/biografie-cembalo-rezital-elektronisch-geschmuckt-2023\/"]}]},{"@type":"BreadcrumbList","@id":"https:\/\/kornrasetnarkmun.com\/index.php\/biografie-cembalo-rezital-elektronisch-geschmuckt-2023\/#breadcrumb","itemListElement":[{"@type":"ListItem","position":1,"name":"Home","item":"https:\/\/kornrasetnarkmun.com\/"},{"@type":"ListItem","position":2,"name":"Biografie &#8211; Cembalo-Rezital elektronisch geschm\u00fcckt 2023"}]},{"@type":"WebSite","@id":"https:\/\/kornrasetnarkmun.com\/#website","url":"https:\/\/kornrasetnarkmun.com\/","name":"Kornraset Narkmun","description":"Jonas Ensemble","publisher":{"@id":"https:\/\/kornrasetnarkmun.com\/#organization"},"potentialAction":[{"@type":"SearchAction","target":{"@type":"EntryPoint","urlTemplate":"https:\/\/kornrasetnarkmun.com\/?s={search_term_string}"},"query-input":"required name=search_term_string"}],"inLanguage":"en-US"},{"@type":"Organization","@id":"https:\/\/kornrasetnarkmun.com\/#organization","name":"Ensemble der schmerzhaften Mutter","url":"https:\/\/kornrasetnarkmun.com\/","logo":{"@type":"ImageObject","inLanguage":"en-US","@id":"https:\/\/kornrasetnarkmun.com\/#\/schema\/logo\/image\/","url":"https:\/\/kornrasetnarkmun.com\/wp-content\/uploads\/2022\/02\/Kornraset-Narkmun-1-1024x683.jpg","contentUrl":"https:\/\/kornrasetnarkmun.com\/wp-content\/uploads\/2022\/02\/Kornraset-Narkmun-1-1024x683.jpg","width":1024,"height":683,"caption":"Ensemble der schmerzhaften Mutter"},"image":{"@id":"https:\/\/kornrasetnarkmun.com\/#\/schema\/logo\/image\/"},"sameAs":["https:\/\/www.facebook.com\/kornraset\/","https:\/\/www.instagram.com\/pian_oman\/"]}]}},"_links":{"self":[{"href":"https:\/\/kornrasetnarkmun.com\/index.php\/wp-json\/wp\/v2\/pages\/1053","targetHints":{"allow":["GET"]}}],"collection":[{"href":"https:\/\/kornrasetnarkmun.com\/index.php\/wp-json\/wp\/v2\/pages"}],"about":[{"href":"https:\/\/kornrasetnarkmun.com\/index.php\/wp-json\/wp\/v2\/types\/page"}],"author":[{"embeddable":true,"href":"https:\/\/kornrasetnarkmun.com\/index.php\/wp-json\/wp\/v2\/users\/1"}],"replies":[{"embeddable":true,"href":"https:\/\/kornrasetnarkmun.com\/index.php\/wp-json\/wp\/v2\/comments?post=1053"}],"version-history":[{"count":3,"href":"https:\/\/kornrasetnarkmun.com\/index.php\/wp-json\/wp\/v2\/pages\/1053\/revisions"}],"predecessor-version":[{"id":1064,"href":"https:\/\/kornrasetnarkmun.com\/index.php\/wp-json\/wp\/v2\/pages\/1053\/revisions\/1064"}],"wp:attachment":[{"href":"https:\/\/kornrasetnarkmun.com\/index.php\/wp-json\/wp\/v2\/media?parent=1053"}],"curies":[{"name":"wp","href":"https:\/\/api.w.org\/{rel}","templated":true}]}}