{"id":1231,"date":"2023-11-16T00:08:46","date_gmt":"2023-11-16T00:08:46","guid":{"rendered":"https:\/\/kornrasetnarkmun.com\/?page_id=1231"},"modified":"2023-11-18T20:59:56","modified_gmt":"2023-11-18T20:59:56","slug":"programm-zagitz-2023","status":"publish","type":"page","link":"https:\/\/kornrasetnarkmun.com\/index.php\/programm-zagitz-2023\/","title":{"rendered":"Programm &#8211; Zagitz 2023"},"content":{"rendered":"<div class=\"wp-block-image\">\n<figure class=\"aligncenter size-large\"><img loading=\"lazy\" decoding=\"async\" width=\"1024\" height=\"536\" src=\"https:\/\/kornrasetnarkmun.com\/wp-content\/uploads\/2023\/11\/FB-Eisenstadt-1024x536.png\" alt=\"\" class=\"wp-image-1233\" srcset=\"https:\/\/kornrasetnarkmun.com\/wp-content\/uploads\/2023\/11\/FB-Eisenstadt-1024x536.png 1024w, https:\/\/kornrasetnarkmun.com\/wp-content\/uploads\/2023\/11\/FB-Eisenstadt-300x157.png 300w, https:\/\/kornrasetnarkmun.com\/wp-content\/uploads\/2023\/11\/FB-Eisenstadt-768x402.png 768w, https:\/\/kornrasetnarkmun.com\/wp-content\/uploads\/2023\/11\/FB-Eisenstadt.png 1200w\" sizes=\"auto, (max-width: 1024px) 100vw, 1024px\" \/><\/figure>\n<\/div>\n\n\n<ol class=\"wp-block-list\">\n<li><strong>Gregor Joseph Werner: Ave Regina, A-Ed I 7<\/strong>Ave, du Himmelsk\u00f6nigin, Ave, der Engel Herrscherin, Wurzel, der das Heil entsprossen&#8230;\u201c(Text: GL 666\/2);&nbsp;<em>in der \u00f6sterlichen Bu\u00dfzeit<\/em><\/li>\n\n\n\n<li><strong>Johann Joseph Fux: Lytania de Beata Virgo Maria, A-Ee N0230<\/strong><\/li>\n\n\n\n<li><strong>Johann Nepomuk Fuchs: Ave Regina, A-Ed I 22<\/strong><\/li>\n\n\n\n<li><strong>Gregor Joseph Werner: Ave Regina \u00e1 2, H-Bn Mus III 146<\/strong><\/li>\n\n\n\n<li><strong>Johann Georg Albrechtsberger: Salve Regina f\u00fcr Bass Solo, H-Bn Mus 2565<\/strong>\u201eSei gegr\u00fc\u00dft, o K\u00f6nigin, Mutter der Barmherzigkeit, unser Leben unsre Wonne und unsre Hoffnung sei gegr\u00fc\u00dft..\u201c (Text: GL 666\/4);&nbsp;<em>au\u00dferhalb der gepr\u00e4gten Zeiten des Kirchenjahres<\/em><\/li>\n\n\n\n<li><strong>Gregor Joseph Werner: Sub Tuum Pr\u00e6sidium, H-Bn Mus III 233<\/strong>\u201eUnter deinen Schutz und Schirm fliehen wir, o heilige Gottesmutter..\u201c (Siehe z.B.: Text GL 5\/7)<\/li>\n\n\n\n<li><strong>Gregor Joseph Werner: Pastorella pour le Cembalo, A-Ed E 60<\/strong><\/li>\n\n\n\n<li><strong>Johann Nepomuk Fuchs: Alma Redemptoris Mater, A-Ed H 31<\/strong>\u201eErhabne Mutter des Erl\u00f6sers, du allezeit offene Pforte des Himmels und Stern des Meeres&#8230;\u201c (Text: GL 666\/1);&nbsp;<em>im Weihnachtsfestkreis<\/em><\/li>\n\n\n\n<li><strong>Gregor Joseph Werner: Lytani\u00e6 Brevissima, H-Bn Mus III 85<\/strong><\/li>\n<\/ol>\n\n\n\n<p>10.<strong> Gregor Joseph Werner: Regina C\u00e6li, H-Bn Mus III 191<\/strong><\/p>\n\n\n\n<p>\u201eO Himmelsk\u00f6nigin, frohlocke, Halleluja, denn er den du zu tragen w\u00fcrdig warst, Halleluja, ist erstanden, wie er sagte. Halleluja ..\u201c (Text: GL 666\/3);&nbsp;<em>in der Osterzeit<\/em><\/p>\n\n\n\n<p>11.<strong> Karl Zagitz: Tantum Ergo, A-Ee N1231<\/strong><\/p>\n\n\n\n<p>\u201eSakrament der Liebe Gottes: Leib des Herrn, sei hoch verehrt..\u201c (Text: z.B.L GL 495\/496)<\/p>\n\n\n<div class=\"wp-block-image\">\n<figure class=\"aligncenter size-large\"><img loading=\"lazy\" decoding=\"async\" width=\"724\" height=\"1024\" src=\"https:\/\/kornrasetnarkmun.com\/wp-content\/uploads\/2023\/11\/bittschrift-724x1024.png\" alt=\"\" class=\"wp-image-1232\" srcset=\"https:\/\/kornrasetnarkmun.com\/wp-content\/uploads\/2023\/11\/bittschrift-724x1024.png 724w, https:\/\/kornrasetnarkmun.com\/wp-content\/uploads\/2023\/11\/bittschrift-212x300.png 212w, https:\/\/kornrasetnarkmun.com\/wp-content\/uploads\/2023\/11\/bittschrift-768x1086.png 768w, https:\/\/kornrasetnarkmun.com\/wp-content\/uploads\/2023\/11\/bittschrift-1086x1536.png 1086w, https:\/\/kornrasetnarkmun.com\/wp-content\/uploads\/2023\/11\/bittschrift-1448x2048.png 1448w, https:\/\/kornrasetnarkmun.com\/wp-content\/uploads\/2023\/11\/bittschrift-1568x2218.png 1568w\" sizes=\"auto, (max-width: 724px) 100vw, 724px\" \/><\/figure>\n<\/div>","protected":false},"excerpt":{"rendered":"<p>10. Gregor Joseph Werner: Regina C\u00e6li, H-Bn Mus III 191 \u201eO Himmelsk\u00f6nigin, frohlocke, Halleluja, denn er den du zu tragen w\u00fcrdig warst, Halleluja, ist erstanden, wie er sagte. Halleluja ..\u201c (Text: GL 666\/3);&nbsp;in der Osterzeit 11. Karl Zagitz: Tantum Ergo, A-Ee N1231 \u201eSakrament der Liebe Gottes: Leib des Herrn, sei hoch verehrt..\u201c (Text: z.B.L GL [&hellip;]<\/p>\n","protected":false},"author":1,"featured_media":0,"parent":0,"menu_order":0,"comment_status":"closed","ping_status":"closed","template":"","meta":{"_monsterinsights_skip_tracking":false,"_monsterinsights_sitenote_active":false,"_monsterinsights_sitenote_note":"","_monsterinsights_sitenote_category":0,"footnotes":""},"class_list":["post-1231","page","type-page","status-publish","hentry","entry"],"aioseo_notices":[],"yoast_head":"<!-- This site is optimized with the Yoast SEO plugin v22.6 - https:\/\/yoast.com\/wordpress\/plugins\/seo\/ -->\n<title>Programm - Zagitz 2023 - Kornraset Narkmun<\/title>\n<meta name=\"robots\" content=\"index, follow, max-snippet:-1, max-image-preview:large, max-video-preview:-1\" \/>\n<link rel=\"canonical\" href=\"https:\/\/kornrasetnarkmun.com\/index.php\/programm-zagitz-2023\/\" \/>\n<meta property=\"og:locale\" content=\"en_US\" \/>\n<meta property=\"og:type\" content=\"article\" \/>\n<meta property=\"og:title\" content=\"Programm - Zagitz 2023 - Kornraset Narkmun\" \/>\n<meta property=\"og:description\" content=\"10. Gregor Joseph Werner: Regina C\u00e6li, H-Bn Mus III 191 \u201eO Himmelsk\u00f6nigin, frohlocke, Halleluja, denn er den du zu tragen w\u00fcrdig warst, Halleluja, ist erstanden, wie er sagte. Halleluja ..\u201c (Text: GL 666\/3);&nbsp;in der Osterzeit 11. Karl Zagitz: Tantum Ergo, A-Ee N1231 \u201eSakrament der Liebe Gottes: Leib des Herrn, sei hoch verehrt..\u201c (Text: z.B.L GL [&hellip;]\" \/>\n<meta property=\"og:url\" content=\"https:\/\/kornrasetnarkmun.com\/index.php\/programm-zagitz-2023\/\" \/>\n<meta property=\"og:site_name\" content=\"Kornraset Narkmun\" \/>\n<meta property=\"article:publisher\" content=\"https:\/\/www.facebook.com\/kornraset\/\" \/>\n<meta property=\"article:modified_time\" content=\"2023-11-18T20:59:56+00:00\" \/>\n<meta property=\"og:image\" content=\"https:\/\/kornrasetnarkmun.com\/wp-content\/uploads\/2023\/11\/FB-Eisenstadt-1024x536.png\" \/>\n<meta name=\"twitter:card\" content=\"summary_large_image\" \/>\n<meta name=\"twitter:label1\" content=\"Est. reading time\" \/>\n\t<meta name=\"twitter:data1\" content=\"1 minute\" \/>\n<script type=\"application\/ld+json\" class=\"yoast-schema-graph\">{\"@context\":\"https:\/\/schema.org\",\"@graph\":[{\"@type\":\"WebPage\",\"@id\":\"https:\/\/kornrasetnarkmun.com\/index.php\/programm-zagitz-2023\/\",\"url\":\"https:\/\/kornrasetnarkmun.com\/index.php\/programm-zagitz-2023\/\",\"name\":\"Programm - Zagitz 2023 - Kornraset Narkmun\",\"isPartOf\":{\"@id\":\"https:\/\/kornrasetnarkmun.com\/#website\"},\"primaryImageOfPage\":{\"@id\":\"https:\/\/kornrasetnarkmun.com\/index.php\/programm-zagitz-2023\/#primaryimage\"},\"image\":{\"@id\":\"https:\/\/kornrasetnarkmun.com\/index.php\/programm-zagitz-2023\/#primaryimage\"},\"thumbnailUrl\":\"https:\/\/kornrasetnarkmun.com\/wp-content\/uploads\/2023\/11\/FB-Eisenstadt-1024x536.png\",\"datePublished\":\"2023-11-16T00:08:46+00:00\",\"dateModified\":\"2023-11-18T20:59:56+00:00\",\"breadcrumb\":{\"@id\":\"https:\/\/kornrasetnarkmun.com\/index.php\/programm-zagitz-2023\/#breadcrumb\"},\"inLanguage\":\"en-US\",\"potentialAction\":[{\"@type\":\"ReadAction\",\"target\":[\"https:\/\/kornrasetnarkmun.com\/index.php\/programm-zagitz-2023\/\"]}]},{\"@type\":\"ImageObject\",\"inLanguage\":\"en-US\",\"@id\":\"https:\/\/kornrasetnarkmun.com\/index.php\/programm-zagitz-2023\/#primaryimage\",\"url\":\"https:\/\/kornrasetnarkmun.com\/wp-content\/uploads\/2023\/11\/FB-Eisenstadt.png\",\"contentUrl\":\"https:\/\/kornrasetnarkmun.com\/wp-content\/uploads\/2023\/11\/FB-Eisenstadt.png\",\"width\":1200,\"height\":628},{\"@type\":\"BreadcrumbList\",\"@id\":\"https:\/\/kornrasetnarkmun.com\/index.php\/programm-zagitz-2023\/#breadcrumb\",\"itemListElement\":[{\"@type\":\"ListItem\",\"position\":1,\"name\":\"Home\",\"item\":\"https:\/\/kornrasetnarkmun.com\/\"},{\"@type\":\"ListItem\",\"position\":2,\"name\":\"Programm &#8211; Zagitz 2023\"}]},{\"@type\":\"WebSite\",\"@id\":\"https:\/\/kornrasetnarkmun.com\/#website\",\"url\":\"https:\/\/kornrasetnarkmun.com\/\",\"name\":\"Kornraset Narkmun\",\"description\":\"Jonas Ensemble\",\"publisher\":{\"@id\":\"https:\/\/kornrasetnarkmun.com\/#organization\"},\"potentialAction\":[{\"@type\":\"SearchAction\",\"target\":{\"@type\":\"EntryPoint\",\"urlTemplate\":\"https:\/\/kornrasetnarkmun.com\/?s={search_term_string}\"},\"query-input\":\"required name=search_term_string\"}],\"inLanguage\":\"en-US\"},{\"@type\":\"Organization\",\"@id\":\"https:\/\/kornrasetnarkmun.com\/#organization\",\"name\":\"Ensemble der schmerzhaften Mutter\",\"url\":\"https:\/\/kornrasetnarkmun.com\/\",\"logo\":{\"@type\":\"ImageObject\",\"inLanguage\":\"en-US\",\"@id\":\"https:\/\/kornrasetnarkmun.com\/#\/schema\/logo\/image\/\",\"url\":\"https:\/\/kornrasetnarkmun.com\/wp-content\/uploads\/2022\/02\/Kornraset-Narkmun-1-1024x683.jpg\",\"contentUrl\":\"https:\/\/kornrasetnarkmun.com\/wp-content\/uploads\/2022\/02\/Kornraset-Narkmun-1-1024x683.jpg\",\"width\":1024,\"height\":683,\"caption\":\"Ensemble der schmerzhaften Mutter\"},\"image\":{\"@id\":\"https:\/\/kornrasetnarkmun.com\/#\/schema\/logo\/image\/\"},\"sameAs\":[\"https:\/\/www.facebook.com\/kornraset\/\",\"https:\/\/www.instagram.com\/pian_oman\/\"]}]}<\/script>\n<!-- \/ Yoast SEO plugin. -->","yoast_head_json":{"title":"Programm - Zagitz 2023 - Kornraset Narkmun","robots":{"index":"index","follow":"follow","max-snippet":"max-snippet:-1","max-image-preview":"max-image-preview:large","max-video-preview":"max-video-preview:-1"},"canonical":"https:\/\/kornrasetnarkmun.com\/index.php\/programm-zagitz-2023\/","og_locale":"en_US","og_type":"article","og_title":"Programm - Zagitz 2023 - Kornraset Narkmun","og_description":"10. Gregor Joseph Werner: Regina C\u00e6li, H-Bn Mus III 191 \u201eO Himmelsk\u00f6nigin, frohlocke, Halleluja, denn er den du zu tragen w\u00fcrdig warst, Halleluja, ist erstanden, wie er sagte. Halleluja ..\u201c (Text: GL 666\/3);&nbsp;in der Osterzeit 11. Karl Zagitz: Tantum Ergo, A-Ee N1231 \u201eSakrament der Liebe Gottes: Leib des Herrn, sei hoch verehrt..\u201c (Text: z.B.L GL [&hellip;]","og_url":"https:\/\/kornrasetnarkmun.com\/index.php\/programm-zagitz-2023\/","og_site_name":"Kornraset Narkmun","article_publisher":"https:\/\/www.facebook.com\/kornraset\/","article_modified_time":"2023-11-18T20:59:56+00:00","og_image":[{"url":"https:\/\/kornrasetnarkmun.com\/wp-content\/uploads\/2023\/11\/FB-Eisenstadt-1024x536.png"}],"twitter_card":"summary_large_image","twitter_misc":{"Est. reading time":"1 minute"},"schema":{"@context":"https:\/\/schema.org","@graph":[{"@type":"WebPage","@id":"https:\/\/kornrasetnarkmun.com\/index.php\/programm-zagitz-2023\/","url":"https:\/\/kornrasetnarkmun.com\/index.php\/programm-zagitz-2023\/","name":"Programm - Zagitz 2023 - Kornraset Narkmun","isPartOf":{"@id":"https:\/\/kornrasetnarkmun.com\/#website"},"primaryImageOfPage":{"@id":"https:\/\/kornrasetnarkmun.com\/index.php\/programm-zagitz-2023\/#primaryimage"},"image":{"@id":"https:\/\/kornrasetnarkmun.com\/index.php\/programm-zagitz-2023\/#primaryimage"},"thumbnailUrl":"https:\/\/kornrasetnarkmun.com\/wp-content\/uploads\/2023\/11\/FB-Eisenstadt-1024x536.png","datePublished":"2023-11-16T00:08:46+00:00","dateModified":"2023-11-18T20:59:56+00:00","breadcrumb":{"@id":"https:\/\/kornrasetnarkmun.com\/index.php\/programm-zagitz-2023\/#breadcrumb"},"inLanguage":"en-US","potentialAction":[{"@type":"ReadAction","target":["https:\/\/kornrasetnarkmun.com\/index.php\/programm-zagitz-2023\/"]}]},{"@type":"ImageObject","inLanguage":"en-US","@id":"https:\/\/kornrasetnarkmun.com\/index.php\/programm-zagitz-2023\/#primaryimage","url":"https:\/\/kornrasetnarkmun.com\/wp-content\/uploads\/2023\/11\/FB-Eisenstadt.png","contentUrl":"https:\/\/kornrasetnarkmun.com\/wp-content\/uploads\/2023\/11\/FB-Eisenstadt.png","width":1200,"height":628},{"@type":"BreadcrumbList","@id":"https:\/\/kornrasetnarkmun.com\/index.php\/programm-zagitz-2023\/#breadcrumb","itemListElement":[{"@type":"ListItem","position":1,"name":"Home","item":"https:\/\/kornrasetnarkmun.com\/"},{"@type":"ListItem","position":2,"name":"Programm &#8211; Zagitz 2023"}]},{"@type":"WebSite","@id":"https:\/\/kornrasetnarkmun.com\/#website","url":"https:\/\/kornrasetnarkmun.com\/","name":"Kornraset Narkmun","description":"Jonas Ensemble","publisher":{"@id":"https:\/\/kornrasetnarkmun.com\/#organization"},"potentialAction":[{"@type":"SearchAction","target":{"@type":"EntryPoint","urlTemplate":"https:\/\/kornrasetnarkmun.com\/?s={search_term_string}"},"query-input":"required name=search_term_string"}],"inLanguage":"en-US"},{"@type":"Organization","@id":"https:\/\/kornrasetnarkmun.com\/#organization","name":"Ensemble der schmerzhaften Mutter","url":"https:\/\/kornrasetnarkmun.com\/","logo":{"@type":"ImageObject","inLanguage":"en-US","@id":"https:\/\/kornrasetnarkmun.com\/#\/schema\/logo\/image\/","url":"https:\/\/kornrasetnarkmun.com\/wp-content\/uploads\/2022\/02\/Kornraset-Narkmun-1-1024x683.jpg","contentUrl":"https:\/\/kornrasetnarkmun.com\/wp-content\/uploads\/2022\/02\/Kornraset-Narkmun-1-1024x683.jpg","width":1024,"height":683,"caption":"Ensemble der schmerzhaften Mutter"},"image":{"@id":"https:\/\/kornrasetnarkmun.com\/#\/schema\/logo\/image\/"},"sameAs":["https:\/\/www.facebook.com\/kornraset\/","https:\/\/www.instagram.com\/pian_oman\/"]}]}},"_links":{"self":[{"href":"https:\/\/kornrasetnarkmun.com\/index.php\/wp-json\/wp\/v2\/pages\/1231","targetHints":{"allow":["GET"]}}],"collection":[{"href":"https:\/\/kornrasetnarkmun.com\/index.php\/wp-json\/wp\/v2\/pages"}],"about":[{"href":"https:\/\/kornrasetnarkmun.com\/index.php\/wp-json\/wp\/v2\/types\/page"}],"author":[{"embeddable":true,"href":"https:\/\/kornrasetnarkmun.com\/index.php\/wp-json\/wp\/v2\/users\/1"}],"replies":[{"embeddable":true,"href":"https:\/\/kornrasetnarkmun.com\/index.php\/wp-json\/wp\/v2\/comments?post=1231"}],"version-history":[{"count":3,"href":"https:\/\/kornrasetnarkmun.com\/index.php\/wp-json\/wp\/v2\/pages\/1231\/revisions"}],"predecessor-version":[{"id":1246,"href":"https:\/\/kornrasetnarkmun.com\/index.php\/wp-json\/wp\/v2\/pages\/1231\/revisions\/1246"}],"wp:attachment":[{"href":"https:\/\/kornrasetnarkmun.com\/index.php\/wp-json\/wp\/v2\/media?parent=1231"}],"curies":[{"name":"wp","href":"https:\/\/api.w.org\/{rel}","templated":true}]}}