{"id":1277,"date":"2024-01-14T10:37:57","date_gmt":"2024-01-14T10:37:57","guid":{"rendered":"https:\/\/kornrasetnarkmun.com\/?page_id=1277"},"modified":"2024-01-15T15:17:57","modified_gmt":"2024-01-15T15:17:57","slug":"cembalo-rezital-2024","status":"publish","type":"page","link":"https:\/\/kornrasetnarkmun.com\/index.php\/cembalo-rezital-2024\/","title":{"rendered":"Cembalo-Rezital 2024"},"content":{"rendered":"\n<p class=\"has-text-align-center\"><em>\u00d6sterreichische Barockmusik: Adaptionen und Originalit\u00e4t<\/em><\/p>\n\n\n\n<p class=\"has-text-align-center\">Dienstag, 16. J\u00e4nner 2024, 16:00 Uhr<\/p>\n\n\n\n<p class=\"has-text-align-center\">Florentinersaal der Universit\u00e4t f\u00fcr Musik und darstellende Kunst Graz, Leonhardsstra\u00dfe 15, 8010 Graz<\/p>\n\n\n\n<p><strong>Johann Georg Albrechtsberger (1736 &#8211; 1809) \/ Narkmun<\/strong><\/p>\n\n\n\n<p>Fantesia \u00fcber die Ouvert\u00fcre aus dem Oratorium \u201ePilgrime auf Golgatha\u201c (1781) nach eigener Bearbeitung f\u00fcr Cembalo<\/p>\n\n\n\n<p class=\"has-text-align-right\">H-Bn Ms.Mus 2565<\/p>\n\n\n\n<p><strong>Gregor Joseph Werner (1693 &#8211; 1766) \/ Narkmun<\/strong><\/p>\n\n\n\n<p>Fantasia \u00fcber eine Arie \u201eO Gott der durch unerglichne St\u00e4rke\u201c aus dem Oratorium \u201eDebora\u201c (1760) f\u00fcr Cembalo<\/p>\n\n\n\n<p class=\"has-text-align-right\">H-Bn Ms.Mus III. 12<\/p>\n\n\n\n<p><strong>Gottlieb Theophile Muffat (1690 &#8211; 1770)<\/strong><\/p>\n\n\n\n<p>Capricci und Fuge \u00fcber Feierliches Osterhalleluja aus Cymbalum iubilationis von Pantaleon Ro\u0161kovsk\u00fd<\/p>\n\n\n\n<p class=\"has-small-font-size\">Caprice d-Moll<\/p>\n\n\n\n<p class=\"has-small-font-size\">Canzona F-Dur<\/p>\n\n\n\n<p class=\"has-small-font-size\">Caprice g-Moll<\/p>\n\n\n\n<p class=\"has-small-font-size\">Canzona g-Moll<\/p>\n\n\n\n<p class=\"has-small-font-size\">Canzona F-Dur<\/p>\n\n\n\n<p class=\"has-small-font-size\">Fuga F-dur<\/p>\n\n\n\n<p class=\"has-text-align-right\">H-Bn Ms.Mus 753<\/p>\n\n\n\n<p><strong>Clemens Wohanka (1737 &#8211; 1801)<\/strong><\/p>\n\n\n\n<p>Thema ex D.&nbsp;[Gregorius Joseph] Werner excerptum deductum vero inflar Praembuli a P. Clemente. [Sacri et exempti ordinis Cisterz. Professo Zyrcii (Zirc)]<\/p>\n\n\n\n<p class=\"has-text-align-right\">H-Bn Ms.Mus IV. 736<\/p>\n\n\n\n<figure class=\"wp-block-image size-large\"><img loading=\"lazy\" decoding=\"async\" width=\"1024\" height=\"576\" src=\"https:\/\/kornrasetnarkmun.com\/wp-content\/uploads\/2024\/01\/Untitled-1-1024x576.jpg\" alt=\"\" class=\"wp-image-1290\" srcset=\"https:\/\/kornrasetnarkmun.com\/wp-content\/uploads\/2024\/01\/Untitled-1-1024x576.jpg 1024w, https:\/\/kornrasetnarkmun.com\/wp-content\/uploads\/2024\/01\/Untitled-1-300x169.jpg 300w, https:\/\/kornrasetnarkmun.com\/wp-content\/uploads\/2024\/01\/Untitled-1-768x432.jpg 768w, https:\/\/kornrasetnarkmun.com\/wp-content\/uploads\/2024\/01\/Untitled-1-1536x864.jpg 1536w, https:\/\/kornrasetnarkmun.com\/wp-content\/uploads\/2024\/01\/Untitled-1-2048x1152.jpg 2048w, https:\/\/kornrasetnarkmun.com\/wp-content\/uploads\/2024\/01\/Untitled-1-1568x882.jpg 1568w\" sizes=\"auto, (max-width: 1024px) 100vw, 1024px\" \/><\/figure>\n\n\n\n<p class=\"has-small-font-size\">\u201eFuchs, das hast du ganz gestohlen.\u201c W\u00e4re Johann Nepomuk Fuchs der Plagiatspr\u00fcfung unterzogen worden, h\u00e4tte er dennoch Joseph Haydns \u201eApplausus\u201c am Cembalo nach der Auff\u00fchrungsanweisung seines Vorgesetzters&nbsp; nicht gespielt. Tats\u00e4chlich war es aber Franz Nikolaus Novotny, der diese Rolle \u00fcbernahm, bevor er fr\u00fchzeitig verstarb.<\/p>\n\n\n\n<p class=\"has-small-font-size\">Hat Gregor Joseph Werner bei Johann Joseph Fux studiert, oder doch anderswo, m\u00f6glicherweise in Breslau oder im Stift Melk? Werner wurde jedenfalls in Ybbs an der Donau in Nieder\u00f6sterreich geboren.<\/p>\n\n\n\n<p class=\"has-small-font-size\">W\u00e4hrend Fran\u00e7ois Couperin in seinem Vorwort zum Troisi\u00e8me Livre seine Missbilligung \u00e4u\u00dferte, wenn jemand seine Musik mit eigenen Verzierungen spielte, bearbeitete Gottlieb Theophil Muffat H\u00e4ndels gro\u00dfe Suiten und Fugen mit eigenen Verzierungen. Die Abschrift von Muffat &#8211; die Cembalowerke seines Lehrers Johann Joseph Fux war \u201emit Sicherheit\u201c originalgetreu, oder?<\/p>\n\n\n\n<p class=\"has-small-font-size\">Die Orgelpartitur der B-Dur Messe, Hob. XXII:7 von Haydn, umgeschrieben von Karl Kraus, dem Regens Chori, und Zagitz, ist nicht vergleichbar mit der autographischen Fassung von Haydns Werken in der \u00f6sterreichischen Nationalbibliothek. Albrechtsberger schrieb die Stimmf\u00fchrung des Wohltemperierten Klaviers von Bach um, aber die Werke in Roskovskys Sammlung waren \u201eganz sicher\u201c originale Kompositionen von Gottlieb Muffat, oder? Jedenfalls stehen die Musikst\u00fccke von Fux aus Roskovskys Sammlung in der revidierten Gesamtausgabe.<\/p>\n\n\n\n<p class=\"has-small-font-size\">Dieses Konzert versucht, nicht nur den Originalklang der <strong>\u00f6sterreichischen Barockmusik<\/strong> wiederzubeleben, sondern auch die musikalische Praxis des 18. und 19. Jahrhunderts aus einem neuen Blickwinkel hinsichtlich der Originalit\u00e4t zu betrachten.<\/p>\n\n\n\n<p class=\"has-small-font-size\">Aber die Werke von Wohanka wird niemand zuletzt anzweifeln; sie sind sicherlich nicht gestohlen.<\/p>\n","protected":false},"excerpt":{"rendered":"<p>\u00d6sterreichische Barockmusik: Adaptionen und Originalit\u00e4t Dienstag, 16. J\u00e4nner 2024, 16:00 Uhr Florentinersaal der Universit\u00e4t f\u00fcr Musik und darstellende Kunst Graz, Leonhardsstra\u00dfe 15, 8010 Graz Johann Georg Albrechtsberger (1736 &#8211; 1809) \/ Narkmun Fantesia \u00fcber die Ouvert\u00fcre aus dem Oratorium \u201ePilgrime auf Golgatha\u201c (1781) nach eigener Bearbeitung f\u00fcr Cembalo H-Bn Ms.Mus 2565 Gregor Joseph Werner (1693 [&hellip;]<\/p>\n","protected":false},"author":1,"featured_media":0,"parent":0,"menu_order":0,"comment_status":"closed","ping_status":"closed","template":"","meta":{"_monsterinsights_skip_tracking":false,"_monsterinsights_sitenote_active":false,"_monsterinsights_sitenote_note":"","_monsterinsights_sitenote_category":0,"footnotes":""},"class_list":["post-1277","page","type-page","status-publish","hentry","entry"],"aioseo_notices":[],"yoast_head":"<!-- This site is optimized with the Yoast SEO plugin v22.6 - https:\/\/yoast.com\/wordpress\/plugins\/seo\/ -->\n<title>Cembalo-Rezital 2024 - Kornraset Narkmun<\/title>\n<meta name=\"robots\" content=\"index, follow, max-snippet:-1, max-image-preview:large, max-video-preview:-1\" \/>\n<link rel=\"canonical\" href=\"https:\/\/kornrasetnarkmun.com\/index.php\/cembalo-rezital-2024\/\" \/>\n<meta property=\"og:locale\" content=\"en_US\" \/>\n<meta property=\"og:type\" content=\"article\" \/>\n<meta property=\"og:title\" content=\"Cembalo-Rezital 2024 - Kornraset Narkmun\" \/>\n<meta property=\"og:description\" content=\"\u00d6sterreichische Barockmusik: Adaptionen und Originalit\u00e4t Dienstag, 16. J\u00e4nner 2024, 16:00 Uhr Florentinersaal der Universit\u00e4t f\u00fcr Musik und darstellende Kunst Graz, Leonhardsstra\u00dfe 15, 8010 Graz Johann Georg Albrechtsberger (1736 &#8211; 1809) \/ Narkmun Fantesia \u00fcber die Ouvert\u00fcre aus dem Oratorium \u201ePilgrime auf Golgatha\u201c (1781) nach eigener Bearbeitung f\u00fcr Cembalo H-Bn Ms.Mus 2565 Gregor Joseph Werner (1693 [&hellip;]\" \/>\n<meta property=\"og:url\" content=\"https:\/\/kornrasetnarkmun.com\/index.php\/cembalo-rezital-2024\/\" \/>\n<meta property=\"og:site_name\" content=\"Kornraset Narkmun\" \/>\n<meta property=\"article:publisher\" content=\"https:\/\/www.facebook.com\/kornraset\/\" \/>\n<meta property=\"article:modified_time\" content=\"2024-01-15T15:17:57+00:00\" \/>\n<meta property=\"og:image\" content=\"https:\/\/kornrasetnarkmun.com\/wp-content\/uploads\/2024\/01\/Untitled-1-1024x576.jpg\" \/>\n<meta name=\"twitter:card\" content=\"summary_large_image\" \/>\n<meta name=\"twitter:label1\" content=\"Est. reading time\" \/>\n\t<meta name=\"twitter:data1\" content=\"2 minutes\" \/>\n<script type=\"application\/ld+json\" class=\"yoast-schema-graph\">{\"@context\":\"https:\/\/schema.org\",\"@graph\":[{\"@type\":\"WebPage\",\"@id\":\"https:\/\/kornrasetnarkmun.com\/index.php\/cembalo-rezital-2024\/\",\"url\":\"https:\/\/kornrasetnarkmun.com\/index.php\/cembalo-rezital-2024\/\",\"name\":\"Cembalo-Rezital 2024 - Kornraset Narkmun\",\"isPartOf\":{\"@id\":\"https:\/\/kornrasetnarkmun.com\/#website\"},\"primaryImageOfPage\":{\"@id\":\"https:\/\/kornrasetnarkmun.com\/index.php\/cembalo-rezital-2024\/#primaryimage\"},\"image\":{\"@id\":\"https:\/\/kornrasetnarkmun.com\/index.php\/cembalo-rezital-2024\/#primaryimage\"},\"thumbnailUrl\":\"https:\/\/kornrasetnarkmun.com\/wp-content\/uploads\/2024\/01\/Untitled-1-1024x576.jpg\",\"datePublished\":\"2024-01-14T10:37:57+00:00\",\"dateModified\":\"2024-01-15T15:17:57+00:00\",\"breadcrumb\":{\"@id\":\"https:\/\/kornrasetnarkmun.com\/index.php\/cembalo-rezital-2024\/#breadcrumb\"},\"inLanguage\":\"en-US\",\"potentialAction\":[{\"@type\":\"ReadAction\",\"target\":[\"https:\/\/kornrasetnarkmun.com\/index.php\/cembalo-rezital-2024\/\"]}]},{\"@type\":\"ImageObject\",\"inLanguage\":\"en-US\",\"@id\":\"https:\/\/kornrasetnarkmun.com\/index.php\/cembalo-rezital-2024\/#primaryimage\",\"url\":\"https:\/\/kornrasetnarkmun.com\/wp-content\/uploads\/2024\/01\/Untitled-1-scaled.jpg\",\"contentUrl\":\"https:\/\/kornrasetnarkmun.com\/wp-content\/uploads\/2024\/01\/Untitled-1-scaled.jpg\",\"width\":2560,\"height\":1440},{\"@type\":\"BreadcrumbList\",\"@id\":\"https:\/\/kornrasetnarkmun.com\/index.php\/cembalo-rezital-2024\/#breadcrumb\",\"itemListElement\":[{\"@type\":\"ListItem\",\"position\":1,\"name\":\"Home\",\"item\":\"https:\/\/kornrasetnarkmun.com\/\"},{\"@type\":\"ListItem\",\"position\":2,\"name\":\"Cembalo-Rezital 2024\"}]},{\"@type\":\"WebSite\",\"@id\":\"https:\/\/kornrasetnarkmun.com\/#website\",\"url\":\"https:\/\/kornrasetnarkmun.com\/\",\"name\":\"Kornraset Narkmun\",\"description\":\"Jonas Ensemble\",\"publisher\":{\"@id\":\"https:\/\/kornrasetnarkmun.com\/#organization\"},\"potentialAction\":[{\"@type\":\"SearchAction\",\"target\":{\"@type\":\"EntryPoint\",\"urlTemplate\":\"https:\/\/kornrasetnarkmun.com\/?s={search_term_string}\"},\"query-input\":\"required name=search_term_string\"}],\"inLanguage\":\"en-US\"},{\"@type\":\"Organization\",\"@id\":\"https:\/\/kornrasetnarkmun.com\/#organization\",\"name\":\"Ensemble der schmerzhaften Mutter\",\"url\":\"https:\/\/kornrasetnarkmun.com\/\",\"logo\":{\"@type\":\"ImageObject\",\"inLanguage\":\"en-US\",\"@id\":\"https:\/\/kornrasetnarkmun.com\/#\/schema\/logo\/image\/\",\"url\":\"https:\/\/kornrasetnarkmun.com\/wp-content\/uploads\/2022\/02\/Kornraset-Narkmun-1-1024x683.jpg\",\"contentUrl\":\"https:\/\/kornrasetnarkmun.com\/wp-content\/uploads\/2022\/02\/Kornraset-Narkmun-1-1024x683.jpg\",\"width\":1024,\"height\":683,\"caption\":\"Ensemble der schmerzhaften Mutter\"},\"image\":{\"@id\":\"https:\/\/kornrasetnarkmun.com\/#\/schema\/logo\/image\/\"},\"sameAs\":[\"https:\/\/www.facebook.com\/kornraset\/\",\"https:\/\/www.instagram.com\/pian_oman\/\"]}]}<\/script>\n<!-- \/ Yoast SEO plugin. -->","yoast_head_json":{"title":"Cembalo-Rezital 2024 - Kornraset Narkmun","robots":{"index":"index","follow":"follow","max-snippet":"max-snippet:-1","max-image-preview":"max-image-preview:large","max-video-preview":"max-video-preview:-1"},"canonical":"https:\/\/kornrasetnarkmun.com\/index.php\/cembalo-rezital-2024\/","og_locale":"en_US","og_type":"article","og_title":"Cembalo-Rezital 2024 - Kornraset Narkmun","og_description":"\u00d6sterreichische Barockmusik: Adaptionen und Originalit\u00e4t Dienstag, 16. J\u00e4nner 2024, 16:00 Uhr Florentinersaal der Universit\u00e4t f\u00fcr Musik und darstellende Kunst Graz, Leonhardsstra\u00dfe 15, 8010 Graz Johann Georg Albrechtsberger (1736 &#8211; 1809) \/ Narkmun Fantesia \u00fcber die Ouvert\u00fcre aus dem Oratorium \u201ePilgrime auf Golgatha\u201c (1781) nach eigener Bearbeitung f\u00fcr Cembalo H-Bn Ms.Mus 2565 Gregor Joseph Werner (1693 [&hellip;]","og_url":"https:\/\/kornrasetnarkmun.com\/index.php\/cembalo-rezital-2024\/","og_site_name":"Kornraset Narkmun","article_publisher":"https:\/\/www.facebook.com\/kornraset\/","article_modified_time":"2024-01-15T15:17:57+00:00","og_image":[{"url":"https:\/\/kornrasetnarkmun.com\/wp-content\/uploads\/2024\/01\/Untitled-1-1024x576.jpg"}],"twitter_card":"summary_large_image","twitter_misc":{"Est. reading time":"2 minutes"},"schema":{"@context":"https:\/\/schema.org","@graph":[{"@type":"WebPage","@id":"https:\/\/kornrasetnarkmun.com\/index.php\/cembalo-rezital-2024\/","url":"https:\/\/kornrasetnarkmun.com\/index.php\/cembalo-rezital-2024\/","name":"Cembalo-Rezital 2024 - Kornraset Narkmun","isPartOf":{"@id":"https:\/\/kornrasetnarkmun.com\/#website"},"primaryImageOfPage":{"@id":"https:\/\/kornrasetnarkmun.com\/index.php\/cembalo-rezital-2024\/#primaryimage"},"image":{"@id":"https:\/\/kornrasetnarkmun.com\/index.php\/cembalo-rezital-2024\/#primaryimage"},"thumbnailUrl":"https:\/\/kornrasetnarkmun.com\/wp-content\/uploads\/2024\/01\/Untitled-1-1024x576.jpg","datePublished":"2024-01-14T10:37:57+00:00","dateModified":"2024-01-15T15:17:57+00:00","breadcrumb":{"@id":"https:\/\/kornrasetnarkmun.com\/index.php\/cembalo-rezital-2024\/#breadcrumb"},"inLanguage":"en-US","potentialAction":[{"@type":"ReadAction","target":["https:\/\/kornrasetnarkmun.com\/index.php\/cembalo-rezital-2024\/"]}]},{"@type":"ImageObject","inLanguage":"en-US","@id":"https:\/\/kornrasetnarkmun.com\/index.php\/cembalo-rezital-2024\/#primaryimage","url":"https:\/\/kornrasetnarkmun.com\/wp-content\/uploads\/2024\/01\/Untitled-1-scaled.jpg","contentUrl":"https:\/\/kornrasetnarkmun.com\/wp-content\/uploads\/2024\/01\/Untitled-1-scaled.jpg","width":2560,"height":1440},{"@type":"BreadcrumbList","@id":"https:\/\/kornrasetnarkmun.com\/index.php\/cembalo-rezital-2024\/#breadcrumb","itemListElement":[{"@type":"ListItem","position":1,"name":"Home","item":"https:\/\/kornrasetnarkmun.com\/"},{"@type":"ListItem","position":2,"name":"Cembalo-Rezital 2024"}]},{"@type":"WebSite","@id":"https:\/\/kornrasetnarkmun.com\/#website","url":"https:\/\/kornrasetnarkmun.com\/","name":"Kornraset Narkmun","description":"Jonas Ensemble","publisher":{"@id":"https:\/\/kornrasetnarkmun.com\/#organization"},"potentialAction":[{"@type":"SearchAction","target":{"@type":"EntryPoint","urlTemplate":"https:\/\/kornrasetnarkmun.com\/?s={search_term_string}"},"query-input":"required name=search_term_string"}],"inLanguage":"en-US"},{"@type":"Organization","@id":"https:\/\/kornrasetnarkmun.com\/#organization","name":"Ensemble der schmerzhaften Mutter","url":"https:\/\/kornrasetnarkmun.com\/","logo":{"@type":"ImageObject","inLanguage":"en-US","@id":"https:\/\/kornrasetnarkmun.com\/#\/schema\/logo\/image\/","url":"https:\/\/kornrasetnarkmun.com\/wp-content\/uploads\/2022\/02\/Kornraset-Narkmun-1-1024x683.jpg","contentUrl":"https:\/\/kornrasetnarkmun.com\/wp-content\/uploads\/2022\/02\/Kornraset-Narkmun-1-1024x683.jpg","width":1024,"height":683,"caption":"Ensemble der schmerzhaften Mutter"},"image":{"@id":"https:\/\/kornrasetnarkmun.com\/#\/schema\/logo\/image\/"},"sameAs":["https:\/\/www.facebook.com\/kornraset\/","https:\/\/www.instagram.com\/pian_oman\/"]}]}},"_links":{"self":[{"href":"https:\/\/kornrasetnarkmun.com\/index.php\/wp-json\/wp\/v2\/pages\/1277","targetHints":{"allow":["GET"]}}],"collection":[{"href":"https:\/\/kornrasetnarkmun.com\/index.php\/wp-json\/wp\/v2\/pages"}],"about":[{"href":"https:\/\/kornrasetnarkmun.com\/index.php\/wp-json\/wp\/v2\/types\/page"}],"author":[{"embeddable":true,"href":"https:\/\/kornrasetnarkmun.com\/index.php\/wp-json\/wp\/v2\/users\/1"}],"replies":[{"embeddable":true,"href":"https:\/\/kornrasetnarkmun.com\/index.php\/wp-json\/wp\/v2\/comments?post=1277"}],"version-history":[{"count":6,"href":"https:\/\/kornrasetnarkmun.com\/index.php\/wp-json\/wp\/v2\/pages\/1277\/revisions"}],"predecessor-version":[{"id":1303,"href":"https:\/\/kornrasetnarkmun.com\/index.php\/wp-json\/wp\/v2\/pages\/1277\/revisions\/1303"}],"wp:attachment":[{"href":"https:\/\/kornrasetnarkmun.com\/index.php\/wp-json\/wp\/v2\/media?parent=1277"}],"curies":[{"name":"wp","href":"https:\/\/api.w.org\/{rel}","templated":true}]}}