{"id":1286,"date":"2024-01-14T11:10:18","date_gmt":"2024-01-14T11:10:18","guid":{"rendered":"https:\/\/kornrasetnarkmun.com\/?page_id=1286"},"modified":"2024-01-29T23:10:28","modified_gmt":"2024-01-29T23:10:28","slug":"ein-italienisches-kaleidoskop","status":"publish","type":"page","link":"https:\/\/kornrasetnarkmun.com\/index.php\/ein-italienisches-kaleidoskop\/","title":{"rendered":"Ein italienisches Kaleidoskop"},"content":{"rendered":"\n<p class=\"has-text-align-center has-normal-font-size\">Dienstag, 30. J\u00e4nner 2024, 16:00 Uhr<\/p>\n\n\n\n<p class=\"has-text-align-center has-small-font-size\">Florentinersaal der Universit\u00e4t f\u00fcr Musik und darstellende Kunst Graz, Leonhardsstra\u00dfe 15, 8010 Graz<\/p>\n\n\n\n<p class=\"has-text-align-center\"><a href=\"http:\/\/kornrasetnarkmun.com\/index.php\/zum-programm-ein-italienisches-kaleidoskop-2024\/\">Text zum Programm<\/a><\/p>\n\n\n\n<p><strong>Girolamo Frescobaldi (1583 &#8211; 1643)<\/strong><\/p>\n\n\n\n<p>Aus \u201eLa Messa della Madonna\u201c, Fiori musicali (1635)<\/p>\n\n\n\n<p class=\"has-small-font-size\">Toccata &#8211; Canzon<\/p>\n\n\n\n<p><strong>Claudio Monteverdi (1567 &#8211; 1643)<\/strong><\/p>\n\n\n\n<p>\u201eDisprezzata regina\u201c aus L&#8217;incoronazione di&nbsp;Poppea (1642\/1643)<\/p>\n\n\n\n<p><strong>Girolamo Frescobaldi<\/strong><\/p>\n\n\n\n<p>Aus \u201eLa Messa della Madonna\u201c, Fiori musicali (1635)<\/p>\n\n\n\n<p class=\"has-small-font-size\">Recercar<\/p>\n\n\n\n<p><strong>Barbara Strozzi (1619 &#8211; 1677)<\/strong><\/p>\n\n\n\n<p>\u201eChi brama in Amore\u201c aus Ariette a voce sola, op.6 (1657)<\/p>\n\n\n\n<p><strong>Alessandro Scarlatti (1660 &#8211; 1725)<\/strong><\/p>\n\n\n\n<p>Introduzione aus Lezioni per sonare il cembalo (ca. 1700)<\/p>\n\n\n\n<p><strong>Arcangelo Corelli (1653 &#8211; 1713)<\/strong><\/p>\n\n\n\n<p>Sonate g-Moll, Op.5 Nr.5 (1700)<\/p>\n\n\n\n<p class=\"has-small-font-size\">Adagio &#8211; Vivace Fuga &#8211; Adagio &#8211; Vivace &#8211; Allegro<\/p>\n\n\n\n<p><strong>Alessandro Scarlatti&nbsp;<\/strong><\/p>\n\n\n\n<p>Introduzione aus Lezioni per sonare il cembalo (ca. 1700)<\/p>\n\n\n\n<p><strong>Georg Friedrich H\u00e4ndel (1685 &#8211; 1759)<\/strong><\/p>\n\n\n\n<p>Lucrezia, HWV145 (1706)<\/p>\n\n\n\n<p class=\"has-text-align-center\"><em>TM, RF, Kornraset Narkmun<\/em><\/p>\n\n\n\n<p class=\"has-text-align-center\"><em>Stimmt es jedoch, dass sich die Schmerzempfindlichkeit mit dem Alter relativiert?<\/em> Jedenfalls schickt <em>Lucretia<\/em> sch\u00f6ne Gr\u00fc\u00dfe zum Abschied. M\u00f6glicherweise hatte <em>H\u00e4ndel<\/em> doch keinen sch\u00f6nen Abschied \u2013 eher eine Abschiebung \u2013 aus Rom. Im Falle von Lady <em>Ottavia<\/em>: wieder einmal ein unwiderruflicher Abschied. Der Vizek\u00f6nig <em>Vincenzo Grimani<\/em>, der Librettist von H\u00e4ndels einziger Oper in Italien &#8220;Agrippina&#8221;, starb allerdings 1710, ein Jahr nach der Premiere.<\/p>\n\n\n\n<p class=\"has-text-align-center has-dark-gray-color has-text-color has-link-color wp-elements-8d25104a4928987fc5ac618e2f29b814\">Aber eines ist klar: Beim <strong>Finanzamt<\/strong> l\u00e4uft bestimmt alles reibungslos.<\/p>\n","protected":false},"excerpt":{"rendered":"<p>Dienstag, 30. J\u00e4nner 2024, 16:00 Uhr Florentinersaal der Universit\u00e4t f\u00fcr Musik und darstellende Kunst Graz, Leonhardsstra\u00dfe 15, 8010 Graz Text zum Programm Girolamo Frescobaldi (1583 &#8211; 1643) Aus \u201eLa Messa della Madonna\u201c, Fiori musicali (1635) Toccata &#8211; Canzon Claudio Monteverdi (1567 &#8211; 1643) \u201eDisprezzata regina\u201c aus L&#8217;incoronazione di&nbsp;Poppea (1642\/1643) Girolamo Frescobaldi Aus \u201eLa Messa della [&hellip;]<\/p>\n","protected":false},"author":1,"featured_media":0,"parent":0,"menu_order":0,"comment_status":"closed","ping_status":"closed","template":"","meta":{"_monsterinsights_skip_tracking":false,"_monsterinsights_sitenote_active":false,"_monsterinsights_sitenote_note":"","_monsterinsights_sitenote_category":0,"footnotes":""},"class_list":["post-1286","page","type-page","status-publish","hentry","entry"],"aioseo_notices":[],"yoast_head":"<!-- This site is optimized with the Yoast SEO plugin v22.6 - https:\/\/yoast.com\/wordpress\/plugins\/seo\/ -->\n<title>Ein italienisches Kaleidoskop - Kornraset Narkmun<\/title>\n<meta name=\"robots\" content=\"index, follow, max-snippet:-1, max-image-preview:large, max-video-preview:-1\" \/>\n<link rel=\"canonical\" href=\"https:\/\/kornrasetnarkmun.com\/index.php\/ein-italienisches-kaleidoskop\/\" \/>\n<meta property=\"og:locale\" content=\"en_US\" \/>\n<meta property=\"og:type\" content=\"article\" \/>\n<meta property=\"og:title\" content=\"Ein italienisches Kaleidoskop - Kornraset Narkmun\" \/>\n<meta property=\"og:description\" content=\"Dienstag, 30. J\u00e4nner 2024, 16:00 Uhr Florentinersaal der Universit\u00e4t f\u00fcr Musik und darstellende Kunst Graz, Leonhardsstra\u00dfe 15, 8010 Graz Text zum Programm Girolamo Frescobaldi (1583 &#8211; 1643) Aus \u201eLa Messa della Madonna\u201c, Fiori musicali (1635) Toccata &#8211; Canzon Claudio Monteverdi (1567 &#8211; 1643) \u201eDisprezzata regina\u201c aus L&#8217;incoronazione di&nbsp;Poppea (1642\/1643) Girolamo Frescobaldi Aus \u201eLa Messa della [&hellip;]\" \/>\n<meta property=\"og:url\" content=\"https:\/\/kornrasetnarkmun.com\/index.php\/ein-italienisches-kaleidoskop\/\" \/>\n<meta property=\"og:site_name\" content=\"Kornraset Narkmun\" \/>\n<meta property=\"article:publisher\" content=\"https:\/\/www.facebook.com\/kornraset\/\" \/>\n<meta property=\"article:modified_time\" content=\"2024-01-29T23:10:28+00:00\" \/>\n<meta name=\"twitter:card\" content=\"summary_large_image\" \/>\n<meta name=\"twitter:label1\" content=\"Est. reading time\" \/>\n\t<meta name=\"twitter:data1\" content=\"1 minute\" \/>\n<script type=\"application\/ld+json\" class=\"yoast-schema-graph\">{\"@context\":\"https:\/\/schema.org\",\"@graph\":[{\"@type\":\"WebPage\",\"@id\":\"https:\/\/kornrasetnarkmun.com\/index.php\/ein-italienisches-kaleidoskop\/\",\"url\":\"https:\/\/kornrasetnarkmun.com\/index.php\/ein-italienisches-kaleidoskop\/\",\"name\":\"Ein italienisches Kaleidoskop - Kornraset Narkmun\",\"isPartOf\":{\"@id\":\"https:\/\/kornrasetnarkmun.com\/#website\"},\"datePublished\":\"2024-01-14T11:10:18+00:00\",\"dateModified\":\"2024-01-29T23:10:28+00:00\",\"breadcrumb\":{\"@id\":\"https:\/\/kornrasetnarkmun.com\/index.php\/ein-italienisches-kaleidoskop\/#breadcrumb\"},\"inLanguage\":\"en-US\",\"potentialAction\":[{\"@type\":\"ReadAction\",\"target\":[\"https:\/\/kornrasetnarkmun.com\/index.php\/ein-italienisches-kaleidoskop\/\"]}]},{\"@type\":\"BreadcrumbList\",\"@id\":\"https:\/\/kornrasetnarkmun.com\/index.php\/ein-italienisches-kaleidoskop\/#breadcrumb\",\"itemListElement\":[{\"@type\":\"ListItem\",\"position\":1,\"name\":\"Home\",\"item\":\"https:\/\/kornrasetnarkmun.com\/\"},{\"@type\":\"ListItem\",\"position\":2,\"name\":\"Ein italienisches Kaleidoskop\"}]},{\"@type\":\"WebSite\",\"@id\":\"https:\/\/kornrasetnarkmun.com\/#website\",\"url\":\"https:\/\/kornrasetnarkmun.com\/\",\"name\":\"Kornraset Narkmun\",\"description\":\"Jonas Ensemble\",\"publisher\":{\"@id\":\"https:\/\/kornrasetnarkmun.com\/#organization\"},\"potentialAction\":[{\"@type\":\"SearchAction\",\"target\":{\"@type\":\"EntryPoint\",\"urlTemplate\":\"https:\/\/kornrasetnarkmun.com\/?s={search_term_string}\"},\"query-input\":\"required name=search_term_string\"}],\"inLanguage\":\"en-US\"},{\"@type\":\"Organization\",\"@id\":\"https:\/\/kornrasetnarkmun.com\/#organization\",\"name\":\"Ensemble der schmerzhaften Mutter\",\"url\":\"https:\/\/kornrasetnarkmun.com\/\",\"logo\":{\"@type\":\"ImageObject\",\"inLanguage\":\"en-US\",\"@id\":\"https:\/\/kornrasetnarkmun.com\/#\/schema\/logo\/image\/\",\"url\":\"https:\/\/kornrasetnarkmun.com\/wp-content\/uploads\/2022\/02\/Kornraset-Narkmun-1-1024x683.jpg\",\"contentUrl\":\"https:\/\/kornrasetnarkmun.com\/wp-content\/uploads\/2022\/02\/Kornraset-Narkmun-1-1024x683.jpg\",\"width\":1024,\"height\":683,\"caption\":\"Ensemble der schmerzhaften Mutter\"},\"image\":{\"@id\":\"https:\/\/kornrasetnarkmun.com\/#\/schema\/logo\/image\/\"},\"sameAs\":[\"https:\/\/www.facebook.com\/kornraset\/\",\"https:\/\/www.instagram.com\/pian_oman\/\"]}]}<\/script>\n<!-- \/ Yoast SEO plugin. -->","yoast_head_json":{"title":"Ein italienisches Kaleidoskop - Kornraset Narkmun","robots":{"index":"index","follow":"follow","max-snippet":"max-snippet:-1","max-image-preview":"max-image-preview:large","max-video-preview":"max-video-preview:-1"},"canonical":"https:\/\/kornrasetnarkmun.com\/index.php\/ein-italienisches-kaleidoskop\/","og_locale":"en_US","og_type":"article","og_title":"Ein italienisches Kaleidoskop - Kornraset Narkmun","og_description":"Dienstag, 30. J\u00e4nner 2024, 16:00 Uhr Florentinersaal der Universit\u00e4t f\u00fcr Musik und darstellende Kunst Graz, Leonhardsstra\u00dfe 15, 8010 Graz Text zum Programm Girolamo Frescobaldi (1583 &#8211; 1643) Aus \u201eLa Messa della Madonna\u201c, Fiori musicali (1635) Toccata &#8211; Canzon Claudio Monteverdi (1567 &#8211; 1643) \u201eDisprezzata regina\u201c aus L&#8217;incoronazione di&nbsp;Poppea (1642\/1643) Girolamo Frescobaldi Aus \u201eLa Messa della [&hellip;]","og_url":"https:\/\/kornrasetnarkmun.com\/index.php\/ein-italienisches-kaleidoskop\/","og_site_name":"Kornraset Narkmun","article_publisher":"https:\/\/www.facebook.com\/kornraset\/","article_modified_time":"2024-01-29T23:10:28+00:00","twitter_card":"summary_large_image","twitter_misc":{"Est. reading time":"1 minute"},"schema":{"@context":"https:\/\/schema.org","@graph":[{"@type":"WebPage","@id":"https:\/\/kornrasetnarkmun.com\/index.php\/ein-italienisches-kaleidoskop\/","url":"https:\/\/kornrasetnarkmun.com\/index.php\/ein-italienisches-kaleidoskop\/","name":"Ein italienisches Kaleidoskop - Kornraset Narkmun","isPartOf":{"@id":"https:\/\/kornrasetnarkmun.com\/#website"},"datePublished":"2024-01-14T11:10:18+00:00","dateModified":"2024-01-29T23:10:28+00:00","breadcrumb":{"@id":"https:\/\/kornrasetnarkmun.com\/index.php\/ein-italienisches-kaleidoskop\/#breadcrumb"},"inLanguage":"en-US","potentialAction":[{"@type":"ReadAction","target":["https:\/\/kornrasetnarkmun.com\/index.php\/ein-italienisches-kaleidoskop\/"]}]},{"@type":"BreadcrumbList","@id":"https:\/\/kornrasetnarkmun.com\/index.php\/ein-italienisches-kaleidoskop\/#breadcrumb","itemListElement":[{"@type":"ListItem","position":1,"name":"Home","item":"https:\/\/kornrasetnarkmun.com\/"},{"@type":"ListItem","position":2,"name":"Ein italienisches Kaleidoskop"}]},{"@type":"WebSite","@id":"https:\/\/kornrasetnarkmun.com\/#website","url":"https:\/\/kornrasetnarkmun.com\/","name":"Kornraset Narkmun","description":"Jonas Ensemble","publisher":{"@id":"https:\/\/kornrasetnarkmun.com\/#organization"},"potentialAction":[{"@type":"SearchAction","target":{"@type":"EntryPoint","urlTemplate":"https:\/\/kornrasetnarkmun.com\/?s={search_term_string}"},"query-input":"required name=search_term_string"}],"inLanguage":"en-US"},{"@type":"Organization","@id":"https:\/\/kornrasetnarkmun.com\/#organization","name":"Ensemble der schmerzhaften Mutter","url":"https:\/\/kornrasetnarkmun.com\/","logo":{"@type":"ImageObject","inLanguage":"en-US","@id":"https:\/\/kornrasetnarkmun.com\/#\/schema\/logo\/image\/","url":"https:\/\/kornrasetnarkmun.com\/wp-content\/uploads\/2022\/02\/Kornraset-Narkmun-1-1024x683.jpg","contentUrl":"https:\/\/kornrasetnarkmun.com\/wp-content\/uploads\/2022\/02\/Kornraset-Narkmun-1-1024x683.jpg","width":1024,"height":683,"caption":"Ensemble der schmerzhaften Mutter"},"image":{"@id":"https:\/\/kornrasetnarkmun.com\/#\/schema\/logo\/image\/"},"sameAs":["https:\/\/www.facebook.com\/kornraset\/","https:\/\/www.instagram.com\/pian_oman\/"]}]}},"_links":{"self":[{"href":"https:\/\/kornrasetnarkmun.com\/index.php\/wp-json\/wp\/v2\/pages\/1286","targetHints":{"allow":["GET"]}}],"collection":[{"href":"https:\/\/kornrasetnarkmun.com\/index.php\/wp-json\/wp\/v2\/pages"}],"about":[{"href":"https:\/\/kornrasetnarkmun.com\/index.php\/wp-json\/wp\/v2\/types\/page"}],"author":[{"embeddable":true,"href":"https:\/\/kornrasetnarkmun.com\/index.php\/wp-json\/wp\/v2\/users\/1"}],"replies":[{"embeddable":true,"href":"https:\/\/kornrasetnarkmun.com\/index.php\/wp-json\/wp\/v2\/comments?post=1286"}],"version-history":[{"count":16,"href":"https:\/\/kornrasetnarkmun.com\/index.php\/wp-json\/wp\/v2\/pages\/1286\/revisions"}],"predecessor-version":[{"id":1353,"href":"https:\/\/kornrasetnarkmun.com\/index.php\/wp-json\/wp\/v2\/pages\/1286\/revisions\/1353"}],"wp:attachment":[{"href":"https:\/\/kornrasetnarkmun.com\/index.php\/wp-json\/wp\/v2\/media?parent=1286"}],"curies":[{"name":"wp","href":"https:\/\/api.w.org\/{rel}","templated":true}]}}