{"id":1299,"date":"2024-01-15T15:06:40","date_gmt":"2024-01-15T15:06:40","guid":{"rendered":"https:\/\/kornrasetnarkmun.com\/?page_id=1299"},"modified":"2024-01-15T15:06:40","modified_gmt":"2024-01-15T15:06:40","slug":"zum-programm-osterreichische-barockmusik-adaptionen-und-originalitat","status":"publish","type":"page","link":"https:\/\/kornrasetnarkmun.com\/index.php\/zum-programm-osterreichische-barockmusik-adaptionen-und-originalitat\/","title":{"rendered":"Zum Programm &#8211; \u00d6sterreichische Barockmusik: Adaptionen und Originalit\u00e4t"},"content":{"rendered":"\n<p class=\"has-small-font-size\">\u201eFuchs, das hast du ganz gestohlen.\u201c W\u00e4re Johann Nepomuk Fuchs der Plagiatspr\u00fcfung unterzogen worden, h\u00e4tte er dennoch Joseph Haydns \u201eApplausus\u201c am Cembalo nach der Auff\u00fchrungsanweisung seines Vorgesetzters&nbsp; nicht gespielt. Tats\u00e4chlich war es aber Franz Nikolaus Novotny, der diese Rolle \u00fcbernahm, bevor er fr\u00fchzeitig verstarb.<\/p>\n\n\n\n<p class=\"has-small-font-size\">Hat Gregor Joseph Werner bei Johann Joseph Fux studiert, oder doch anderswo, m\u00f6glicherweise in Breslau oder im Stift Melk? Werner wurde jedenfalls in Ybbs an der Donau in Nieder\u00f6sterreich geboren.<\/p>\n\n\n\n<p class=\"has-small-font-size\">W\u00e4hrend Fran\u00e7ois Couperin in seinem Vorwort zum Troisi\u00e8me Livre seine Missbilligung \u00e4u\u00dferte, wenn jemand seine Musik mit eigenen Verzierungen spielte, bearbeitete Gottlieb Theophil Muffat H\u00e4ndels gro\u00dfe Suiten und Fugen mit eigenen Verzierungen. Die Abschrift von Muffat der Cembalowerke seines Lehrers Johann Joseph Fux war \u201emit Sicherheit\u201c originalgetreu, oder?<\/p>\n\n\n\n<p class=\"has-small-font-size\">Die Orgelpartitur der B-Dur Messe, Hob. XXII:7 von Haydn, umgeschrieben von Karl Kraus, dem Regens Chori, und Zagitz, ist nicht vergleichbar mit der autographischen Fassung von Haydns Werken in der \u00f6sterreichischen Nationalbibliothek. Albrechtsberger schrieb die Stimmf\u00fchrung des Wohltemperierten Klaviers von Bach um, aber die Werke in Roskovskys Sammlung waren \u201eganz sicher\u201c originale Kompositionen von Gottlieb Muffat, oder? Jedenfalls stehen die Musikst\u00fccke von Fux aus Roskovskys Sammlung in der revidierten Gesamtausgabe.<\/p>\n\n\n\n<p class=\"has-small-font-size\">Dieses Konzert versucht, nicht nur den Originalklang der \u00f6sterreichischen Barockmusik wiederzubeleben, sondern auch die musikalische Praxis des 18. und 19. Jahrhunderts aus einem neuen Blickwinkel hinsichtlich der Originalit\u00e4t zu betrachten.<\/p>\n\n\n\n<p class=\"has-small-font-size\">Aber die Werke von Wohanka wird niemand zuletzt anzweifeln; sie sind sicherlich nicht gestohlen.<\/p>\n","protected":false},"excerpt":{"rendered":"<p>\u201eFuchs, das hast du ganz gestohlen.\u201c W\u00e4re Johann Nepomuk Fuchs der Plagiatspr\u00fcfung unterzogen worden, h\u00e4tte er dennoch Joseph Haydns \u201eApplausus\u201c am Cembalo nach der Auff\u00fchrungsanweisung seines Vorgesetzters&nbsp; nicht gespielt. Tats\u00e4chlich war es aber Franz Nikolaus Novotny, der diese Rolle \u00fcbernahm, bevor er fr\u00fchzeitig verstarb. Hat Gregor Joseph Werner bei Johann Joseph Fux studiert, oder doch [&hellip;]<\/p>\n","protected":false},"author":1,"featured_media":0,"parent":0,"menu_order":0,"comment_status":"closed","ping_status":"closed","template":"","meta":{"_monsterinsights_skip_tracking":false,"_monsterinsights_sitenote_active":false,"_monsterinsights_sitenote_note":"","_monsterinsights_sitenote_category":0,"footnotes":""},"class_list":["post-1299","page","type-page","status-publish","hentry","entry"],"aioseo_notices":[],"yoast_head":"<!-- This site is optimized with the Yoast SEO plugin v22.6 - https:\/\/yoast.com\/wordpress\/plugins\/seo\/ -->\n<title>Zum Programm - \u00d6sterreichische Barockmusik: Adaptionen und Originalit\u00e4t - Kornraset Narkmun<\/title>\n<meta name=\"robots\" content=\"index, follow, max-snippet:-1, max-image-preview:large, max-video-preview:-1\" \/>\n<link rel=\"canonical\" href=\"https:\/\/kornrasetnarkmun.com\/index.php\/zum-programm-osterreichische-barockmusik-adaptionen-und-originalitat\/\" \/>\n<meta property=\"og:locale\" content=\"en_US\" \/>\n<meta property=\"og:type\" content=\"article\" \/>\n<meta property=\"og:title\" content=\"Zum Programm - \u00d6sterreichische Barockmusik: Adaptionen und Originalit\u00e4t - Kornraset Narkmun\" \/>\n<meta property=\"og:description\" content=\"\u201eFuchs, das hast du ganz gestohlen.\u201c W\u00e4re Johann Nepomuk Fuchs der Plagiatspr\u00fcfung unterzogen worden, h\u00e4tte er dennoch Joseph Haydns \u201eApplausus\u201c am Cembalo nach der Auff\u00fchrungsanweisung seines Vorgesetzters&nbsp; nicht gespielt. Tats\u00e4chlich war es aber Franz Nikolaus Novotny, der diese Rolle \u00fcbernahm, bevor er fr\u00fchzeitig verstarb. Hat Gregor Joseph Werner bei Johann Joseph Fux studiert, oder doch [&hellip;]\" \/>\n<meta property=\"og:url\" content=\"https:\/\/kornrasetnarkmun.com\/index.php\/zum-programm-osterreichische-barockmusik-adaptionen-und-originalitat\/\" \/>\n<meta property=\"og:site_name\" content=\"Kornraset Narkmun\" \/>\n<meta property=\"article:publisher\" content=\"https:\/\/www.facebook.com\/kornraset\/\" \/>\n<meta name=\"twitter:card\" content=\"summary_large_image\" \/>\n<meta name=\"twitter:label1\" content=\"Est. reading time\" \/>\n\t<meta name=\"twitter:data1\" content=\"1 minute\" \/>\n<script type=\"application\/ld+json\" class=\"yoast-schema-graph\">{\"@context\":\"https:\/\/schema.org\",\"@graph\":[{\"@type\":\"WebPage\",\"@id\":\"https:\/\/kornrasetnarkmun.com\/index.php\/zum-programm-osterreichische-barockmusik-adaptionen-und-originalitat\/\",\"url\":\"https:\/\/kornrasetnarkmun.com\/index.php\/zum-programm-osterreichische-barockmusik-adaptionen-und-originalitat\/\",\"name\":\"Zum Programm - \u00d6sterreichische Barockmusik: Adaptionen und Originalit\u00e4t - Kornraset Narkmun\",\"isPartOf\":{\"@id\":\"https:\/\/kornrasetnarkmun.com\/#website\"},\"datePublished\":\"2024-01-15T15:06:40+00:00\",\"dateModified\":\"2024-01-15T15:06:40+00:00\",\"breadcrumb\":{\"@id\":\"https:\/\/kornrasetnarkmun.com\/index.php\/zum-programm-osterreichische-barockmusik-adaptionen-und-originalitat\/#breadcrumb\"},\"inLanguage\":\"en-US\",\"potentialAction\":[{\"@type\":\"ReadAction\",\"target\":[\"https:\/\/kornrasetnarkmun.com\/index.php\/zum-programm-osterreichische-barockmusik-adaptionen-und-originalitat\/\"]}]},{\"@type\":\"BreadcrumbList\",\"@id\":\"https:\/\/kornrasetnarkmun.com\/index.php\/zum-programm-osterreichische-barockmusik-adaptionen-und-originalitat\/#breadcrumb\",\"itemListElement\":[{\"@type\":\"ListItem\",\"position\":1,\"name\":\"Home\",\"item\":\"https:\/\/kornrasetnarkmun.com\/\"},{\"@type\":\"ListItem\",\"position\":2,\"name\":\"Zum Programm &#8211; \u00d6sterreichische Barockmusik: Adaptionen und Originalit\u00e4t\"}]},{\"@type\":\"WebSite\",\"@id\":\"https:\/\/kornrasetnarkmun.com\/#website\",\"url\":\"https:\/\/kornrasetnarkmun.com\/\",\"name\":\"Kornraset Narkmun\",\"description\":\"Jonas Ensemble\",\"publisher\":{\"@id\":\"https:\/\/kornrasetnarkmun.com\/#organization\"},\"potentialAction\":[{\"@type\":\"SearchAction\",\"target\":{\"@type\":\"EntryPoint\",\"urlTemplate\":\"https:\/\/kornrasetnarkmun.com\/?s={search_term_string}\"},\"query-input\":\"required name=search_term_string\"}],\"inLanguage\":\"en-US\"},{\"@type\":\"Organization\",\"@id\":\"https:\/\/kornrasetnarkmun.com\/#organization\",\"name\":\"Ensemble der schmerzhaften Mutter\",\"url\":\"https:\/\/kornrasetnarkmun.com\/\",\"logo\":{\"@type\":\"ImageObject\",\"inLanguage\":\"en-US\",\"@id\":\"https:\/\/kornrasetnarkmun.com\/#\/schema\/logo\/image\/\",\"url\":\"https:\/\/kornrasetnarkmun.com\/wp-content\/uploads\/2022\/02\/Kornraset-Narkmun-1-1024x683.jpg\",\"contentUrl\":\"https:\/\/kornrasetnarkmun.com\/wp-content\/uploads\/2022\/02\/Kornraset-Narkmun-1-1024x683.jpg\",\"width\":1024,\"height\":683,\"caption\":\"Ensemble der schmerzhaften Mutter\"},\"image\":{\"@id\":\"https:\/\/kornrasetnarkmun.com\/#\/schema\/logo\/image\/\"},\"sameAs\":[\"https:\/\/www.facebook.com\/kornraset\/\",\"https:\/\/www.instagram.com\/pian_oman\/\"]}]}<\/script>\n<!-- \/ Yoast SEO plugin. -->","yoast_head_json":{"title":"Zum Programm - \u00d6sterreichische Barockmusik: Adaptionen und Originalit\u00e4t - Kornraset Narkmun","robots":{"index":"index","follow":"follow","max-snippet":"max-snippet:-1","max-image-preview":"max-image-preview:large","max-video-preview":"max-video-preview:-1"},"canonical":"https:\/\/kornrasetnarkmun.com\/index.php\/zum-programm-osterreichische-barockmusik-adaptionen-und-originalitat\/","og_locale":"en_US","og_type":"article","og_title":"Zum Programm - \u00d6sterreichische Barockmusik: Adaptionen und Originalit\u00e4t - Kornraset Narkmun","og_description":"\u201eFuchs, das hast du ganz gestohlen.\u201c W\u00e4re Johann Nepomuk Fuchs der Plagiatspr\u00fcfung unterzogen worden, h\u00e4tte er dennoch Joseph Haydns \u201eApplausus\u201c am Cembalo nach der Auff\u00fchrungsanweisung seines Vorgesetzters&nbsp; nicht gespielt. Tats\u00e4chlich war es aber Franz Nikolaus Novotny, der diese Rolle \u00fcbernahm, bevor er fr\u00fchzeitig verstarb. Hat Gregor Joseph Werner bei Johann Joseph Fux studiert, oder doch [&hellip;]","og_url":"https:\/\/kornrasetnarkmun.com\/index.php\/zum-programm-osterreichische-barockmusik-adaptionen-und-originalitat\/","og_site_name":"Kornraset Narkmun","article_publisher":"https:\/\/www.facebook.com\/kornraset\/","twitter_card":"summary_large_image","twitter_misc":{"Est. reading time":"1 minute"},"schema":{"@context":"https:\/\/schema.org","@graph":[{"@type":"WebPage","@id":"https:\/\/kornrasetnarkmun.com\/index.php\/zum-programm-osterreichische-barockmusik-adaptionen-und-originalitat\/","url":"https:\/\/kornrasetnarkmun.com\/index.php\/zum-programm-osterreichische-barockmusik-adaptionen-und-originalitat\/","name":"Zum Programm - \u00d6sterreichische Barockmusik: Adaptionen und Originalit\u00e4t - Kornraset Narkmun","isPartOf":{"@id":"https:\/\/kornrasetnarkmun.com\/#website"},"datePublished":"2024-01-15T15:06:40+00:00","dateModified":"2024-01-15T15:06:40+00:00","breadcrumb":{"@id":"https:\/\/kornrasetnarkmun.com\/index.php\/zum-programm-osterreichische-barockmusik-adaptionen-und-originalitat\/#breadcrumb"},"inLanguage":"en-US","potentialAction":[{"@type":"ReadAction","target":["https:\/\/kornrasetnarkmun.com\/index.php\/zum-programm-osterreichische-barockmusik-adaptionen-und-originalitat\/"]}]},{"@type":"BreadcrumbList","@id":"https:\/\/kornrasetnarkmun.com\/index.php\/zum-programm-osterreichische-barockmusik-adaptionen-und-originalitat\/#breadcrumb","itemListElement":[{"@type":"ListItem","position":1,"name":"Home","item":"https:\/\/kornrasetnarkmun.com\/"},{"@type":"ListItem","position":2,"name":"Zum Programm &#8211; \u00d6sterreichische Barockmusik: Adaptionen und Originalit\u00e4t"}]},{"@type":"WebSite","@id":"https:\/\/kornrasetnarkmun.com\/#website","url":"https:\/\/kornrasetnarkmun.com\/","name":"Kornraset Narkmun","description":"Jonas Ensemble","publisher":{"@id":"https:\/\/kornrasetnarkmun.com\/#organization"},"potentialAction":[{"@type":"SearchAction","target":{"@type":"EntryPoint","urlTemplate":"https:\/\/kornrasetnarkmun.com\/?s={search_term_string}"},"query-input":"required name=search_term_string"}],"inLanguage":"en-US"},{"@type":"Organization","@id":"https:\/\/kornrasetnarkmun.com\/#organization","name":"Ensemble der schmerzhaften Mutter","url":"https:\/\/kornrasetnarkmun.com\/","logo":{"@type":"ImageObject","inLanguage":"en-US","@id":"https:\/\/kornrasetnarkmun.com\/#\/schema\/logo\/image\/","url":"https:\/\/kornrasetnarkmun.com\/wp-content\/uploads\/2022\/02\/Kornraset-Narkmun-1-1024x683.jpg","contentUrl":"https:\/\/kornrasetnarkmun.com\/wp-content\/uploads\/2022\/02\/Kornraset-Narkmun-1-1024x683.jpg","width":1024,"height":683,"caption":"Ensemble der schmerzhaften Mutter"},"image":{"@id":"https:\/\/kornrasetnarkmun.com\/#\/schema\/logo\/image\/"},"sameAs":["https:\/\/www.facebook.com\/kornraset\/","https:\/\/www.instagram.com\/pian_oman\/"]}]}},"_links":{"self":[{"href":"https:\/\/kornrasetnarkmun.com\/index.php\/wp-json\/wp\/v2\/pages\/1299","targetHints":{"allow":["GET"]}}],"collection":[{"href":"https:\/\/kornrasetnarkmun.com\/index.php\/wp-json\/wp\/v2\/pages"}],"about":[{"href":"https:\/\/kornrasetnarkmun.com\/index.php\/wp-json\/wp\/v2\/types\/page"}],"author":[{"embeddable":true,"href":"https:\/\/kornrasetnarkmun.com\/index.php\/wp-json\/wp\/v2\/users\/1"}],"replies":[{"embeddable":true,"href":"https:\/\/kornrasetnarkmun.com\/index.php\/wp-json\/wp\/v2\/comments?post=1299"}],"version-history":[{"count":1,"href":"https:\/\/kornrasetnarkmun.com\/index.php\/wp-json\/wp\/v2\/pages\/1299\/revisions"}],"predecessor-version":[{"id":1300,"href":"https:\/\/kornrasetnarkmun.com\/index.php\/wp-json\/wp\/v2\/pages\/1299\/revisions\/1300"}],"wp:attachment":[{"href":"https:\/\/kornrasetnarkmun.com\/index.php\/wp-json\/wp\/v2\/media?parent=1299"}],"curies":[{"name":"wp","href":"https:\/\/api.w.org\/{rel}","templated":true}]}}