{"id":1320,"date":"2024-01-28T18:34:48","date_gmt":"2024-01-28T18:34:48","guid":{"rendered":"https:\/\/kornrasetnarkmun.com\/?page_id=1320"},"modified":"2024-01-29T22:18:58","modified_gmt":"2024-01-29T22:18:58","slug":"zum-programm-ein-italienisches-kaleidoskop-2024","status":"publish","type":"page","link":"https:\/\/kornrasetnarkmun.com\/index.php\/zum-programm-ein-italienisches-kaleidoskop-2024\/","title":{"rendered":"Zum Programm &#8211; Ein italienisches Kaleidoskop 2024"},"content":{"rendered":"\n<p><strong>Claudio Monteverdi (1567 \u2013 1643)<\/strong>: <strong>\u201eDisprezzata regina\u201c aus L\u2019incoronazione di\u00a0Poppea (1642\/1643)<\/strong><sup data-fn=\"240b0757-9f5b-4bb6-9848-1953c721620b\" class=\"fn\"><a href=\"#240b0757-9f5b-4bb6-9848-1953c721620b\" id=\"240b0757-9f5b-4bb6-9848-1953c721620b-link\">1<\/a><\/sup><\/p>\n\n\n\n<p class=\"has-small-font-size\">Disprezzata regina,<br>Del monarca romano afflitta moglie,<br>Che fo, ove son, che penso?<br>O delle donne miserabil sesso:<br>Se la natura e&#8217;l cielo<br>Libere ci produce,<br>Il matrimonio c&#8217;incatena serve.<br>Se concepiamo l&#8217;uomo,<br>O delle donne miserabil sesso,<br>Al nostr&#8217;empio tiran formiam le membra,<br>Allattiamo il carnefice crudele<br>Che ci scarna e ci svena,<br>E siam forzate per indegna sorte<br>A noi medesme partorir la morte.<br>Nerone, empio Nerone,<br>Nerone, marito, o dio, marito<br>Bestemmiato pur sempre<br>E maledetto dai cordogli miei,<br>Dove, ohim\u00e8, dove sei ?<br>In braccio di Poppea,<br>Tu dimori felice e godi, e intanto<br>Il frequente cader de&#8217; pianti miei<br>Pur va quasi formando<br>Un diluvio di specchi, in cui tu miri,<br>Dentro alle tue delizie i miei martiri.<br>Destin, se stai lass\u00f9,<br>Giove ascoltami tu,<br>Se per punir Nerone<br>Fulmini tu non hai,<br>D&#8217;impotenza t&#8217;accuso,<br>D&#8217;ingustizia t&#8217;incolpo;<br>Ahi, trapasso tropp&#8217;oltre e me ne pento,<br>Sopprimo e seppelisco<br>In taciturne angoscie il mio tormento.<\/p>\n\n\n\n<p class=\"has-text-align-right has-small-font-size\">Verachtete K\u00f6nigin, die verschm\u00e4ht wird. Ungl\u00fcckliche Gemahlin des Kaisers von Rom. Was tue ich? Wo bin ich? Wo denke ich hin? Frauen. Armseliges Geschlecht. Von Gott und der Natur frei geschaffen, legt die Ehe uns als Sklavinnen in Ketten. Empfangen wir Frauen einen Knaben (ach, wie elend ist das weibliche Geschlecht!), erw\u00e4chst uns ein ruchloser Tyrann: Wir s\u00e4ugen unseren eigenen Schl\u00e4chter, der uns zerfleischt und umbringt. Vom unw\u00fcrdigen Schicksal gezwungen, bringen wir unseren eigenen M\u00f6rder hervor. Nero, du Schuft! Nero! Mein Gatte, auf ewig verflucht, verdammt von meinem Gram. Wo bist du? In den Armen Poppeas. Du bist gl\u00fccklich. Du genie\u00dft dein Gl\u00fcck. W\u00e4hrenddessen formt die Sintflut meiner Tr\u00e4nen dir einen Spiegel, so spiegelt dein Vergn\u00fcgen sich in meinen Martern. Schicksal, wenn du mich h\u00f6rst da oben, oder du, Jupiter, h\u00f6r mir gut zu! Hast du keine Blitze, Nero zu strafen, dann bist du entweder ohnm\u00e4chtig oder ungerecht! Weh, ich ging zu weit und bereue es. Ich unterdr\u00fccke meine Qualen und begrabe meine Klagen.<\/p>\n\n\n\n<p><\/p>\n\n\n\n<p class=\"has-dark-gray-color has-text-color has-link-color wp-elements-10bb4ca06b79449e916e43ebe2893786\"><strong>Barbara Strozzi (1619 \u2013 1677): \u201eChi brama in Amore\u201c &#8220;Talkative Lover&#8221; aus Ariette a voce sola, op.6 (1657)<\/strong><sup data-fn=\"359784bd-1728-41ad-b18d-7e1d1bb3abd1\" class=\"fn\"><a href=\"#359784bd-1728-41ad-b18d-7e1d1bb3abd1\" id=\"359784bd-1728-41ad-b18d-7e1d1bb3abd1-link\">2<\/a><\/sup><\/p>\n\n\n\n<p class=\"has-small-font-size\">Chi brama in amore<br>Far paghi i desiri,<br>Nel centro del core<br>Non chiuda i martiri.<br>Con note sonore,<br>Con voci che strida<br>All&#8217;empia homicida,<br>Sue pene distingua.<br>Piet\u00e0 non manca ad amator ch&#8217;ha lingua.<\/p>\n\n\n\n<p class=\"has-small-font-size\">S&#8217;aviene ch&#8217;un dardo<br>Il core t&#8217;impiaghe,<br>Non copra le piaghe<br>Silentio codardo.<br>Discopra non tardo<br>Le fresche ferite<br>Chi brama guarite<br>Le pene del core.<br>Per amante ch&#8217;\u00e8 muto \u00e8 sordo amore.<\/p>\n\n\n\n<p class=\"has-text-align-right has-small-font-size\">One who wants to<br>satisfy his desires in love,<br>must not keep his suffering<br>inside his heart.<br>With resounding words,<br>with a strident voice<br>he must make his pains<br>known to the deadly charmer.<br>Sympathy is not wanting for the lover who speaks up.<\/p>\n\n\n\n<p class=\"has-text-align-right has-small-font-size\">If an arrow should happen<br>to wound your heart,<br>don&#8217;t hide the wounds<br>in cowardly silence.<br>One who wants to heal<br>the pains of the heart<br>must reveal the fresh wound<br>without waiting.<br>To the mute lover, love is deaf.<\/p>\n\n\n\n<p><strong>Georg Friedrich H\u00e4ndel (1685 \u2013 1759)<\/strong>: <strong>Lucrezia, HWV145 (1706)<\/strong><sup data-fn=\"3c5a026b-cb7d-429d-9318-2f7699d1c045\" class=\"fn\"><a href=\"#3c5a026b-cb7d-429d-9318-2f7699d1c045\" id=\"3c5a026b-cb7d-429d-9318-2f7699d1c045-link\">3<\/a><\/sup><\/p>\n\n\n\n<p><em>Recitativo <\/em><\/p>\n\n\n\n<p class=\"has-small-font-size\">O Numi eterni! O stelle! Stelle che fulminate empii tiranni, impugnate a\u2019 miei voti orridi strali. Voi, con fochi tonanti, incenerite il reo Tarquinio e Roma. Dalla superba chioma, omai trabocchi il vacillante alloro; s\u2019apra il suolo in voragini; si celi con memorando esempio nelle viscere sue l\u2019indegno e l\u2019empio.<\/p>\n\n\n\n<p class=\"has-text-align-right has-small-font-size\">Oh, ewige G\u00f6tter! Oh, Gestirne, Gestirne, dass ihr mit Blitzen niederstreckt ruchlose Tyrannen, greift auf mein Bitten zu den furchtbaren Pfeilen! Ihr, mit donnernden Feuern, legt in Asche den K\u00f6nig Tarquinius und Rom. Aus seinem stolzen Haar brech\u2019 nun den schwankenden Lorbeer; es \u00f6ffne sich die Erde zu Abgr\u00fcnden, und, nach zu erinnerndem Beispiel, verbirg\u2019 den Unw\u00fcrdigen und Ruchlosen in ihren Tiefen.<\/p>\n\n\n\n<p><em>Aria<\/em><\/p>\n\n\n\n<p class=\"has-small-font-size\">Gi\u00e0 superbo del mio affanno, traditor dell\u2019onor mio parte l\u2019empio, lo sleal. Tu punisci il fiero inganno del fellon, del mostro rio, giusto ciel, Parca fatal!<\/p>\n\n\n\n<p class=\"has-text-align-right has-small-font-size\">Schon, stolz auf meine Angst, als Verr\u00e4ter meiner Ehre, bricht der Ruchlose auf, der Unredliche. Straf\u2019 du den dreisten Betrug des Verr\u00e4ters, des \u00fcblen Scheusals, gerechter Himmel, Parze des Schicksals!<\/p>\n\n\n\n<p><em>Recitativo<\/em><\/p>\n\n\n\n<p class=\"has-small-font-size\">Ma voi forse nel cielo per castigo maggior del mio delitto, state oziosi, o provocati Numi. Se son sorde le stelle, se non mi odon le sfere, a voi tremende Deit\u00e0 dell\u2019abisso mi volgo. A voi s\u2019aspetta, del tradito onor mio far la vendetta.<\/p>\n\n\n\n<p class=\"has-text-align-right has-small-font-size\">Ihr aber im Himmel, vielleicht um mehr noch mein Verbrechen zu strafen, bleibt unt\u00e4tig, oh aufgebrachte G\u00f6tter. Wenn die Sterne taub sind, wenn die Sph\u00e4ren mich nicht h\u00f6ren, wende ich mich an Euch, furchtbare Gottheit der Unterwelt, von Euch erwarte ich, meiner verratenen Ehre Rache zu \u00fcben.<\/p>\n\n\n\n<p><em>Aria<\/em><\/p>\n\n\n\n<p class=\"has-small-font-size\">Il suol che preme, l\u2019aura che spira l\u2019empio Romano s\u2019apra, s\u2019infetti. Se il passo move, se il guardo gira, incontri larve, ruine aspetti.<\/p>\n\n\n\n<p class=\"has-text-align-right has-small-font-size\">Die Erde, auf die er tritt, die Luft, die er atmet, der ruchlose R\u00f6mer, \u00f6ffne sich, verpeste sich! Wenn der Schritt sich r\u00fchrt, wenn der Blick sich wendet, soll er auf Geister treffen, Ruinen erwarten.<\/p>\n\n\n\n<p><em>Recitativo<\/em><\/p>\n\n\n\n<p class=\"has-small-font-size\">Ah che ancor nell\u2019abisso dormon le furie, i sdegni e le vendette! Giove dunque per me non ha saette. \u00c8 pietoso l\u2019inferno! Ah ch\u2019io gi\u00e0 sono in odio al Cielo, a Dite! E se la pena non piomba sul mio capo, a\u2019 miei rimorsi \u00e8 rimesso il poter di castigarmi. Questi la disperata anima mia puniscan, s\u00ec, s\u00ec. Ma il ferro che gi\u00e0 intrepida io stringo <\/p>\n\n\n\n<p class=\"has-text-align-right has-small-font-size\">Ha! Dass auch in der Unterwelt schlafen die Furien, Emp\u00f6rung und Rache. Jupiter hat also keine Blitze f\u00fcr mich? Die Unterwelt ist gn\u00e4dig? Ha! Dass ich im Himmel schon verhasst bin! Wenn auch die Strafe mir aufs Haupt nicht f\u00e4llt, zu meinen Gewissensbissen f\u00fcgt als weit\u2019re Qual die Kraft mich selbst zu strafen. Jene strafen meine verzweifelte Seele, ja, aber das Schwert, das ich schon unerschrocken z\u00fccke,<\/p>\n\n\n\n<p><em>Aria <\/em><\/p>\n\n\n\n<p class=\"has-small-font-size\">alla salma infedel porga la pena.<\/p>\n\n\n\n<p class=\"has-text-align-right has-small-font-size\">soll dem untreuen Leib die Strafe bringen.<\/p>\n\n\n\n<p><em>Recitativo<\/em><\/p>\n\n\n\n<p class=\"has-small-font-size\">A voi, Padre, consorte, a Roma, al mondo presento il mio morir; mi si perdoni il delitto essecrando ond\u2019io macchiai involontaria il nostro onor; un\u2019altra pi\u00f9 detestabil colpa, di non m\u2019aver uccisa pria del misfatto, mi si perdoni.<\/p>\n\n\n\n<p class=\"has-text-align-right has-small-font-size\">Euch, Euch, Vater, Gemahl, Rom und der Welt biete ich mein Sterben; vergebt mir das verdammungsw\u00fcrdige Verbrechen, durch das ich ungewollt unsere Ehre befleckte. Eine andere, noch verabscheuungsw\u00fcrdigere Schuld, mich nicht schon vor der Untat selbst get\u00f6tet zu haben, verzeiht mir.<\/p>\n\n\n\n<p><em>Arioso<\/em><\/p>\n\n\n\n<p class=\"has-small-font-size\">Gi\u00e0 nel seno comincia a compir questo ferro i duri uffizii; sento ch\u2019il cor si scuote pi\u00f9 dal dolor di questa caduta invendicata che dal furor della vicina morte.<\/p>\n\n\n\n<p class=\"has-text-align-right has-small-font-size\">Schon beginnt in meinem Geiste dieses Schwert seines grausamen Amtes zu walten. Ich f\u00fchle, dass mein Herz st\u00e4rker ersch\u00fcttert ist vom Schmerz \u00fcber diese unger\u00e4chte Schuld als von der Gewalt des nahen Todes.<\/p>\n\n\n\n<p><em>Furioso<\/em><\/p>\n\n\n\n<p class=\"has-small-font-size\">Ma se qui non m\u2019\u00e8 dato castigar il tiranno, opprimer l\u2019empio con pi\u00f9 barbaro esempio, per ch\u2019ei sen cada estinto stringer\u00f2 a\u2019 danni suoi mortal saetta, e furibonda e cruda nell\u2019inferno far\u00f2 la mia vendetta.<\/p>\n\n\n\n<p class=\"has-text-align-right has-small-font-size\">Aber wenn es mir hier nicht verg\u00f6nnt ist, den Tyrannen zu strafen, den Ruchlosen niederzudr\u00fccken nach noch barbarischerem Vorbild, damit er tot zu Boden falle, werde ich anlegen den t\u00f6dlichen Pfeil gegen ihn, und schrecklich und grausam werde ich in der Unterwelt meine Rache nehmen.<\/p>\n\n\n<ol class=\"wp-block-footnotes\"><li id=\"240b0757-9f5b-4bb6-9848-1953c721620b\"><a href=\"https:\/\/www.eclassical.com\/shop\/17115\/art1\/5041601-20c126-3149020938805_01.pdf\">https:\/\/www.eclassical.com\/shop\/17115\/art1\/5041601-20c126-3149020938805_01.pdf<\/a>; Zugriff: 28.01.2024. <a href=\"#240b0757-9f5b-4bb6-9848-1953c721620b-link\" aria-label=\"Jump to footnote reference 1\">\u21a9\ufe0e<\/a><\/li><li id=\"359784bd-1728-41ad-b18d-7e1d1bb3abd1\"><a href=\"https:\/\/barbarastrozzi.com\/piece\/amante-loquace\/\">https:\/\/barbarastrozzi.com\/piece\/amante-loquace\/<\/a>; Zugriff: 28.01.2024. <a href=\"#359784bd-1728-41ad-b18d-7e1d1bb3abd1-link\" aria-label=\"Jump to footnote reference 2\">\u21a9\ufe0e<\/a><\/li><li id=\"3c5a026b-cb7d-429d-9318-2f7699d1c045\"><a href=\"https:\/\/booklets.idagio.com\/190295633608.pdf\">https:\/\/booklets.idagio.com\/190295633608.pdf<\/a>; Zugriff: 28.01.2024. <a href=\"#3c5a026b-cb7d-429d-9318-2f7699d1c045-link\" aria-label=\"Jump to footnote reference 3\">\u21a9\ufe0e<\/a><\/li><\/ol>","protected":false},"excerpt":{"rendered":"<p>Claudio Monteverdi (1567 \u2013 1643): \u201eDisprezzata regina\u201c aus L\u2019incoronazione di\u00a0Poppea (1642\/1643) Disprezzata regina,Del monarca romano afflitta moglie,Che fo, ove son, che penso?O delle donne miserabil sesso:Se la natura e&#8217;l cieloLibere ci produce,Il matrimonio c&#8217;incatena serve.Se concepiamo l&#8217;uomo,O delle donne miserabil sesso,Al nostr&#8217;empio tiran formiam le membra,Allattiamo il carnefice crudeleChe ci scarna e ci svena,E siam [&hellip;]<\/p>\n","protected":false},"author":1,"featured_media":0,"parent":0,"menu_order":0,"comment_status":"closed","ping_status":"closed","template":"","meta":{"_monsterinsights_skip_tracking":false,"_monsterinsights_sitenote_active":false,"_monsterinsights_sitenote_note":"","_monsterinsights_sitenote_category":0,"footnotes":"[{\"content\":\"<a href=\\\"https:\/\/www.eclassical.com\/shop\/17115\/art1\/5041601-20c126-3149020938805_01.pdf\\\">https:\/\/www.eclassical.com\/shop\/17115\/art1\/5041601-20c126-3149020938805_01.pdf<\/a>; Zugriff: 28.01.2024.\",\"id\":\"240b0757-9f5b-4bb6-9848-1953c721620b\"},{\"content\":\"<a href=\\\"https:\/\/barbarastrozzi.com\/piece\/amante-loquace\/\\\">https:\/\/barbarastrozzi.com\/piece\/amante-loquace\/<\/a>; Zugriff: 28.01.2024.\",\"id\":\"359784bd-1728-41ad-b18d-7e1d1bb3abd1\"},{\"content\":\"<a href=\\\"https:\/\/booklets.idagio.com\/190295633608.pdf\\\">https:\/\/booklets.idagio.com\/190295633608.pdf<\/a>; Zugriff: 28.01.2024.\",\"id\":\"3c5a026b-cb7d-429d-9318-2f7699d1c045\"}]"},"class_list":["post-1320","page","type-page","status-publish","hentry","entry"],"aioseo_notices":[],"yoast_head":"<!-- This site is optimized with the Yoast SEO plugin v22.6 - https:\/\/yoast.com\/wordpress\/plugins\/seo\/ -->\n<title>Zum Programm - Ein italienisches Kaleidoskop 2024 - Kornraset Narkmun<\/title>\n<meta name=\"robots\" content=\"index, follow, max-snippet:-1, max-image-preview:large, max-video-preview:-1\" \/>\n<link rel=\"canonical\" href=\"https:\/\/kornrasetnarkmun.com\/index.php\/zum-programm-ein-italienisches-kaleidoskop-2024\/\" \/>\n<meta property=\"og:locale\" content=\"en_US\" \/>\n<meta property=\"og:type\" content=\"article\" \/>\n<meta property=\"og:title\" content=\"Zum Programm - Ein italienisches Kaleidoskop 2024 - Kornraset Narkmun\" \/>\n<meta property=\"og:description\" content=\"Claudio Monteverdi (1567 \u2013 1643): \u201eDisprezzata regina\u201c aus L\u2019incoronazione di\u00a0Poppea (1642\/1643) Disprezzata regina,Del monarca romano afflitta moglie,Che fo, ove son, che penso?O delle donne miserabil sesso:Se la natura e&#8217;l cieloLibere ci produce,Il matrimonio c&#8217;incatena serve.Se concepiamo l&#8217;uomo,O delle donne miserabil sesso,Al nostr&#8217;empio tiran formiam le membra,Allattiamo il carnefice crudeleChe ci scarna e ci svena,E siam [&hellip;]\" \/>\n<meta property=\"og:url\" content=\"https:\/\/kornrasetnarkmun.com\/index.php\/zum-programm-ein-italienisches-kaleidoskop-2024\/\" \/>\n<meta property=\"og:site_name\" content=\"Kornraset Narkmun\" \/>\n<meta property=\"article:publisher\" content=\"https:\/\/www.facebook.com\/kornraset\/\" \/>\n<meta property=\"article:modified_time\" content=\"2024-01-29T22:18:58+00:00\" \/>\n<meta name=\"twitter:card\" content=\"summary_large_image\" \/>\n<meta name=\"twitter:label1\" content=\"Est. reading time\" \/>\n\t<meta name=\"twitter:data1\" content=\"6 minutes\" \/>\n<script type=\"application\/ld+json\" class=\"yoast-schema-graph\">{\"@context\":\"https:\/\/schema.org\",\"@graph\":[{\"@type\":\"WebPage\",\"@id\":\"https:\/\/kornrasetnarkmun.com\/index.php\/zum-programm-ein-italienisches-kaleidoskop-2024\/\",\"url\":\"https:\/\/kornrasetnarkmun.com\/index.php\/zum-programm-ein-italienisches-kaleidoskop-2024\/\",\"name\":\"Zum Programm - Ein italienisches Kaleidoskop 2024 - Kornraset Narkmun\",\"isPartOf\":{\"@id\":\"https:\/\/kornrasetnarkmun.com\/#website\"},\"datePublished\":\"2024-01-28T18:34:48+00:00\",\"dateModified\":\"2024-01-29T22:18:58+00:00\",\"breadcrumb\":{\"@id\":\"https:\/\/kornrasetnarkmun.com\/index.php\/zum-programm-ein-italienisches-kaleidoskop-2024\/#breadcrumb\"},\"inLanguage\":\"en-US\",\"potentialAction\":[{\"@type\":\"ReadAction\",\"target\":[\"https:\/\/kornrasetnarkmun.com\/index.php\/zum-programm-ein-italienisches-kaleidoskop-2024\/\"]}]},{\"@type\":\"BreadcrumbList\",\"@id\":\"https:\/\/kornrasetnarkmun.com\/index.php\/zum-programm-ein-italienisches-kaleidoskop-2024\/#breadcrumb\",\"itemListElement\":[{\"@type\":\"ListItem\",\"position\":1,\"name\":\"Home\",\"item\":\"https:\/\/kornrasetnarkmun.com\/\"},{\"@type\":\"ListItem\",\"position\":2,\"name\":\"Zum Programm &#8211; Ein italienisches Kaleidoskop 2024\"}]},{\"@type\":\"WebSite\",\"@id\":\"https:\/\/kornrasetnarkmun.com\/#website\",\"url\":\"https:\/\/kornrasetnarkmun.com\/\",\"name\":\"Kornraset Narkmun\",\"description\":\"Jonas Ensemble\",\"publisher\":{\"@id\":\"https:\/\/kornrasetnarkmun.com\/#organization\"},\"potentialAction\":[{\"@type\":\"SearchAction\",\"target\":{\"@type\":\"EntryPoint\",\"urlTemplate\":\"https:\/\/kornrasetnarkmun.com\/?s={search_term_string}\"},\"query-input\":\"required name=search_term_string\"}],\"inLanguage\":\"en-US\"},{\"@type\":\"Organization\",\"@id\":\"https:\/\/kornrasetnarkmun.com\/#organization\",\"name\":\"Ensemble der schmerzhaften Mutter\",\"url\":\"https:\/\/kornrasetnarkmun.com\/\",\"logo\":{\"@type\":\"ImageObject\",\"inLanguage\":\"en-US\",\"@id\":\"https:\/\/kornrasetnarkmun.com\/#\/schema\/logo\/image\/\",\"url\":\"https:\/\/kornrasetnarkmun.com\/wp-content\/uploads\/2022\/02\/Kornraset-Narkmun-1-1024x683.jpg\",\"contentUrl\":\"https:\/\/kornrasetnarkmun.com\/wp-content\/uploads\/2022\/02\/Kornraset-Narkmun-1-1024x683.jpg\",\"width\":1024,\"height\":683,\"caption\":\"Ensemble der schmerzhaften Mutter\"},\"image\":{\"@id\":\"https:\/\/kornrasetnarkmun.com\/#\/schema\/logo\/image\/\"},\"sameAs\":[\"https:\/\/www.facebook.com\/kornraset\/\",\"https:\/\/www.instagram.com\/pian_oman\/\"]}]}<\/script>\n<!-- \/ Yoast SEO plugin. -->","yoast_head_json":{"title":"Zum Programm - Ein italienisches Kaleidoskop 2024 - Kornraset Narkmun","robots":{"index":"index","follow":"follow","max-snippet":"max-snippet:-1","max-image-preview":"max-image-preview:large","max-video-preview":"max-video-preview:-1"},"canonical":"https:\/\/kornrasetnarkmun.com\/index.php\/zum-programm-ein-italienisches-kaleidoskop-2024\/","og_locale":"en_US","og_type":"article","og_title":"Zum Programm - Ein italienisches Kaleidoskop 2024 - Kornraset Narkmun","og_description":"Claudio Monteverdi (1567 \u2013 1643): \u201eDisprezzata regina\u201c aus L\u2019incoronazione di\u00a0Poppea (1642\/1643) Disprezzata regina,Del monarca romano afflitta moglie,Che fo, ove son, che penso?O delle donne miserabil sesso:Se la natura e&#8217;l cieloLibere ci produce,Il matrimonio c&#8217;incatena serve.Se concepiamo l&#8217;uomo,O delle donne miserabil sesso,Al nostr&#8217;empio tiran formiam le membra,Allattiamo il carnefice crudeleChe ci scarna e ci svena,E siam [&hellip;]","og_url":"https:\/\/kornrasetnarkmun.com\/index.php\/zum-programm-ein-italienisches-kaleidoskop-2024\/","og_site_name":"Kornraset Narkmun","article_publisher":"https:\/\/www.facebook.com\/kornraset\/","article_modified_time":"2024-01-29T22:18:58+00:00","twitter_card":"summary_large_image","twitter_misc":{"Est. reading time":"6 minutes"},"schema":{"@context":"https:\/\/schema.org","@graph":[{"@type":"WebPage","@id":"https:\/\/kornrasetnarkmun.com\/index.php\/zum-programm-ein-italienisches-kaleidoskop-2024\/","url":"https:\/\/kornrasetnarkmun.com\/index.php\/zum-programm-ein-italienisches-kaleidoskop-2024\/","name":"Zum Programm - Ein italienisches Kaleidoskop 2024 - Kornraset Narkmun","isPartOf":{"@id":"https:\/\/kornrasetnarkmun.com\/#website"},"datePublished":"2024-01-28T18:34:48+00:00","dateModified":"2024-01-29T22:18:58+00:00","breadcrumb":{"@id":"https:\/\/kornrasetnarkmun.com\/index.php\/zum-programm-ein-italienisches-kaleidoskop-2024\/#breadcrumb"},"inLanguage":"en-US","potentialAction":[{"@type":"ReadAction","target":["https:\/\/kornrasetnarkmun.com\/index.php\/zum-programm-ein-italienisches-kaleidoskop-2024\/"]}]},{"@type":"BreadcrumbList","@id":"https:\/\/kornrasetnarkmun.com\/index.php\/zum-programm-ein-italienisches-kaleidoskop-2024\/#breadcrumb","itemListElement":[{"@type":"ListItem","position":1,"name":"Home","item":"https:\/\/kornrasetnarkmun.com\/"},{"@type":"ListItem","position":2,"name":"Zum Programm &#8211; Ein italienisches Kaleidoskop 2024"}]},{"@type":"WebSite","@id":"https:\/\/kornrasetnarkmun.com\/#website","url":"https:\/\/kornrasetnarkmun.com\/","name":"Kornraset Narkmun","description":"Jonas Ensemble","publisher":{"@id":"https:\/\/kornrasetnarkmun.com\/#organization"},"potentialAction":[{"@type":"SearchAction","target":{"@type":"EntryPoint","urlTemplate":"https:\/\/kornrasetnarkmun.com\/?s={search_term_string}"},"query-input":"required name=search_term_string"}],"inLanguage":"en-US"},{"@type":"Organization","@id":"https:\/\/kornrasetnarkmun.com\/#organization","name":"Ensemble der schmerzhaften Mutter","url":"https:\/\/kornrasetnarkmun.com\/","logo":{"@type":"ImageObject","inLanguage":"en-US","@id":"https:\/\/kornrasetnarkmun.com\/#\/schema\/logo\/image\/","url":"https:\/\/kornrasetnarkmun.com\/wp-content\/uploads\/2022\/02\/Kornraset-Narkmun-1-1024x683.jpg","contentUrl":"https:\/\/kornrasetnarkmun.com\/wp-content\/uploads\/2022\/02\/Kornraset-Narkmun-1-1024x683.jpg","width":1024,"height":683,"caption":"Ensemble der schmerzhaften Mutter"},"image":{"@id":"https:\/\/kornrasetnarkmun.com\/#\/schema\/logo\/image\/"},"sameAs":["https:\/\/www.facebook.com\/kornraset\/","https:\/\/www.instagram.com\/pian_oman\/"]}]}},"_links":{"self":[{"href":"https:\/\/kornrasetnarkmun.com\/index.php\/wp-json\/wp\/v2\/pages\/1320","targetHints":{"allow":["GET"]}}],"collection":[{"href":"https:\/\/kornrasetnarkmun.com\/index.php\/wp-json\/wp\/v2\/pages"}],"about":[{"href":"https:\/\/kornrasetnarkmun.com\/index.php\/wp-json\/wp\/v2\/types\/page"}],"author":[{"embeddable":true,"href":"https:\/\/kornrasetnarkmun.com\/index.php\/wp-json\/wp\/v2\/users\/1"}],"replies":[{"embeddable":true,"href":"https:\/\/kornrasetnarkmun.com\/index.php\/wp-json\/wp\/v2\/comments?post=1320"}],"version-history":[{"count":15,"href":"https:\/\/kornrasetnarkmun.com\/index.php\/wp-json\/wp\/v2\/pages\/1320\/revisions"}],"predecessor-version":[{"id":1359,"href":"https:\/\/kornrasetnarkmun.com\/index.php\/wp-json\/wp\/v2\/pages\/1320\/revisions\/1359"}],"wp:attachment":[{"href":"https:\/\/kornrasetnarkmun.com\/index.php\/wp-json\/wp\/v2\/media?parent=1320"}],"curies":[{"name":"wp","href":"https:\/\/api.w.org\/{rel}","templated":true}]}}