{"id":1494,"date":"2024-06-15T20:48:58","date_gmt":"2024-06-15T20:48:58","guid":{"rendered":"https:\/\/kornrasetnarkmun.com\/?page_id=1494"},"modified":"2025-05-01T21:00:32","modified_gmt":"2025-05-01T21:00:32","slug":"archiv","status":"publish","type":"page","link":"https:\/\/kornrasetnarkmun.com\/index.php\/archiv\/","title":{"rendered":"Archiv Archiv 2024\/25"},"content":{"rendered":"\n<p><\/p>\n\n\n\n<figure class=\"wp-block-image size-full\"><img loading=\"lazy\" decoding=\"async\" width=\"600\" height=\"874\" src=\"http:\/\/kornrasetnarkmun.com\/wp-content\/uploads\/2024\/12\/WhatsApp-Image-2024-12-11-at-20.48.38.jpeg\" alt=\"\" class=\"wp-image-1625\" srcset=\"https:\/\/kornrasetnarkmun.com\/wp-content\/uploads\/2024\/12\/WhatsApp-Image-2024-12-11-at-20.48.38.jpeg 600w, https:\/\/kornrasetnarkmun.com\/wp-content\/uploads\/2024\/12\/WhatsApp-Image-2024-12-11-at-20.48.38-206x300.jpeg 206w\" sizes=\"auto, (max-width: 600px) 100vw, 600px\" \/><\/figure>\n\n\n\n<figure class=\"wp-block-image size-large\"><img loading=\"lazy\" decoding=\"async\" width=\"724\" height=\"1024\" src=\"http:\/\/kornrasetnarkmun.com\/wp-content\/uploads\/2024\/07\/WhatsApp-Image-2024-07-16-at-15.44.56-724x1024.jpeg\" alt=\"\" class=\"wp-image-1545\" srcset=\"https:\/\/kornrasetnarkmun.com\/wp-content\/uploads\/2024\/07\/WhatsApp-Image-2024-07-16-at-15.44.56-724x1024.jpeg 724w, https:\/\/kornrasetnarkmun.com\/wp-content\/uploads\/2024\/07\/WhatsApp-Image-2024-07-16-at-15.44.56-212x300.jpeg 212w, https:\/\/kornrasetnarkmun.com\/wp-content\/uploads\/2024\/07\/WhatsApp-Image-2024-07-16-at-15.44.56-768x1086.jpeg 768w, https:\/\/kornrasetnarkmun.com\/wp-content\/uploads\/2024\/07\/WhatsApp-Image-2024-07-16-at-15.44.56-1087x1536.jpeg 1087w, https:\/\/kornrasetnarkmun.com\/wp-content\/uploads\/2024\/07\/WhatsApp-Image-2024-07-16-at-15.44.56.jpeg 1132w\" sizes=\"auto, (max-width: 724px) 100vw, 724px\" \/><\/figure>\n\n\n\n<figure class=\"wp-block-image size-large\"><img loading=\"lazy\" decoding=\"async\" width=\"724\" height=\"1024\" src=\"http:\/\/kornrasetnarkmun.com\/wp-content\/uploads\/2024\/06\/Flotenkonzert-mit-Logos-1-724x1024.png\" alt=\"\" class=\"wp-image-1527\" srcset=\"https:\/\/kornrasetnarkmun.com\/wp-content\/uploads\/2024\/06\/Flotenkonzert-mit-Logos-1-724x1024.png 724w, https:\/\/kornrasetnarkmun.com\/wp-content\/uploads\/2024\/06\/Flotenkonzert-mit-Logos-1-212x300.png 212w, https:\/\/kornrasetnarkmun.com\/wp-content\/uploads\/2024\/06\/Flotenkonzert-mit-Logos-1-768x1086.png 768w, https:\/\/kornrasetnarkmun.com\/wp-content\/uploads\/2024\/06\/Flotenkonzert-mit-Logos-1-1086x1536.png 1086w, https:\/\/kornrasetnarkmun.com\/wp-content\/uploads\/2024\/06\/Flotenkonzert-mit-Logos-1-1448x2048.png 1448w, https:\/\/kornrasetnarkmun.com\/wp-content\/uploads\/2024\/06\/Flotenkonzert-mit-Logos-1-1568x2218.png 1568w\" sizes=\"auto, (max-width: 724px) 100vw, 724px\" \/><\/figure>\n\n\n\n<figure class=\"wp-block-image size-large\"><img loading=\"lazy\" decoding=\"async\" width=\"724\" height=\"1024\" src=\"http:\/\/kornrasetnarkmun.com\/wp-content\/uploads\/2024\/08\/Flotenkonzert-spa-724x1024.jpg\" alt=\"\" class=\"wp-image-1564\" srcset=\"https:\/\/kornrasetnarkmun.com\/wp-content\/uploads\/2024\/08\/Flotenkonzert-spa-724x1024.jpg 724w, https:\/\/kornrasetnarkmun.com\/wp-content\/uploads\/2024\/08\/Flotenkonzert-spa-212x300.jpg 212w, https:\/\/kornrasetnarkmun.com\/wp-content\/uploads\/2024\/08\/Flotenkonzert-spa-768x1086.jpg 768w, https:\/\/kornrasetnarkmun.com\/wp-content\/uploads\/2024\/08\/Flotenkonzert-spa-1086x1536.jpg 1086w, https:\/\/kornrasetnarkmun.com\/wp-content\/uploads\/2024\/08\/Flotenkonzert-spa-1448x2048.jpg 1448w, https:\/\/kornrasetnarkmun.com\/wp-content\/uploads\/2024\/08\/Flotenkonzert-spa-1568x2218.jpg 1568w, https:\/\/kornrasetnarkmun.com\/wp-content\/uploads\/2024\/08\/Flotenkonzert-spa-scaled.jpg 1810w\" sizes=\"auto, (max-width: 724px) 100vw, 724px\" \/><\/figure>\n\n\n\n<p><\/p>\n\n\n\n<figure class=\"wp-block-image size-large\"><img loading=\"lazy\" decoding=\"async\" width=\"724\" height=\"1024\" src=\"http:\/\/kornrasetnarkmun.com\/wp-content\/uploads\/2024\/09\/EFES_A2_sept24-print3-724x1024.jpg\" alt=\"\" class=\"wp-image-1596\" srcset=\"https:\/\/kornrasetnarkmun.com\/wp-content\/uploads\/2024\/09\/EFES_A2_sept24-print3-724x1024.jpg 724w, https:\/\/kornrasetnarkmun.com\/wp-content\/uploads\/2024\/09\/EFES_A2_sept24-print3-212x300.jpg 212w, https:\/\/kornrasetnarkmun.com\/wp-content\/uploads\/2024\/09\/EFES_A2_sept24-print3-768x1086.jpg 768w, https:\/\/kornrasetnarkmun.com\/wp-content\/uploads\/2024\/09\/EFES_A2_sept24-print3.jpg 800w\" sizes=\"auto, (max-width: 724px) 100vw, 724px\" \/><\/figure>\n\n\n\n<p><strong>Medea II<\/strong><\/p>\n\n\n\n<p>Edlinger, Narkmun, Benda, Carl Philipp Emanuel Bach, Frescobaldi, Beethoven und Wohanka<\/p>\n\n\n\n<p>mit freundlicher Unterst\u00fctzung von Cembalobau Winfried Hackl<\/p>\n\n\n\n<figure class=\"wp-block-image size-full\"><img loading=\"lazy\" decoding=\"async\" width=\"768\" height=\"1024\" src=\"http:\/\/kornrasetnarkmun.com\/wp-content\/uploads\/2025\/04\/IMG_7607-edited-768x1024-1.jpg\" alt=\"\" class=\"wp-image-1646\" srcset=\"https:\/\/kornrasetnarkmun.com\/wp-content\/uploads\/2025\/04\/IMG_7607-edited-768x1024-1.jpg 768w, https:\/\/kornrasetnarkmun.com\/wp-content\/uploads\/2025\/04\/IMG_7607-edited-768x1024-1-225x300.jpg 225w\" sizes=\"auto, (max-width: 768px) 100vw, 768px\" \/><\/figure>\n\n\n\n<p>Mon, 26.08.2024<\/p>\n\n\n\n<p>PoA Glass Box, Yellow Lane<\/p>\n\n\n\n<h6 class=\"wp-block-heading\"><a href=\"https:\/\/www.peopleofari.com\/events\/empfindsame-monday-night-by-the-jonas-ensemble-duo\">EMPFINDSAME MONDAY NIGHT BY THE JONAS ENSEMBLE DUO<\/a><\/h6>\n\n\n\n<p>The Jonas Ensemble Duo, featuring HCL on violin and Kornraset Narkmun on harpsichord, presents an evening of Baroque music with works by Carl Philipp Emanuel Bach and unique Baroque-inspired improvisations.<\/p>\n\n\n\n<figure class=\"wp-block-image size-full\"><a href=\"https:\/\/kornrasetnarkmun.com\/wp-content\/uploads\/2024\/05\/Programmheft-Ragnitz-2024-06-09.pdf\"><img loading=\"lazy\" decoding=\"async\" width=\"724\" height=\"1024\" src=\"https:\/\/kornrasetnarkmun.com\/wp-content\/uploads\/2024\/06\/Programmheft-Ragnitz-2024-06-09-724x1024-1.jpg\" alt=\"\" class=\"wp-image-1495\" srcset=\"https:\/\/kornrasetnarkmun.com\/wp-content\/uploads\/2024\/06\/Programmheft-Ragnitz-2024-06-09-724x1024-1.jpg 724w, https:\/\/kornrasetnarkmun.com\/wp-content\/uploads\/2024\/06\/Programmheft-Ragnitz-2024-06-09-724x1024-1-212x300.jpg 212w\" sizes=\"auto, (max-width: 724px) 100vw, 724px\" \/><\/a><\/figure>\n\n\n\n<figure class=\"wp-block-image size-full is-resized\"><a href=\"https:\/\/www.langenachtderkirchen.at\/termin\/konzert-der-zentralmusikschule-mattersburg-2\"><img loading=\"lazy\" decoding=\"async\" width=\"945\" height=\"237\" src=\"https:\/\/kornrasetnarkmun.com\/wp-content\/uploads\/2024\/06\/langenachtderkirchen2024_80x20.jpg\" alt=\"\" class=\"wp-image-1496\" style=\"width:665px;height:auto\" srcset=\"https:\/\/kornrasetnarkmun.com\/wp-content\/uploads\/2024\/06\/langenachtderkirchen2024_80x20.jpg 945w, https:\/\/kornrasetnarkmun.com\/wp-content\/uploads\/2024\/06\/langenachtderkirchen2024_80x20-300x75.jpg 300w, https:\/\/kornrasetnarkmun.com\/wp-content\/uploads\/2024\/06\/langenachtderkirchen2024_80x20-768x193.jpg 768w\" sizes=\"auto, (max-width: 945px) 100vw, 945px\" \/><\/a><\/figure>\n\n\n\n<figure class=\"wp-block-image size-full\"><a href=\"https:\/\/www.lendwirbel.at\/\"><img loading=\"lazy\" decoding=\"async\" width=\"724\" height=\"1024\" src=\"https:\/\/kornrasetnarkmun.com\/wp-content\/uploads\/2024\/06\/WhatsApp-Image-2024-04-30-at-17.07.47-724x1024-1.jpg\" alt=\"\" class=\"wp-image-1497\" srcset=\"https:\/\/kornrasetnarkmun.com\/wp-content\/uploads\/2024\/06\/WhatsApp-Image-2024-04-30-at-17.07.47-724x1024-1.jpg 724w, https:\/\/kornrasetnarkmun.com\/wp-content\/uploads\/2024\/06\/WhatsApp-Image-2024-04-30-at-17.07.47-724x1024-1-212x300.jpg 212w\" sizes=\"auto, (max-width: 724px) 100vw, 724px\" \/><\/a><\/figure>\n\n\n\n<figure class=\"wp-block-image size-full\"><a href=\"https:\/\/kornrasetnarkmun.com\/index.php\/medea-2024\/\"><img loading=\"lazy\" decoding=\"async\" width=\"724\" height=\"1024\" src=\"https:\/\/kornrasetnarkmun.com\/wp-content\/uploads\/2024\/06\/WhatsApp-Image-2024-03-28-at-16.01.41-724x1024-1.jpg\" alt=\"\" class=\"wp-image-1498\" srcset=\"https:\/\/kornrasetnarkmun.com\/wp-content\/uploads\/2024\/06\/WhatsApp-Image-2024-03-28-at-16.01.41-724x1024-1.jpg 724w, https:\/\/kornrasetnarkmun.com\/wp-content\/uploads\/2024\/06\/WhatsApp-Image-2024-03-28-at-16.01.41-724x1024-1-212x300.jpg 212w\" sizes=\"auto, (max-width: 724px) 100vw, 724px\" \/><\/a><\/figure>\n\n\n\n<p class=\"has-text-align-center\"><a style=\"font-size: 0.88889em; orphans: 2; text-align: center; white-space: normal; widows: 2; box-sizing: inherit; color: rgb(168, 0, 0);\" href=\"https:\/\/kornrasetnarkmun.com\/index.php\/ein-italienisches-kaleidoskop\/\">Ein italienisches Kaleidoskop \u2013 16:00, 30. J\u00e4nner 2024, Florentinersaal der Kunstuniversit\u00e4t Graz, Leonhardsstra\u00dfe 15, 8010 Graz<\/a><\/p>\n\n\n\n<p class=\"has-text-align-center has-small-font-size\"><a href=\"https:\/\/kornrasetnarkmun.com\/index.php\/cembalo-rezital-2024\/\">Cembalo-Rezital 2024 \u2013 16:00, 16. J\u00e4nner 2024, Florentinersaal der Kunstuniversit\u00e4t Graz, Leonhardsstra\u00dfe 15, 8010 Graz<\/a><\/p>\n\n\n\n<p><\/p>\n","protected":false},"excerpt":{"rendered":"<p>Medea II Edlinger, Narkmun, Benda, Carl Philipp Emanuel Bach, Frescobaldi, Beethoven und Wohanka mit freundlicher Unterst\u00fctzung von Cembalobau Winfried Hackl Mon, 26.08.2024 PoA Glass Box, Yellow Lane EMPFINDSAME MONDAY NIGHT BY THE JONAS ENSEMBLE DUO The Jonas Ensemble Duo, featuring HCL on violin and Kornraset Narkmun on harpsichord, presents an evening of Baroque music with [&hellip;]<\/p>\n","protected":false},"author":1,"featured_media":0,"parent":0,"menu_order":0,"comment_status":"closed","ping_status":"closed","template":"","meta":{"_monsterinsights_skip_tracking":false,"_monsterinsights_sitenote_active":false,"_monsterinsights_sitenote_note":"","_monsterinsights_sitenote_category":0,"footnotes":""},"class_list":["post-1494","page","type-page","status-publish","hentry","entry"],"aioseo_notices":[],"yoast_head":"<!-- This site is optimized with the Yoast SEO plugin v22.6 - https:\/\/yoast.com\/wordpress\/plugins\/seo\/ -->\n<title>Archiv Archiv 2024\/25 - Kornraset Narkmun<\/title>\n<meta name=\"robots\" content=\"index, follow, max-snippet:-1, max-image-preview:large, max-video-preview:-1\" \/>\n<link rel=\"canonical\" href=\"https:\/\/kornrasetnarkmun.com\/index.php\/archiv\/\" \/>\n<meta property=\"og:locale\" content=\"en_US\" \/>\n<meta property=\"og:type\" content=\"article\" \/>\n<meta property=\"og:title\" content=\"Archiv Archiv 2024\/25 - Kornraset Narkmun\" \/>\n<meta property=\"og:description\" content=\"Medea II Edlinger, Narkmun, Benda, Carl Philipp Emanuel Bach, Frescobaldi, Beethoven und Wohanka mit freundlicher Unterst\u00fctzung von Cembalobau Winfried Hackl Mon, 26.08.2024 PoA Glass Box, Yellow Lane EMPFINDSAME MONDAY NIGHT BY THE JONAS ENSEMBLE DUO The Jonas Ensemble Duo, featuring HCL on violin and Kornraset Narkmun on harpsichord, presents an evening of Baroque music with [&hellip;]\" \/>\n<meta property=\"og:url\" content=\"https:\/\/kornrasetnarkmun.com\/index.php\/archiv\/\" \/>\n<meta property=\"og:site_name\" content=\"Kornraset Narkmun\" \/>\n<meta property=\"article:publisher\" content=\"https:\/\/www.facebook.com\/kornraset\/\" \/>\n<meta property=\"article:modified_time\" content=\"2025-05-01T21:00:32+00:00\" \/>\n<meta property=\"og:image\" content=\"http:\/\/kornrasetnarkmun.com\/wp-content\/uploads\/2024\/12\/WhatsApp-Image-2024-12-11-at-20.48.38.jpeg\" \/>\n<meta name=\"twitter:card\" content=\"summary_large_image\" \/>\n<meta name=\"twitter:label1\" content=\"Est. reading time\" \/>\n\t<meta name=\"twitter:data1\" content=\"3 minutes\" \/>\n<script type=\"application\/ld+json\" class=\"yoast-schema-graph\">{\"@context\":\"https:\/\/schema.org\",\"@graph\":[{\"@type\":\"WebPage\",\"@id\":\"https:\/\/kornrasetnarkmun.com\/index.php\/archiv\/\",\"url\":\"https:\/\/kornrasetnarkmun.com\/index.php\/archiv\/\",\"name\":\"Archiv Archiv 2024\/25 - Kornraset Narkmun\",\"isPartOf\":{\"@id\":\"https:\/\/kornrasetnarkmun.com\/#website\"},\"primaryImageOfPage\":{\"@id\":\"https:\/\/kornrasetnarkmun.com\/index.php\/archiv\/#primaryimage\"},\"image\":{\"@id\":\"https:\/\/kornrasetnarkmun.com\/index.php\/archiv\/#primaryimage\"},\"thumbnailUrl\":\"http:\/\/kornrasetnarkmun.com\/wp-content\/uploads\/2024\/12\/WhatsApp-Image-2024-12-11-at-20.48.38.jpeg\",\"datePublished\":\"2024-06-15T20:48:58+00:00\",\"dateModified\":\"2025-05-01T21:00:32+00:00\",\"breadcrumb\":{\"@id\":\"https:\/\/kornrasetnarkmun.com\/index.php\/archiv\/#breadcrumb\"},\"inLanguage\":\"en-US\",\"potentialAction\":[{\"@type\":\"ReadAction\",\"target\":[\"https:\/\/kornrasetnarkmun.com\/index.php\/archiv\/\"]}]},{\"@type\":\"ImageObject\",\"inLanguage\":\"en-US\",\"@id\":\"https:\/\/kornrasetnarkmun.com\/index.php\/archiv\/#primaryimage\",\"url\":\"http:\/\/kornrasetnarkmun.com\/wp-content\/uploads\/2024\/12\/WhatsApp-Image-2024-12-11-at-20.48.38.jpeg\",\"contentUrl\":\"http:\/\/kornrasetnarkmun.com\/wp-content\/uploads\/2024\/12\/WhatsApp-Image-2024-12-11-at-20.48.38.jpeg\"},{\"@type\":\"BreadcrumbList\",\"@id\":\"https:\/\/kornrasetnarkmun.com\/index.php\/archiv\/#breadcrumb\",\"itemListElement\":[{\"@type\":\"ListItem\",\"position\":1,\"name\":\"Home\",\"item\":\"https:\/\/kornrasetnarkmun.com\/\"},{\"@type\":\"ListItem\",\"position\":2,\"name\":\"Archiv Archiv 2024\/25\"}]},{\"@type\":\"WebSite\",\"@id\":\"https:\/\/kornrasetnarkmun.com\/#website\",\"url\":\"https:\/\/kornrasetnarkmun.com\/\",\"name\":\"Kornraset Narkmun\",\"description\":\"Jonas Ensemble\",\"publisher\":{\"@id\":\"https:\/\/kornrasetnarkmun.com\/#organization\"},\"potentialAction\":[{\"@type\":\"SearchAction\",\"target\":{\"@type\":\"EntryPoint\",\"urlTemplate\":\"https:\/\/kornrasetnarkmun.com\/?s={search_term_string}\"},\"query-input\":\"required name=search_term_string\"}],\"inLanguage\":\"en-US\"},{\"@type\":\"Organization\",\"@id\":\"https:\/\/kornrasetnarkmun.com\/#organization\",\"name\":\"Ensemble der schmerzhaften Mutter\",\"url\":\"https:\/\/kornrasetnarkmun.com\/\",\"logo\":{\"@type\":\"ImageObject\",\"inLanguage\":\"en-US\",\"@id\":\"https:\/\/kornrasetnarkmun.com\/#\/schema\/logo\/image\/\",\"url\":\"https:\/\/kornrasetnarkmun.com\/wp-content\/uploads\/2022\/02\/Kornraset-Narkmun-1-1024x683.jpg\",\"contentUrl\":\"https:\/\/kornrasetnarkmun.com\/wp-content\/uploads\/2022\/02\/Kornraset-Narkmun-1-1024x683.jpg\",\"width\":1024,\"height\":683,\"caption\":\"Ensemble der schmerzhaften Mutter\"},\"image\":{\"@id\":\"https:\/\/kornrasetnarkmun.com\/#\/schema\/logo\/image\/\"},\"sameAs\":[\"https:\/\/www.facebook.com\/kornraset\/\",\"https:\/\/www.instagram.com\/pian_oman\/\"]}]}<\/script>\n<!-- \/ Yoast SEO plugin. -->","yoast_head_json":{"title":"Archiv Archiv 2024\/25 - Kornraset Narkmun","robots":{"index":"index","follow":"follow","max-snippet":"max-snippet:-1","max-image-preview":"max-image-preview:large","max-video-preview":"max-video-preview:-1"},"canonical":"https:\/\/kornrasetnarkmun.com\/index.php\/archiv\/","og_locale":"en_US","og_type":"article","og_title":"Archiv Archiv 2024\/25 - Kornraset Narkmun","og_description":"Medea II Edlinger, Narkmun, Benda, Carl Philipp Emanuel Bach, Frescobaldi, Beethoven und Wohanka mit freundlicher Unterst\u00fctzung von Cembalobau Winfried Hackl Mon, 26.08.2024 PoA Glass Box, Yellow Lane EMPFINDSAME MONDAY NIGHT BY THE JONAS ENSEMBLE DUO The Jonas Ensemble Duo, featuring HCL on violin and Kornraset Narkmun on harpsichord, presents an evening of Baroque music with [&hellip;]","og_url":"https:\/\/kornrasetnarkmun.com\/index.php\/archiv\/","og_site_name":"Kornraset Narkmun","article_publisher":"https:\/\/www.facebook.com\/kornraset\/","article_modified_time":"2025-05-01T21:00:32+00:00","og_image":[{"url":"http:\/\/kornrasetnarkmun.com\/wp-content\/uploads\/2024\/12\/WhatsApp-Image-2024-12-11-at-20.48.38.jpeg"}],"twitter_card":"summary_large_image","twitter_misc":{"Est. reading time":"3 minutes"},"schema":{"@context":"https:\/\/schema.org","@graph":[{"@type":"WebPage","@id":"https:\/\/kornrasetnarkmun.com\/index.php\/archiv\/","url":"https:\/\/kornrasetnarkmun.com\/index.php\/archiv\/","name":"Archiv Archiv 2024\/25 - Kornraset Narkmun","isPartOf":{"@id":"https:\/\/kornrasetnarkmun.com\/#website"},"primaryImageOfPage":{"@id":"https:\/\/kornrasetnarkmun.com\/index.php\/archiv\/#primaryimage"},"image":{"@id":"https:\/\/kornrasetnarkmun.com\/index.php\/archiv\/#primaryimage"},"thumbnailUrl":"http:\/\/kornrasetnarkmun.com\/wp-content\/uploads\/2024\/12\/WhatsApp-Image-2024-12-11-at-20.48.38.jpeg","datePublished":"2024-06-15T20:48:58+00:00","dateModified":"2025-05-01T21:00:32+00:00","breadcrumb":{"@id":"https:\/\/kornrasetnarkmun.com\/index.php\/archiv\/#breadcrumb"},"inLanguage":"en-US","potentialAction":[{"@type":"ReadAction","target":["https:\/\/kornrasetnarkmun.com\/index.php\/archiv\/"]}]},{"@type":"ImageObject","inLanguage":"en-US","@id":"https:\/\/kornrasetnarkmun.com\/index.php\/archiv\/#primaryimage","url":"http:\/\/kornrasetnarkmun.com\/wp-content\/uploads\/2024\/12\/WhatsApp-Image-2024-12-11-at-20.48.38.jpeg","contentUrl":"http:\/\/kornrasetnarkmun.com\/wp-content\/uploads\/2024\/12\/WhatsApp-Image-2024-12-11-at-20.48.38.jpeg"},{"@type":"BreadcrumbList","@id":"https:\/\/kornrasetnarkmun.com\/index.php\/archiv\/#breadcrumb","itemListElement":[{"@type":"ListItem","position":1,"name":"Home","item":"https:\/\/kornrasetnarkmun.com\/"},{"@type":"ListItem","position":2,"name":"Archiv Archiv 2024\/25"}]},{"@type":"WebSite","@id":"https:\/\/kornrasetnarkmun.com\/#website","url":"https:\/\/kornrasetnarkmun.com\/","name":"Kornraset Narkmun","description":"Jonas Ensemble","publisher":{"@id":"https:\/\/kornrasetnarkmun.com\/#organization"},"potentialAction":[{"@type":"SearchAction","target":{"@type":"EntryPoint","urlTemplate":"https:\/\/kornrasetnarkmun.com\/?s={search_term_string}"},"query-input":"required name=search_term_string"}],"inLanguage":"en-US"},{"@type":"Organization","@id":"https:\/\/kornrasetnarkmun.com\/#organization","name":"Ensemble der schmerzhaften Mutter","url":"https:\/\/kornrasetnarkmun.com\/","logo":{"@type":"ImageObject","inLanguage":"en-US","@id":"https:\/\/kornrasetnarkmun.com\/#\/schema\/logo\/image\/","url":"https:\/\/kornrasetnarkmun.com\/wp-content\/uploads\/2022\/02\/Kornraset-Narkmun-1-1024x683.jpg","contentUrl":"https:\/\/kornrasetnarkmun.com\/wp-content\/uploads\/2022\/02\/Kornraset-Narkmun-1-1024x683.jpg","width":1024,"height":683,"caption":"Ensemble der schmerzhaften Mutter"},"image":{"@id":"https:\/\/kornrasetnarkmun.com\/#\/schema\/logo\/image\/"},"sameAs":["https:\/\/www.facebook.com\/kornraset\/","https:\/\/www.instagram.com\/pian_oman\/"]}]}},"_links":{"self":[{"href":"https:\/\/kornrasetnarkmun.com\/index.php\/wp-json\/wp\/v2\/pages\/1494","targetHints":{"allow":["GET"]}}],"collection":[{"href":"https:\/\/kornrasetnarkmun.com\/index.php\/wp-json\/wp\/v2\/pages"}],"about":[{"href":"https:\/\/kornrasetnarkmun.com\/index.php\/wp-json\/wp\/v2\/types\/page"}],"author":[{"embeddable":true,"href":"https:\/\/kornrasetnarkmun.com\/index.php\/wp-json\/wp\/v2\/users\/1"}],"replies":[{"embeddable":true,"href":"https:\/\/kornrasetnarkmun.com\/index.php\/wp-json\/wp\/v2\/comments?post=1494"}],"version-history":[{"count":5,"href":"https:\/\/kornrasetnarkmun.com\/index.php\/wp-json\/wp\/v2\/pages\/1494\/revisions"}],"predecessor-version":[{"id":1695,"href":"https:\/\/kornrasetnarkmun.com\/index.php\/wp-json\/wp\/v2\/pages\/1494\/revisions\/1695"}],"wp:attachment":[{"href":"https:\/\/kornrasetnarkmun.com\/index.php\/wp-json\/wp\/v2\/media?parent=1494"}],"curies":[{"name":"wp","href":"https:\/\/api.w.org\/{rel}","templated":true}]}}