{"id":1772,"date":"2025-06-03T21:34:08","date_gmt":"2025-06-03T21:34:08","guid":{"rendered":"https:\/\/kornrasetnarkmun.com\/?page_id=1772"},"modified":"2025-06-03T21:39:10","modified_gmt":"2025-06-03T21:39:10","slug":"hiob-2025","status":"publish","type":"page","link":"https:\/\/kornrasetnarkmun.com\/index.php\/hiob-2025\/","title":{"rendered":"Hiob 2025"},"content":{"rendered":"\n<figure class=\"wp-block-image size-large\"><img loading=\"lazy\" decoding=\"async\" width=\"1024\" height=\"1024\" src=\"https:\/\/kornrasetnarkmun.com\/wp-content\/uploads\/2025\/06\/Job-Logo-1024x1024.jpg\" alt=\"\" class=\"wp-image-1774\" srcset=\"https:\/\/kornrasetnarkmun.com\/wp-content\/uploads\/2025\/06\/Job-Logo-1024x1024.jpg 1024w, https:\/\/kornrasetnarkmun.com\/wp-content\/uploads\/2025\/06\/Job-Logo-300x300.jpg 300w, https:\/\/kornrasetnarkmun.com\/wp-content\/uploads\/2025\/06\/Job-Logo-150x150.jpg 150w, https:\/\/kornrasetnarkmun.com\/wp-content\/uploads\/2025\/06\/Job-Logo-768x768.jpg 768w, https:\/\/kornrasetnarkmun.com\/wp-content\/uploads\/2025\/06\/Job-Logo.jpg 1200w\" sizes=\"auto, (max-width: 1024px) 100vw, 1024px\" \/><\/figure>\n\n\n\n<p class=\"has-text-align-center has-small-font-size\">Sonntag, 15. Juni 2025, 17:00<\/p>\n\n\n\n<p class=\"has-text-align-center has-small-font-size\"><a href=\"https:\/\/marienpfarre-graz.graz-seckau.at\/\">Kirche der Schmerzhaften Mutter<\/a><\/p>\n\n\n\n<p class=\"has-text-align-center has-small-font-size\">Mariengasse 8020, Graz<\/p>\n\n\n\n<p><\/p>\n\n\n\n<p class=\"has-text-align-center has-small-font-size\">Dienstag, 01. Juli 2025, 19:00<\/p>\n\n\n\n<p class=\"has-text-align-center has-small-font-size\"><a href=\"https:\/\/www.tourismus-weiz.at\/ausflugsziel\/taborkirche\/\">Taborkirche<\/a><\/p>\n\n\n\n<p class=\"has-text-align-center has-small-font-size\">Hauptplatz 91, 8160 Weiz<\/p>\n\n\n\n<p><\/p>\n\n\n\n<p><iframe loading=\"lazy\" width=\"100%\" height=\"300\" scrolling=\"no\" frameborder=\"no\" allow=\"autoplay\" src=\"https:\/\/w.soundcloud.com\/player\/?url=https%3A\/\/api.soundcloud.com\/tracks\/2117626716&amp;color=%236194a3&amp;auto_play=false&amp;hide_related=false&amp;show_comments=true&amp;show_user=true&amp;show_reposts=false&amp;show_teaser=true&amp;visual=true\"><\/iframe><\/p>\n\n\n\n<p class=\"has-text-align-right\" style=\"font-size:14px\">Live Aufnahme: 15.06.2025 Richard Tamas<\/p>\n\n\n\n<p class=\"has-text-align-center has-huge-font-size\">Der Jammervolle so gedultig als unschuldig-leydende Hussiten F\u00fcrst Hiob<sup data-fn=\"43d9666a-49fe-482f-abf1-4181cb4e62e3\" class=\"fn\"><a href=\"#43d9666a-49fe-482f-abf1-4181cb4e62e3\" id=\"43d9666a-49fe-482f-abf1-4181cb4e62e3-link\">1<\/a><\/sup><\/p>\n\n\n\n<p class=\"has-small-font-size\">Das Oratorium \u201eDer jammervolle, so geduldig als unschuldig-leidende Hussitenf\u00fcrst Hiob\u201c ist ein Werk des Komponisten Gregor Joseph Werner (1693\u20131766), der von 1728 bis zu seinem Tod als Kapellmeister der F\u00fcrsten Esterh\u00e1zy wirkte. Er war damit der unmittelbare Vorg\u00e4nger Joseph Haydns in dieser Funktion.<\/p>\n\n\n\n<p class=\"has-small-font-size\">Werners umfangreiches kirchenmusikalisches Schaffen ist bislang nur zum Teil erschlossen. Charakteristisch f\u00fcr seine Tonsprache sind eine klangliche \u00d6konomie und eine textnahe musikalische Rhetorik \u2014 so direkt, kunstvoll und plakativ zugleich.<\/p>\n\n\n\n<p class=\"has-small-font-size\">Vielmehr arbeitet Werner mit harmonisch ma\u00dfvollen, fast tr\u00f6stenden Dissonanzen, die der Musik trotz aller Vielgestaltigkeit einen ruhig atmenden, kontemplativen Grundton verleihen.<\/p>\n\n\n\n<p class=\"has-small-font-size\">Gerade im Kontrast zwischen den biblischen Texten \u2014 etwa:&nbsp;<\/p>\n\n\n\n<p class=\"has-small-font-size\">\u201eNackt bin ich zur Welt gekommen, und nackt verlasse ich sie wieder. Herr, du hast mir alles gegeben, du hast mir alles genommen \u2013 dich will ich preisen!\u201c (Hiob 1,21) \u2014 und den volkst\u00fcmlich gepr\u00e4gten moralischen Kommentaren, wie:&nbsp;<\/p>\n\n\n\n<figure class=\"wp-block-pullquote has-small-font-size\"><blockquote><p>\u201eWer nicht streithet [sic!] wie ein Mann, hat kein Recht zur Himmelsfron.\u201c<\/p><\/blockquote><\/figure>\n\n\n\n<p class=\"has-small-font-size\">zeigt sich die Vielschichtigkeit der Komposition.&nbsp;<\/p>\n\n\n\n<p class=\"has-small-font-size\">Sie spiegelt den Duktus einer Fr\u00f6mmigkeit, wie sie im l\u00e4ndlichen Umfeld der Esterh\u00e1zy-H\u00f6fe gepflegt wurde: eine Mischung aus tiefer Bibelfr\u00f6mmigkeit und volkst\u00fcmlich-moralischer Lebensklugheit.<\/p>\n\n\n\n<p class=\"has-small-font-size\">Diese Reibung von gelehrtem und einfachem Ausdruck, von universellem Thema und regionalem Kolorit macht das Werk <em>hoffentlich<\/em> heute so h\u00f6renswert \u2014 und die Wiederauff\u00fchrung zu einem besonderen Moment der inner\u00f6sterreichischen Musikgeschichte.<\/p>\n\n\n\n<p><\/p>\n\n\n\n<p>Besetzung:<\/p>\n\n\n\n<p>Hiob: <a href=\"https:\/\/dersi.stvr.sk\/clanky\/kultur-geschichte\/400247\/richard-tamas-ein-slowakischer-tenor-in-graz\">Richard Tamas<\/a><\/p>\n\n\n\n<p>Eliphas\/Leviathan: <a href=\"https:\/\/neuesmusiktheater.com\/ensemble\/andrejus-kalinovas-tenor\/#:~:text=Andrejus%20Kalinovas%20stammt%20aus%20Litauen,Eduardas%20Kaniava.\">Andrejus Kalinovas<\/a><\/p>\n\n\n\n<p>Hiobs Frau: <a href=\"https:\/\/www.dorit-machatsch.com\/\">Dorit Machatsch<\/a><\/p>\n\n\n\n<p>Sch\u00f6pfer: <a href=\"https:\/\/styriarte.com\/kuenstler\/florian-widmann\">Florian Widmann<\/a><\/p>\n\n\n\n<p>KMV4 Choreinstudierung \u2013 Johannes Steinwender (01.07)<\/p>\n\n\n\n<p>Jonas Ensemble \u2013 Kornraset Narkmun<\/p>\n\n\n\n<p class=\"has-text-align-center\"><a href=\"https:\/\/kornrasetnarkmun.com\/index.php\/ticketshop\/\">Reservierung<\/a><\/p>\n\n\n\n<p>Mit freundlicher Unterst\u00fctzung von<\/p>\n\n\n\n<div class=\"wp-block-columns is-layout-flex wp-container-core-columns-is-layout-9d6595d7 wp-block-columns-is-layout-flex\">\n<div class=\"wp-block-column is-layout-flow wp-block-column-is-layout-flow\">\n<figure class=\"wp-block-image size-large is-resized\"><img loading=\"lazy\" decoding=\"async\" width=\"1024\" height=\"282\" src=\"http:\/\/kornrasetnarkmun.com\/wp-content\/uploads\/2022\/05\/GRAZ-1024x282.jpeg\" alt=\"\" class=\"wp-image-423\" style=\"width:264px;height:auto\" srcset=\"https:\/\/kornrasetnarkmun.com\/wp-content\/uploads\/2022\/05\/GRAZ-1024x282.jpeg 1024w, https:\/\/kornrasetnarkmun.com\/wp-content\/uploads\/2022\/05\/GRAZ-300x83.jpeg 300w, https:\/\/kornrasetnarkmun.com\/wp-content\/uploads\/2022\/05\/GRAZ-768x212.jpeg 768w, https:\/\/kornrasetnarkmun.com\/wp-content\/uploads\/2022\/05\/GRAZ-1536x423.jpeg 1536w, https:\/\/kornrasetnarkmun.com\/wp-content\/uploads\/2022\/05\/GRAZ-1568x432.jpeg 1568w, https:\/\/kornrasetnarkmun.com\/wp-content\/uploads\/2022\/05\/GRAZ.jpeg 1890w\" sizes=\"auto, (max-width: 1024px) 100vw, 1024px\" \/><\/figure>\n<\/div>\n\n\n\n<div class=\"wp-block-column is-layout-flow wp-block-column-is-layout-flow\">\n<figure class=\"wp-block-image size-large is-resized\"><img loading=\"lazy\" decoding=\"async\" width=\"1772\" height=\"997\" src=\"https:\/\/kornrasetnarkmun.com\/wp-content\/uploads\/2025\/06\/A9_Kultur_Europa_Sport-1-edited.jpeg\" alt=\"\" class=\"wp-image-1775\" style=\"width:216px;height:auto\" srcset=\"https:\/\/kornrasetnarkmun.com\/wp-content\/uploads\/2025\/06\/A9_Kultur_Europa_Sport-1-edited.jpeg 1772w, https:\/\/kornrasetnarkmun.com\/wp-content\/uploads\/2025\/06\/A9_Kultur_Europa_Sport-1-edited-300x169.jpeg 300w, https:\/\/kornrasetnarkmun.com\/wp-content\/uploads\/2025\/06\/A9_Kultur_Europa_Sport-1-edited-1024x576.jpeg 1024w, https:\/\/kornrasetnarkmun.com\/wp-content\/uploads\/2025\/06\/A9_Kultur_Europa_Sport-1-edited-768x432.jpeg 768w, https:\/\/kornrasetnarkmun.com\/wp-content\/uploads\/2025\/06\/A9_Kultur_Europa_Sport-1-edited-1536x864.jpeg 1536w, https:\/\/kornrasetnarkmun.com\/wp-content\/uploads\/2025\/06\/A9_Kultur_Europa_Sport-1-edited-1568x882.jpeg 1568w\" sizes=\"auto, (max-width: 1772px) 100vw, 1772px\" \/><\/figure>\n<\/div>\n<\/div>\n\n\n\n<p class=\"has-text-align-center\" style=\"font-size:13px\">Programmheft<\/p>\n\n\n<ol style=\"font-size:16px;\" class=\"wp-block-footnotes\"><li id=\"43d9666a-49fe-482f-abf1-4181cb4e62e3\">Der Jammervolle so gedultig als unschuldig-leydende Hussiten F\u00fcrst Job, H-Bn Ms.mus III.7 <a href=\"#43d9666a-49fe-482f-abf1-4181cb4e62e3-link\" aria-label=\"Jump to footnote reference 1\">\u21a9\ufe0e<\/a><\/li><\/ol>\n\n\n<p><\/p>\n","protected":false},"excerpt":{"rendered":"<p>Sonntag, 15. Juni 2025, 17:00 Kirche der Schmerzhaften Mutter Mariengasse 8020, Graz Dienstag, 01. Juli 2025, 19:00 Taborkirche Hauptplatz 91, 8160 Weiz Live Aufnahme: 15.06.2025 Richard Tamas Der Jammervolle so gedultig als unschuldig-leydende Hussiten F\u00fcrst Hiob Das Oratorium \u201eDer jammervolle, so geduldig als unschuldig-leidende Hussitenf\u00fcrst Hiob\u201c ist ein Werk des Komponisten Gregor Joseph Werner (1693\u20131766), [&hellip;]<\/p>\n","protected":false},"author":1,"featured_media":0,"parent":0,"menu_order":0,"comment_status":"closed","ping_status":"closed","template":"","meta":{"_monsterinsights_skip_tracking":false,"_monsterinsights_sitenote_active":false,"_monsterinsights_sitenote_note":"","_monsterinsights_sitenote_category":0,"footnotes":"[{\"content\":\"Der Jammervolle so gedultig als unschuldig-leydende Hussiten F\u00fcrst Job, H-Bn Ms.mus III.7\",\"id\":\"43d9666a-49fe-482f-abf1-4181cb4e62e3\"}]"},"class_list":["post-1772","page","type-page","status-publish","hentry","entry"],"aioseo_notices":[],"yoast_head":"<!-- This site is optimized with the Yoast SEO plugin v22.6 - https:\/\/yoast.com\/wordpress\/plugins\/seo\/ -->\n<title>Hiob 2025 - Kornraset Narkmun<\/title>\n<meta name=\"robots\" content=\"index, follow, max-snippet:-1, max-image-preview:large, max-video-preview:-1\" \/>\n<link rel=\"canonical\" href=\"https:\/\/kornrasetnarkmun.com\/index.php\/hiob-2025\/\" \/>\n<meta property=\"og:locale\" content=\"en_US\" \/>\n<meta property=\"og:type\" content=\"article\" \/>\n<meta property=\"og:title\" content=\"Hiob 2025 - Kornraset Narkmun\" \/>\n<meta property=\"og:description\" content=\"Sonntag, 15. Juni 2025, 17:00 Kirche der Schmerzhaften Mutter Mariengasse 8020, Graz Dienstag, 01. Juli 2025, 19:00 Taborkirche Hauptplatz 91, 8160 Weiz Live Aufnahme: 15.06.2025 Richard Tamas Der Jammervolle so gedultig als unschuldig-leydende Hussiten F\u00fcrst Hiob Das Oratorium \u201eDer jammervolle, so geduldig als unschuldig-leidende Hussitenf\u00fcrst Hiob\u201c ist ein Werk des Komponisten Gregor Joseph Werner (1693\u20131766), [&hellip;]\" \/>\n<meta property=\"og:url\" content=\"https:\/\/kornrasetnarkmun.com\/index.php\/hiob-2025\/\" \/>\n<meta property=\"og:site_name\" content=\"Kornraset Narkmun\" \/>\n<meta property=\"article:publisher\" content=\"https:\/\/www.facebook.com\/kornraset\/\" \/>\n<meta property=\"article:modified_time\" content=\"2025-06-03T21:39:10+00:00\" \/>\n<meta property=\"og:image\" content=\"https:\/\/kornrasetnarkmun.com\/wp-content\/uploads\/2025\/06\/Job-Logo-1024x1024.jpg\" \/>\n<meta name=\"twitter:card\" content=\"summary_large_image\" \/>\n<meta name=\"twitter:label1\" content=\"Est. reading time\" \/>\n\t<meta name=\"twitter:data1\" content=\"2 minutes\" \/>\n<script type=\"application\/ld+json\" class=\"yoast-schema-graph\">{\"@context\":\"https:\/\/schema.org\",\"@graph\":[{\"@type\":\"WebPage\",\"@id\":\"https:\/\/kornrasetnarkmun.com\/index.php\/hiob-2025\/\",\"url\":\"https:\/\/kornrasetnarkmun.com\/index.php\/hiob-2025\/\",\"name\":\"Hiob 2025 - Kornraset Narkmun\",\"isPartOf\":{\"@id\":\"https:\/\/kornrasetnarkmun.com\/#website\"},\"primaryImageOfPage\":{\"@id\":\"https:\/\/kornrasetnarkmun.com\/index.php\/hiob-2025\/#primaryimage\"},\"image\":{\"@id\":\"https:\/\/kornrasetnarkmun.com\/index.php\/hiob-2025\/#primaryimage\"},\"thumbnailUrl\":\"https:\/\/kornrasetnarkmun.com\/wp-content\/uploads\/2025\/06\/Job-Logo-1024x1024.jpg\",\"datePublished\":\"2025-06-03T21:34:08+00:00\",\"dateModified\":\"2025-06-03T21:39:10+00:00\",\"breadcrumb\":{\"@id\":\"https:\/\/kornrasetnarkmun.com\/index.php\/hiob-2025\/#breadcrumb\"},\"inLanguage\":\"en-US\",\"potentialAction\":[{\"@type\":\"ReadAction\",\"target\":[\"https:\/\/kornrasetnarkmun.com\/index.php\/hiob-2025\/\"]}]},{\"@type\":\"ImageObject\",\"inLanguage\":\"en-US\",\"@id\":\"https:\/\/kornrasetnarkmun.com\/index.php\/hiob-2025\/#primaryimage\",\"url\":\"https:\/\/kornrasetnarkmun.com\/wp-content\/uploads\/2025\/06\/Job-Logo.jpg\",\"contentUrl\":\"https:\/\/kornrasetnarkmun.com\/wp-content\/uploads\/2025\/06\/Job-Logo.jpg\",\"width\":1200,\"height\":1200},{\"@type\":\"BreadcrumbList\",\"@id\":\"https:\/\/kornrasetnarkmun.com\/index.php\/hiob-2025\/#breadcrumb\",\"itemListElement\":[{\"@type\":\"ListItem\",\"position\":1,\"name\":\"Home\",\"item\":\"https:\/\/kornrasetnarkmun.com\/\"},{\"@type\":\"ListItem\",\"position\":2,\"name\":\"Hiob 2025\"}]},{\"@type\":\"WebSite\",\"@id\":\"https:\/\/kornrasetnarkmun.com\/#website\",\"url\":\"https:\/\/kornrasetnarkmun.com\/\",\"name\":\"Kornraset Narkmun\",\"description\":\"Jonas Ensemble\",\"publisher\":{\"@id\":\"https:\/\/kornrasetnarkmun.com\/#organization\"},\"potentialAction\":[{\"@type\":\"SearchAction\",\"target\":{\"@type\":\"EntryPoint\",\"urlTemplate\":\"https:\/\/kornrasetnarkmun.com\/?s={search_term_string}\"},\"query-input\":\"required name=search_term_string\"}],\"inLanguage\":\"en-US\"},{\"@type\":\"Organization\",\"@id\":\"https:\/\/kornrasetnarkmun.com\/#organization\",\"name\":\"Ensemble der schmerzhaften Mutter\",\"url\":\"https:\/\/kornrasetnarkmun.com\/\",\"logo\":{\"@type\":\"ImageObject\",\"inLanguage\":\"en-US\",\"@id\":\"https:\/\/kornrasetnarkmun.com\/#\/schema\/logo\/image\/\",\"url\":\"https:\/\/kornrasetnarkmun.com\/wp-content\/uploads\/2022\/02\/Kornraset-Narkmun-1-1024x683.jpg\",\"contentUrl\":\"https:\/\/kornrasetnarkmun.com\/wp-content\/uploads\/2022\/02\/Kornraset-Narkmun-1-1024x683.jpg\",\"width\":1024,\"height\":683,\"caption\":\"Ensemble der schmerzhaften Mutter\"},\"image\":{\"@id\":\"https:\/\/kornrasetnarkmun.com\/#\/schema\/logo\/image\/\"},\"sameAs\":[\"https:\/\/www.facebook.com\/kornraset\/\",\"https:\/\/www.instagram.com\/pian_oman\/\"]}]}<\/script>\n<!-- \/ Yoast SEO plugin. -->","yoast_head_json":{"title":"Hiob 2025 - Kornraset Narkmun","robots":{"index":"index","follow":"follow","max-snippet":"max-snippet:-1","max-image-preview":"max-image-preview:large","max-video-preview":"max-video-preview:-1"},"canonical":"https:\/\/kornrasetnarkmun.com\/index.php\/hiob-2025\/","og_locale":"en_US","og_type":"article","og_title":"Hiob 2025 - Kornraset Narkmun","og_description":"Sonntag, 15. Juni 2025, 17:00 Kirche der Schmerzhaften Mutter Mariengasse 8020, Graz Dienstag, 01. Juli 2025, 19:00 Taborkirche Hauptplatz 91, 8160 Weiz Live Aufnahme: 15.06.2025 Richard Tamas Der Jammervolle so gedultig als unschuldig-leydende Hussiten F\u00fcrst Hiob Das Oratorium \u201eDer jammervolle, so geduldig als unschuldig-leidende Hussitenf\u00fcrst Hiob\u201c ist ein Werk des Komponisten Gregor Joseph Werner (1693\u20131766), [&hellip;]","og_url":"https:\/\/kornrasetnarkmun.com\/index.php\/hiob-2025\/","og_site_name":"Kornraset Narkmun","article_publisher":"https:\/\/www.facebook.com\/kornraset\/","article_modified_time":"2025-06-03T21:39:10+00:00","og_image":[{"url":"https:\/\/kornrasetnarkmun.com\/wp-content\/uploads\/2025\/06\/Job-Logo-1024x1024.jpg"}],"twitter_card":"summary_large_image","twitter_misc":{"Est. reading time":"2 minutes"},"schema":{"@context":"https:\/\/schema.org","@graph":[{"@type":"WebPage","@id":"https:\/\/kornrasetnarkmun.com\/index.php\/hiob-2025\/","url":"https:\/\/kornrasetnarkmun.com\/index.php\/hiob-2025\/","name":"Hiob 2025 - Kornraset Narkmun","isPartOf":{"@id":"https:\/\/kornrasetnarkmun.com\/#website"},"primaryImageOfPage":{"@id":"https:\/\/kornrasetnarkmun.com\/index.php\/hiob-2025\/#primaryimage"},"image":{"@id":"https:\/\/kornrasetnarkmun.com\/index.php\/hiob-2025\/#primaryimage"},"thumbnailUrl":"https:\/\/kornrasetnarkmun.com\/wp-content\/uploads\/2025\/06\/Job-Logo-1024x1024.jpg","datePublished":"2025-06-03T21:34:08+00:00","dateModified":"2025-06-03T21:39:10+00:00","breadcrumb":{"@id":"https:\/\/kornrasetnarkmun.com\/index.php\/hiob-2025\/#breadcrumb"},"inLanguage":"en-US","potentialAction":[{"@type":"ReadAction","target":["https:\/\/kornrasetnarkmun.com\/index.php\/hiob-2025\/"]}]},{"@type":"ImageObject","inLanguage":"en-US","@id":"https:\/\/kornrasetnarkmun.com\/index.php\/hiob-2025\/#primaryimage","url":"https:\/\/kornrasetnarkmun.com\/wp-content\/uploads\/2025\/06\/Job-Logo.jpg","contentUrl":"https:\/\/kornrasetnarkmun.com\/wp-content\/uploads\/2025\/06\/Job-Logo.jpg","width":1200,"height":1200},{"@type":"BreadcrumbList","@id":"https:\/\/kornrasetnarkmun.com\/index.php\/hiob-2025\/#breadcrumb","itemListElement":[{"@type":"ListItem","position":1,"name":"Home","item":"https:\/\/kornrasetnarkmun.com\/"},{"@type":"ListItem","position":2,"name":"Hiob 2025"}]},{"@type":"WebSite","@id":"https:\/\/kornrasetnarkmun.com\/#website","url":"https:\/\/kornrasetnarkmun.com\/","name":"Kornraset Narkmun","description":"Jonas Ensemble","publisher":{"@id":"https:\/\/kornrasetnarkmun.com\/#organization"},"potentialAction":[{"@type":"SearchAction","target":{"@type":"EntryPoint","urlTemplate":"https:\/\/kornrasetnarkmun.com\/?s={search_term_string}"},"query-input":"required name=search_term_string"}],"inLanguage":"en-US"},{"@type":"Organization","@id":"https:\/\/kornrasetnarkmun.com\/#organization","name":"Ensemble der schmerzhaften Mutter","url":"https:\/\/kornrasetnarkmun.com\/","logo":{"@type":"ImageObject","inLanguage":"en-US","@id":"https:\/\/kornrasetnarkmun.com\/#\/schema\/logo\/image\/","url":"https:\/\/kornrasetnarkmun.com\/wp-content\/uploads\/2022\/02\/Kornraset-Narkmun-1-1024x683.jpg","contentUrl":"https:\/\/kornrasetnarkmun.com\/wp-content\/uploads\/2022\/02\/Kornraset-Narkmun-1-1024x683.jpg","width":1024,"height":683,"caption":"Ensemble der schmerzhaften Mutter"},"image":{"@id":"https:\/\/kornrasetnarkmun.com\/#\/schema\/logo\/image\/"},"sameAs":["https:\/\/www.facebook.com\/kornraset\/","https:\/\/www.instagram.com\/pian_oman\/"]}]}},"_links":{"self":[{"href":"https:\/\/kornrasetnarkmun.com\/index.php\/wp-json\/wp\/v2\/pages\/1772","targetHints":{"allow":["GET"]}}],"collection":[{"href":"https:\/\/kornrasetnarkmun.com\/index.php\/wp-json\/wp\/v2\/pages"}],"about":[{"href":"https:\/\/kornrasetnarkmun.com\/index.php\/wp-json\/wp\/v2\/types\/page"}],"author":[{"embeddable":true,"href":"https:\/\/kornrasetnarkmun.com\/index.php\/wp-json\/wp\/v2\/users\/1"}],"replies":[{"embeddable":true,"href":"https:\/\/kornrasetnarkmun.com\/index.php\/wp-json\/wp\/v2\/comments?post=1772"}],"version-history":[{"count":17,"href":"https:\/\/kornrasetnarkmun.com\/index.php\/wp-json\/wp\/v2\/pages\/1772\/revisions"}],"predecessor-version":[{"id":1780,"href":"https:\/\/kornrasetnarkmun.com\/index.php\/wp-json\/wp\/v2\/pages\/1772\/revisions\/1780"}],"wp:attachment":[{"href":"https:\/\/kornrasetnarkmun.com\/index.php\/wp-json\/wp\/v2\/media?parent=1772"}],"curies":[{"name":"wp","href":"https:\/\/api.w.org\/{rel}","templated":true}]}}