{"id":1816,"date":"2025-06-24T09:07:21","date_gmt":"2025-06-24T09:07:21","guid":{"rendered":"https:\/\/kornrasetnarkmun.com\/?page_id=1816"},"modified":"2025-06-24T09:07:21","modified_gmt":"2025-06-24T09:07:21","slug":"ad-iubilaeum-partis-kofler","status":"publish","type":"page","link":"https:\/\/kornrasetnarkmun.com\/index.php\/ad-iubilaeum-partis-kofler\/","title":{"rendered":"Ad iubilaeum Partis Kofler"},"content":{"rendered":"\n<p><strong>Als letztes Konzert der 8020 Barockreihe<\/strong> \u2013 ein wahrer Versuch, zeitepoch\u00fcbergreifend (Kirchen)Musik, gr\u00f6\u00dftenteils aus \u00d6sterreich, zu versammeln: Ausschnitte aus Orgelmessen, Cembalomusik von Frescobaldi, Muffat, van Noordt, Lieder aus dem Gotteslob bis hin zum <em>Sing Jerusalem<\/em>. Und mittendrin erz\u00e4hlt und singt Herr Pfarrer Kofler mit dar Gitarre \u2013 anl\u00e4sslich seines Jubil\u00e4ums \u2013 seine Lebensgeschichte.<\/p>\n\n\n\n<p><\/p>\n\n\n\n<figure class=\"wp-block-image size-large\"><img loading=\"lazy\" decoding=\"async\" width=\"1024\" height=\"1024\" src=\"http:\/\/kornrasetnarkmun.com\/wp-content\/uploads\/2025\/06\/Best-of-Kopie-1024x1024.jpg\" alt=\"\" class=\"wp-image-1797\" srcset=\"https:\/\/kornrasetnarkmun.com\/wp-content\/uploads\/2025\/06\/Best-of-Kopie-1024x1024.jpg 1024w, https:\/\/kornrasetnarkmun.com\/wp-content\/uploads\/2025\/06\/Best-of-Kopie-300x300.jpg 300w, https:\/\/kornrasetnarkmun.com\/wp-content\/uploads\/2025\/06\/Best-of-Kopie-150x150.jpg 150w, https:\/\/kornrasetnarkmun.com\/wp-content\/uploads\/2025\/06\/Best-of-Kopie-768x768.jpg 768w, https:\/\/kornrasetnarkmun.com\/wp-content\/uploads\/2025\/06\/Best-of-Kopie.jpg 1200w\" sizes=\"auto, (max-width: 1024px) 100vw, 1024px\" \/><\/figure>\n\n\n\n<p><\/p>\n\n\n\n<p class=\"has-text-align-center\">Sonntag, 29. Juni 2025, 17:00<\/p>\n\n\n\n<p class=\"has-text-align-center\">Marienkirche der Schmerzhaften Mutter<\/p>\n\n\n\n<p class=\"has-text-align-center\">Mariengasse, 8020 Graz<\/p>\n\n\n\n<p class=\"has-text-align-center\"><strong>Programm:<\/strong><\/p>\n\n\n\n<p class=\"has-text-align-center\">Gottlieb Theophil Muffat, Girolamo Frescobaldi,  Sybrand van Noordt u. a.<\/p>\n\n\n\n<p class=\"has-text-align-center\"><em>Sing Jerusalem<\/em> mitnehmen, eine aktive Mitgestaltung (Mitsingen) sind selbstverst\u00e4ndlich willkommen.<\/p>\n\n\n\n<p><\/p>\n","protected":false},"excerpt":{"rendered":"<p>Als letztes Konzert der 8020 Barockreihe \u2013 ein wahrer Versuch, zeitepoch\u00fcbergreifend (Kirchen)Musik, gr\u00f6\u00dftenteils aus \u00d6sterreich, zu versammeln: Ausschnitte aus Orgelmessen, Cembalomusik von Frescobaldi, Muffat, van Noordt, Lieder aus dem Gotteslob bis hin zum Sing Jerusalem. Und mittendrin erz\u00e4hlt und singt Herr Pfarrer Kofler mit dar Gitarre \u2013 anl\u00e4sslich seines Jubil\u00e4ums \u2013 seine Lebensgeschichte. Sonntag, 29. [&hellip;]<\/p>\n","protected":false},"author":1,"featured_media":0,"parent":0,"menu_order":0,"comment_status":"closed","ping_status":"closed","template":"","meta":{"_monsterinsights_skip_tracking":false,"_monsterinsights_sitenote_active":false,"_monsterinsights_sitenote_note":"","_monsterinsights_sitenote_category":0,"footnotes":""},"class_list":["post-1816","page","type-page","status-publish","hentry","entry"],"aioseo_notices":[],"yoast_head":"<!-- This site is optimized with the Yoast SEO plugin v22.6 - https:\/\/yoast.com\/wordpress\/plugins\/seo\/ -->\n<title>Ad iubilaeum Partis Kofler - Kornraset Narkmun<\/title>\n<meta name=\"robots\" content=\"index, follow, max-snippet:-1, max-image-preview:large, max-video-preview:-1\" \/>\n<link rel=\"canonical\" href=\"https:\/\/kornrasetnarkmun.com\/index.php\/ad-iubilaeum-partis-kofler\/\" \/>\n<meta property=\"og:locale\" content=\"en_US\" \/>\n<meta property=\"og:type\" content=\"article\" \/>\n<meta property=\"og:title\" content=\"Ad iubilaeum Partis Kofler - Kornraset Narkmun\" \/>\n<meta property=\"og:description\" content=\"Als letztes Konzert der 8020 Barockreihe \u2013 ein wahrer Versuch, zeitepoch\u00fcbergreifend (Kirchen)Musik, gr\u00f6\u00dftenteils aus \u00d6sterreich, zu versammeln: Ausschnitte aus Orgelmessen, Cembalomusik von Frescobaldi, Muffat, van Noordt, Lieder aus dem Gotteslob bis hin zum Sing Jerusalem. Und mittendrin erz\u00e4hlt und singt Herr Pfarrer Kofler mit dar Gitarre \u2013 anl\u00e4sslich seines Jubil\u00e4ums \u2013 seine Lebensgeschichte. Sonntag, 29. [&hellip;]\" \/>\n<meta property=\"og:url\" content=\"https:\/\/kornrasetnarkmun.com\/index.php\/ad-iubilaeum-partis-kofler\/\" \/>\n<meta property=\"og:site_name\" content=\"Kornraset Narkmun\" \/>\n<meta property=\"article:publisher\" content=\"https:\/\/www.facebook.com\/kornraset\/\" \/>\n<meta property=\"og:image\" content=\"http:\/\/kornrasetnarkmun.com\/wp-content\/uploads\/2025\/06\/Best-of-Kopie-1024x1024.jpg\" \/>\n<meta name=\"twitter:card\" content=\"summary_large_image\" \/>\n<meta name=\"twitter:label1\" content=\"Est. reading time\" \/>\n\t<meta name=\"twitter:data1\" content=\"1 minute\" \/>\n<script type=\"application\/ld+json\" class=\"yoast-schema-graph\">{\"@context\":\"https:\/\/schema.org\",\"@graph\":[{\"@type\":\"WebPage\",\"@id\":\"https:\/\/kornrasetnarkmun.com\/index.php\/ad-iubilaeum-partis-kofler\/\",\"url\":\"https:\/\/kornrasetnarkmun.com\/index.php\/ad-iubilaeum-partis-kofler\/\",\"name\":\"Ad iubilaeum Partis Kofler - Kornraset Narkmun\",\"isPartOf\":{\"@id\":\"https:\/\/kornrasetnarkmun.com\/#website\"},\"primaryImageOfPage\":{\"@id\":\"https:\/\/kornrasetnarkmun.com\/index.php\/ad-iubilaeum-partis-kofler\/#primaryimage\"},\"image\":{\"@id\":\"https:\/\/kornrasetnarkmun.com\/index.php\/ad-iubilaeum-partis-kofler\/#primaryimage\"},\"thumbnailUrl\":\"http:\/\/kornrasetnarkmun.com\/wp-content\/uploads\/2025\/06\/Best-of-Kopie-1024x1024.jpg\",\"datePublished\":\"2025-06-24T09:07:21+00:00\",\"dateModified\":\"2025-06-24T09:07:21+00:00\",\"breadcrumb\":{\"@id\":\"https:\/\/kornrasetnarkmun.com\/index.php\/ad-iubilaeum-partis-kofler\/#breadcrumb\"},\"inLanguage\":\"en-US\",\"potentialAction\":[{\"@type\":\"ReadAction\",\"target\":[\"https:\/\/kornrasetnarkmun.com\/index.php\/ad-iubilaeum-partis-kofler\/\"]}]},{\"@type\":\"ImageObject\",\"inLanguage\":\"en-US\",\"@id\":\"https:\/\/kornrasetnarkmun.com\/index.php\/ad-iubilaeum-partis-kofler\/#primaryimage\",\"url\":\"https:\/\/kornrasetnarkmun.com\/wp-content\/uploads\/2025\/06\/Best-of-Kopie.jpg\",\"contentUrl\":\"https:\/\/kornrasetnarkmun.com\/wp-content\/uploads\/2025\/06\/Best-of-Kopie.jpg\",\"width\":1200,\"height\":1200},{\"@type\":\"BreadcrumbList\",\"@id\":\"https:\/\/kornrasetnarkmun.com\/index.php\/ad-iubilaeum-partis-kofler\/#breadcrumb\",\"itemListElement\":[{\"@type\":\"ListItem\",\"position\":1,\"name\":\"Home\",\"item\":\"https:\/\/kornrasetnarkmun.com\/\"},{\"@type\":\"ListItem\",\"position\":2,\"name\":\"Ad iubilaeum Partis Kofler\"}]},{\"@type\":\"WebSite\",\"@id\":\"https:\/\/kornrasetnarkmun.com\/#website\",\"url\":\"https:\/\/kornrasetnarkmun.com\/\",\"name\":\"Kornraset Narkmun\",\"description\":\"Jonas Ensemble\",\"publisher\":{\"@id\":\"https:\/\/kornrasetnarkmun.com\/#organization\"},\"potentialAction\":[{\"@type\":\"SearchAction\",\"target\":{\"@type\":\"EntryPoint\",\"urlTemplate\":\"https:\/\/kornrasetnarkmun.com\/?s={search_term_string}\"},\"query-input\":\"required name=search_term_string\"}],\"inLanguage\":\"en-US\"},{\"@type\":\"Organization\",\"@id\":\"https:\/\/kornrasetnarkmun.com\/#organization\",\"name\":\"Ensemble der schmerzhaften Mutter\",\"url\":\"https:\/\/kornrasetnarkmun.com\/\",\"logo\":{\"@type\":\"ImageObject\",\"inLanguage\":\"en-US\",\"@id\":\"https:\/\/kornrasetnarkmun.com\/#\/schema\/logo\/image\/\",\"url\":\"https:\/\/kornrasetnarkmun.com\/wp-content\/uploads\/2022\/02\/Kornraset-Narkmun-1-1024x683.jpg\",\"contentUrl\":\"https:\/\/kornrasetnarkmun.com\/wp-content\/uploads\/2022\/02\/Kornraset-Narkmun-1-1024x683.jpg\",\"width\":1024,\"height\":683,\"caption\":\"Ensemble der schmerzhaften Mutter\"},\"image\":{\"@id\":\"https:\/\/kornrasetnarkmun.com\/#\/schema\/logo\/image\/\"},\"sameAs\":[\"https:\/\/www.facebook.com\/kornraset\/\",\"https:\/\/www.instagram.com\/pian_oman\/\"]}]}<\/script>\n<!-- \/ Yoast SEO plugin. -->","yoast_head_json":{"title":"Ad iubilaeum Partis Kofler - Kornraset Narkmun","robots":{"index":"index","follow":"follow","max-snippet":"max-snippet:-1","max-image-preview":"max-image-preview:large","max-video-preview":"max-video-preview:-1"},"canonical":"https:\/\/kornrasetnarkmun.com\/index.php\/ad-iubilaeum-partis-kofler\/","og_locale":"en_US","og_type":"article","og_title":"Ad iubilaeum Partis Kofler - Kornraset Narkmun","og_description":"Als letztes Konzert der 8020 Barockreihe \u2013 ein wahrer Versuch, zeitepoch\u00fcbergreifend (Kirchen)Musik, gr\u00f6\u00dftenteils aus \u00d6sterreich, zu versammeln: Ausschnitte aus Orgelmessen, Cembalomusik von Frescobaldi, Muffat, van Noordt, Lieder aus dem Gotteslob bis hin zum Sing Jerusalem. Und mittendrin erz\u00e4hlt und singt Herr Pfarrer Kofler mit dar Gitarre \u2013 anl\u00e4sslich seines Jubil\u00e4ums \u2013 seine Lebensgeschichte. Sonntag, 29. [&hellip;]","og_url":"https:\/\/kornrasetnarkmun.com\/index.php\/ad-iubilaeum-partis-kofler\/","og_site_name":"Kornraset Narkmun","article_publisher":"https:\/\/www.facebook.com\/kornraset\/","og_image":[{"url":"http:\/\/kornrasetnarkmun.com\/wp-content\/uploads\/2025\/06\/Best-of-Kopie-1024x1024.jpg"}],"twitter_card":"summary_large_image","twitter_misc":{"Est. reading time":"1 minute"},"schema":{"@context":"https:\/\/schema.org","@graph":[{"@type":"WebPage","@id":"https:\/\/kornrasetnarkmun.com\/index.php\/ad-iubilaeum-partis-kofler\/","url":"https:\/\/kornrasetnarkmun.com\/index.php\/ad-iubilaeum-partis-kofler\/","name":"Ad iubilaeum Partis Kofler - Kornraset Narkmun","isPartOf":{"@id":"https:\/\/kornrasetnarkmun.com\/#website"},"primaryImageOfPage":{"@id":"https:\/\/kornrasetnarkmun.com\/index.php\/ad-iubilaeum-partis-kofler\/#primaryimage"},"image":{"@id":"https:\/\/kornrasetnarkmun.com\/index.php\/ad-iubilaeum-partis-kofler\/#primaryimage"},"thumbnailUrl":"http:\/\/kornrasetnarkmun.com\/wp-content\/uploads\/2025\/06\/Best-of-Kopie-1024x1024.jpg","datePublished":"2025-06-24T09:07:21+00:00","dateModified":"2025-06-24T09:07:21+00:00","breadcrumb":{"@id":"https:\/\/kornrasetnarkmun.com\/index.php\/ad-iubilaeum-partis-kofler\/#breadcrumb"},"inLanguage":"en-US","potentialAction":[{"@type":"ReadAction","target":["https:\/\/kornrasetnarkmun.com\/index.php\/ad-iubilaeum-partis-kofler\/"]}]},{"@type":"ImageObject","inLanguage":"en-US","@id":"https:\/\/kornrasetnarkmun.com\/index.php\/ad-iubilaeum-partis-kofler\/#primaryimage","url":"https:\/\/kornrasetnarkmun.com\/wp-content\/uploads\/2025\/06\/Best-of-Kopie.jpg","contentUrl":"https:\/\/kornrasetnarkmun.com\/wp-content\/uploads\/2025\/06\/Best-of-Kopie.jpg","width":1200,"height":1200},{"@type":"BreadcrumbList","@id":"https:\/\/kornrasetnarkmun.com\/index.php\/ad-iubilaeum-partis-kofler\/#breadcrumb","itemListElement":[{"@type":"ListItem","position":1,"name":"Home","item":"https:\/\/kornrasetnarkmun.com\/"},{"@type":"ListItem","position":2,"name":"Ad iubilaeum Partis Kofler"}]},{"@type":"WebSite","@id":"https:\/\/kornrasetnarkmun.com\/#website","url":"https:\/\/kornrasetnarkmun.com\/","name":"Kornraset Narkmun","description":"Jonas Ensemble","publisher":{"@id":"https:\/\/kornrasetnarkmun.com\/#organization"},"potentialAction":[{"@type":"SearchAction","target":{"@type":"EntryPoint","urlTemplate":"https:\/\/kornrasetnarkmun.com\/?s={search_term_string}"},"query-input":"required name=search_term_string"}],"inLanguage":"en-US"},{"@type":"Organization","@id":"https:\/\/kornrasetnarkmun.com\/#organization","name":"Ensemble der schmerzhaften Mutter","url":"https:\/\/kornrasetnarkmun.com\/","logo":{"@type":"ImageObject","inLanguage":"en-US","@id":"https:\/\/kornrasetnarkmun.com\/#\/schema\/logo\/image\/","url":"https:\/\/kornrasetnarkmun.com\/wp-content\/uploads\/2022\/02\/Kornraset-Narkmun-1-1024x683.jpg","contentUrl":"https:\/\/kornrasetnarkmun.com\/wp-content\/uploads\/2022\/02\/Kornraset-Narkmun-1-1024x683.jpg","width":1024,"height":683,"caption":"Ensemble der schmerzhaften Mutter"},"image":{"@id":"https:\/\/kornrasetnarkmun.com\/#\/schema\/logo\/image\/"},"sameAs":["https:\/\/www.facebook.com\/kornraset\/","https:\/\/www.instagram.com\/pian_oman\/"]}]}},"_links":{"self":[{"href":"https:\/\/kornrasetnarkmun.com\/index.php\/wp-json\/wp\/v2\/pages\/1816","targetHints":{"allow":["GET"]}}],"collection":[{"href":"https:\/\/kornrasetnarkmun.com\/index.php\/wp-json\/wp\/v2\/pages"}],"about":[{"href":"https:\/\/kornrasetnarkmun.com\/index.php\/wp-json\/wp\/v2\/types\/page"}],"author":[{"embeddable":true,"href":"https:\/\/kornrasetnarkmun.com\/index.php\/wp-json\/wp\/v2\/users\/1"}],"replies":[{"embeddable":true,"href":"https:\/\/kornrasetnarkmun.com\/index.php\/wp-json\/wp\/v2\/comments?post=1816"}],"version-history":[{"count":1,"href":"https:\/\/kornrasetnarkmun.com\/index.php\/wp-json\/wp\/v2\/pages\/1816\/revisions"}],"predecessor-version":[{"id":1817,"href":"https:\/\/kornrasetnarkmun.com\/index.php\/wp-json\/wp\/v2\/pages\/1816\/revisions\/1817"}],"wp:attachment":[{"href":"https:\/\/kornrasetnarkmun.com\/index.php\/wp-json\/wp\/v2\/media?parent=1816"}],"curies":[{"name":"wp","href":"https:\/\/api.w.org\/{rel}","templated":true}]}}