{"id":282,"date":"2022-04-16T11:43:16","date_gmt":"2022-04-16T11:43:16","guid":{"rendered":"https:\/\/kornrasetnarkmun.com\/?page_id=282"},"modified":"2022-05-18T14:32:29","modified_gmt":"2022-05-18T14:32:29","slug":"jonas-ensemble-widerstehe-doch-der-sunde-im-music-house","status":"publish","type":"page","link":"https:\/\/kornrasetnarkmun.com\/index.php\/jonas-ensemble-widerstehe-doch-der-sunde-im-music-house\/","title":{"rendered":"&#8220;Widerstehe doch der S\u00fcnde&#8221; im Music-House"},"content":{"rendered":"\n<p><a href=\"https:\/\/www.facebook.com\/MusicHouseGraz\" target=\"_blank\" rel=\"noreferrer noopener\">Die sch\u00f6nste B\u00fchne der Alternativen in Graz<\/a> mit fast nahezu historisch informierter Interpretation des heiligen Schaffens von <em>Johann Sebastian Bach<\/em><\/p>\n\n\n\n<p><strong><em>Donnerstag, 28. April 2022 @ Music-House, Mondscheingasse 9, 8010 Graz<\/em><\/strong><\/p>\n\n\n\n<p>Facebook-Einladung: <a href=\"https:\/\/fb.me\/e\/32G3W0P8G\" target=\"_blank\" rel=\"noreferrer noopener\">https:\/\/fb.me\/e\/32G3W0P8G<\/a><\/p>\n\n\n\n<p class=\"has-text-align-center\"><em>Bachs Programm:<\/em><\/p>\n\n\n\n<p>&#8211; <strong>Widerstehe doch der S\u00fcnde<\/strong> <strong>BWV 54<\/strong>, featuring Justina Vaitkut\u0117<\/p>\n\n\n\n<p>&#8211; Sonate a-Moll f\u00fcr Violin-Solo BWV 1003, featuring Anna Perl<\/p>\n\n\n\n<p>&#8211; Sonate G-Dur f\u00fcr Violin und Generalbass BWV 1021 <\/p>\n\n\n\n<p>&#8211; Sonate h-Moll f\u00fcr Violin und obligates Cembalo BWV 1014&nbsp;<\/p>\n\n\n\n<p>&#8211; Toccate c-Moll BWV 911<\/p>\n\n\n\n<p class=\"has-text-align-right\"><em>Die Partners of Crime:<\/em><\/p>\n\n\n\n<p class=\"has-text-align-right\">Violine: Pablo Albarrac\u00edn, Anna Perl<\/p>\n\n\n\n<p class=\"has-text-align-right\">Viola: Xavier Olivar Morente<\/p>\n\n\n\n<p class=\"has-text-align-right\">Violoncello: Andr\u00e9s Marabini Zamorano<\/p>\n\n\n\n<p class=\"has-text-align-right\">Violon: Raphael P\u00e4tzold<\/p>\n\n\n\n<p class=\"has-text-align-right\">Cembalo: Kornraset Narkmun<\/p>\n\n\n\n<figure class=\"wp-block-image size-large\"><img loading=\"lazy\" decoding=\"async\" width=\"1024\" height=\"576\" src=\"https:\/\/kornrasetnarkmun.com\/wp-content\/uploads\/2022\/05\/FB-titel-turkis.001-1024x576.png\" alt=\"\" class=\"wp-image-437\" srcset=\"https:\/\/kornrasetnarkmun.com\/wp-content\/uploads\/2022\/05\/FB-titel-turkis.001-1024x576.png 1024w, https:\/\/kornrasetnarkmun.com\/wp-content\/uploads\/2022\/05\/FB-titel-turkis.001-300x169.png 300w, https:\/\/kornrasetnarkmun.com\/wp-content\/uploads\/2022\/05\/FB-titel-turkis.001-768x432.png 768w, https:\/\/kornrasetnarkmun.com\/wp-content\/uploads\/2022\/05\/FB-titel-turkis.001-1536x864.png 1536w, https:\/\/kornrasetnarkmun.com\/wp-content\/uploads\/2022\/05\/FB-titel-turkis.001-1568x882.png 1568w, https:\/\/kornrasetnarkmun.com\/wp-content\/uploads\/2022\/05\/FB-titel-turkis.001.png 1920w\" sizes=\"auto, (max-width: 1024px) 100vw, 1024px\" \/><\/figure>\n","protected":false},"excerpt":{"rendered":"<p>Die sch\u00f6nste B\u00fchne der Alternativen in Graz mit fast nahezu historisch informierter Interpretation des heiligen Schaffens von Johann Sebastian Bach Donnerstag, 28. April 2022 @ Music-House, Mondscheingasse 9, 8010 Graz Facebook-Einladung: https:\/\/fb.me\/e\/32G3W0P8G Bachs Programm: &#8211; Widerstehe doch der S\u00fcnde BWV 54, featuring Justina Vaitkut\u0117 &#8211; Sonate a-Moll f\u00fcr Violin-Solo BWV 1003, featuring Anna Perl &#8211; [&hellip;]<\/p>\n","protected":false},"author":1,"featured_media":0,"parent":0,"menu_order":0,"comment_status":"closed","ping_status":"closed","template":"","meta":{"_monsterinsights_skip_tracking":false,"_monsterinsights_sitenote_active":false,"_monsterinsights_sitenote_note":"","_monsterinsights_sitenote_category":0,"footnotes":""},"class_list":["post-282","page","type-page","status-publish","hentry","entry"],"aioseo_notices":[],"yoast_head":"<!-- This site is optimized with the Yoast SEO plugin v22.6 - https:\/\/yoast.com\/wordpress\/plugins\/seo\/ -->\n<title>&quot;Widerstehe doch der S\u00fcnde&quot; im Music-House - Kornraset Narkmun<\/title>\n<meta name=\"robots\" content=\"index, follow, max-snippet:-1, max-image-preview:large, max-video-preview:-1\" \/>\n<link rel=\"canonical\" href=\"https:\/\/kornrasetnarkmun.com\/index.php\/jonas-ensemble-widerstehe-doch-der-sunde-im-music-house\/\" \/>\n<meta property=\"og:locale\" content=\"en_US\" \/>\n<meta property=\"og:type\" content=\"article\" \/>\n<meta property=\"og:title\" content=\"&quot;Widerstehe doch der S\u00fcnde&quot; im Music-House - Kornraset Narkmun\" \/>\n<meta property=\"og:description\" content=\"Die sch\u00f6nste B\u00fchne der Alternativen in Graz mit fast nahezu historisch informierter Interpretation des heiligen Schaffens von Johann Sebastian Bach Donnerstag, 28. April 2022 @ Music-House, Mondscheingasse 9, 8010 Graz Facebook-Einladung: https:\/\/fb.me\/e\/32G3W0P8G Bachs Programm: &#8211; Widerstehe doch der S\u00fcnde BWV 54, featuring Justina Vaitkut\u0117 &#8211; Sonate a-Moll f\u00fcr Violin-Solo BWV 1003, featuring Anna Perl &#8211; [&hellip;]\" \/>\n<meta property=\"og:url\" content=\"https:\/\/kornrasetnarkmun.com\/index.php\/jonas-ensemble-widerstehe-doch-der-sunde-im-music-house\/\" \/>\n<meta property=\"og:site_name\" content=\"Kornraset Narkmun\" \/>\n<meta property=\"article:publisher\" content=\"https:\/\/www.facebook.com\/kornraset\/\" \/>\n<meta property=\"article:modified_time\" content=\"2022-05-18T14:32:29+00:00\" \/>\n<meta property=\"og:image\" content=\"https:\/\/kornrasetnarkmun.com\/wp-content\/uploads\/2022\/05\/FB-titel-turkis.001-1024x576.png\" \/>\n<meta name=\"twitter:card\" content=\"summary_large_image\" \/>\n<meta name=\"twitter:label1\" content=\"Est. reading time\" \/>\n\t<meta name=\"twitter:data1\" content=\"1 minute\" \/>\n<script type=\"application\/ld+json\" class=\"yoast-schema-graph\">{\"@context\":\"https:\/\/schema.org\",\"@graph\":[{\"@type\":\"WebPage\",\"@id\":\"https:\/\/kornrasetnarkmun.com\/index.php\/jonas-ensemble-widerstehe-doch-der-sunde-im-music-house\/\",\"url\":\"https:\/\/kornrasetnarkmun.com\/index.php\/jonas-ensemble-widerstehe-doch-der-sunde-im-music-house\/\",\"name\":\"\\\"Widerstehe doch der S\u00fcnde\\\" im Music-House - Kornraset Narkmun\",\"isPartOf\":{\"@id\":\"https:\/\/kornrasetnarkmun.com\/#website\"},\"primaryImageOfPage\":{\"@id\":\"https:\/\/kornrasetnarkmun.com\/index.php\/jonas-ensemble-widerstehe-doch-der-sunde-im-music-house\/#primaryimage\"},\"image\":{\"@id\":\"https:\/\/kornrasetnarkmun.com\/index.php\/jonas-ensemble-widerstehe-doch-der-sunde-im-music-house\/#primaryimage\"},\"thumbnailUrl\":\"https:\/\/kornrasetnarkmun.com\/wp-content\/uploads\/2022\/05\/FB-titel-turkis.001-1024x576.png\",\"datePublished\":\"2022-04-16T11:43:16+00:00\",\"dateModified\":\"2022-05-18T14:32:29+00:00\",\"breadcrumb\":{\"@id\":\"https:\/\/kornrasetnarkmun.com\/index.php\/jonas-ensemble-widerstehe-doch-der-sunde-im-music-house\/#breadcrumb\"},\"inLanguage\":\"en-US\",\"potentialAction\":[{\"@type\":\"ReadAction\",\"target\":[\"https:\/\/kornrasetnarkmun.com\/index.php\/jonas-ensemble-widerstehe-doch-der-sunde-im-music-house\/\"]}]},{\"@type\":\"ImageObject\",\"inLanguage\":\"en-US\",\"@id\":\"https:\/\/kornrasetnarkmun.com\/index.php\/jonas-ensemble-widerstehe-doch-der-sunde-im-music-house\/#primaryimage\",\"url\":\"https:\/\/kornrasetnarkmun.com\/wp-content\/uploads\/2022\/05\/FB-titel-turkis.001.png\",\"contentUrl\":\"https:\/\/kornrasetnarkmun.com\/wp-content\/uploads\/2022\/05\/FB-titel-turkis.001.png\",\"width\":1920,\"height\":1080},{\"@type\":\"BreadcrumbList\",\"@id\":\"https:\/\/kornrasetnarkmun.com\/index.php\/jonas-ensemble-widerstehe-doch-der-sunde-im-music-house\/#breadcrumb\",\"itemListElement\":[{\"@type\":\"ListItem\",\"position\":1,\"name\":\"Home\",\"item\":\"https:\/\/kornrasetnarkmun.com\/\"},{\"@type\":\"ListItem\",\"position\":2,\"name\":\"&#8220;Widerstehe doch der S\u00fcnde&#8221; im Music-House\"}]},{\"@type\":\"WebSite\",\"@id\":\"https:\/\/kornrasetnarkmun.com\/#website\",\"url\":\"https:\/\/kornrasetnarkmun.com\/\",\"name\":\"Kornraset Narkmun\",\"description\":\"Jonas Ensemble\",\"publisher\":{\"@id\":\"https:\/\/kornrasetnarkmun.com\/#organization\"},\"potentialAction\":[{\"@type\":\"SearchAction\",\"target\":{\"@type\":\"EntryPoint\",\"urlTemplate\":\"https:\/\/kornrasetnarkmun.com\/?s={search_term_string}\"},\"query-input\":\"required name=search_term_string\"}],\"inLanguage\":\"en-US\"},{\"@type\":\"Organization\",\"@id\":\"https:\/\/kornrasetnarkmun.com\/#organization\",\"name\":\"Ensemble der schmerzhaften Mutter\",\"url\":\"https:\/\/kornrasetnarkmun.com\/\",\"logo\":{\"@type\":\"ImageObject\",\"inLanguage\":\"en-US\",\"@id\":\"https:\/\/kornrasetnarkmun.com\/#\/schema\/logo\/image\/\",\"url\":\"https:\/\/kornrasetnarkmun.com\/wp-content\/uploads\/2022\/02\/Kornraset-Narkmun-1-1024x683.jpg\",\"contentUrl\":\"https:\/\/kornrasetnarkmun.com\/wp-content\/uploads\/2022\/02\/Kornraset-Narkmun-1-1024x683.jpg\",\"width\":1024,\"height\":683,\"caption\":\"Ensemble der schmerzhaften Mutter\"},\"image\":{\"@id\":\"https:\/\/kornrasetnarkmun.com\/#\/schema\/logo\/image\/\"},\"sameAs\":[\"https:\/\/www.facebook.com\/kornraset\/\",\"https:\/\/www.instagram.com\/pian_oman\/\"]}]}<\/script>\n<!-- \/ Yoast SEO plugin. -->","yoast_head_json":{"title":"\"Widerstehe doch der S\u00fcnde\" im Music-House - Kornraset Narkmun","robots":{"index":"index","follow":"follow","max-snippet":"max-snippet:-1","max-image-preview":"max-image-preview:large","max-video-preview":"max-video-preview:-1"},"canonical":"https:\/\/kornrasetnarkmun.com\/index.php\/jonas-ensemble-widerstehe-doch-der-sunde-im-music-house\/","og_locale":"en_US","og_type":"article","og_title":"\"Widerstehe doch der S\u00fcnde\" im Music-House - Kornraset Narkmun","og_description":"Die sch\u00f6nste B\u00fchne der Alternativen in Graz mit fast nahezu historisch informierter Interpretation des heiligen Schaffens von Johann Sebastian Bach Donnerstag, 28. April 2022 @ Music-House, Mondscheingasse 9, 8010 Graz Facebook-Einladung: https:\/\/fb.me\/e\/32G3W0P8G Bachs Programm: &#8211; Widerstehe doch der S\u00fcnde BWV 54, featuring Justina Vaitkut\u0117 &#8211; Sonate a-Moll f\u00fcr Violin-Solo BWV 1003, featuring Anna Perl &#8211; [&hellip;]","og_url":"https:\/\/kornrasetnarkmun.com\/index.php\/jonas-ensemble-widerstehe-doch-der-sunde-im-music-house\/","og_site_name":"Kornraset Narkmun","article_publisher":"https:\/\/www.facebook.com\/kornraset\/","article_modified_time":"2022-05-18T14:32:29+00:00","og_image":[{"url":"https:\/\/kornrasetnarkmun.com\/wp-content\/uploads\/2022\/05\/FB-titel-turkis.001-1024x576.png"}],"twitter_card":"summary_large_image","twitter_misc":{"Est. reading time":"1 minute"},"schema":{"@context":"https:\/\/schema.org","@graph":[{"@type":"WebPage","@id":"https:\/\/kornrasetnarkmun.com\/index.php\/jonas-ensemble-widerstehe-doch-der-sunde-im-music-house\/","url":"https:\/\/kornrasetnarkmun.com\/index.php\/jonas-ensemble-widerstehe-doch-der-sunde-im-music-house\/","name":"\"Widerstehe doch der S\u00fcnde\" im Music-House - Kornraset Narkmun","isPartOf":{"@id":"https:\/\/kornrasetnarkmun.com\/#website"},"primaryImageOfPage":{"@id":"https:\/\/kornrasetnarkmun.com\/index.php\/jonas-ensemble-widerstehe-doch-der-sunde-im-music-house\/#primaryimage"},"image":{"@id":"https:\/\/kornrasetnarkmun.com\/index.php\/jonas-ensemble-widerstehe-doch-der-sunde-im-music-house\/#primaryimage"},"thumbnailUrl":"https:\/\/kornrasetnarkmun.com\/wp-content\/uploads\/2022\/05\/FB-titel-turkis.001-1024x576.png","datePublished":"2022-04-16T11:43:16+00:00","dateModified":"2022-05-18T14:32:29+00:00","breadcrumb":{"@id":"https:\/\/kornrasetnarkmun.com\/index.php\/jonas-ensemble-widerstehe-doch-der-sunde-im-music-house\/#breadcrumb"},"inLanguage":"en-US","potentialAction":[{"@type":"ReadAction","target":["https:\/\/kornrasetnarkmun.com\/index.php\/jonas-ensemble-widerstehe-doch-der-sunde-im-music-house\/"]}]},{"@type":"ImageObject","inLanguage":"en-US","@id":"https:\/\/kornrasetnarkmun.com\/index.php\/jonas-ensemble-widerstehe-doch-der-sunde-im-music-house\/#primaryimage","url":"https:\/\/kornrasetnarkmun.com\/wp-content\/uploads\/2022\/05\/FB-titel-turkis.001.png","contentUrl":"https:\/\/kornrasetnarkmun.com\/wp-content\/uploads\/2022\/05\/FB-titel-turkis.001.png","width":1920,"height":1080},{"@type":"BreadcrumbList","@id":"https:\/\/kornrasetnarkmun.com\/index.php\/jonas-ensemble-widerstehe-doch-der-sunde-im-music-house\/#breadcrumb","itemListElement":[{"@type":"ListItem","position":1,"name":"Home","item":"https:\/\/kornrasetnarkmun.com\/"},{"@type":"ListItem","position":2,"name":"&#8220;Widerstehe doch der S\u00fcnde&#8221; im Music-House"}]},{"@type":"WebSite","@id":"https:\/\/kornrasetnarkmun.com\/#website","url":"https:\/\/kornrasetnarkmun.com\/","name":"Kornraset Narkmun","description":"Jonas Ensemble","publisher":{"@id":"https:\/\/kornrasetnarkmun.com\/#organization"},"potentialAction":[{"@type":"SearchAction","target":{"@type":"EntryPoint","urlTemplate":"https:\/\/kornrasetnarkmun.com\/?s={search_term_string}"},"query-input":"required name=search_term_string"}],"inLanguage":"en-US"},{"@type":"Organization","@id":"https:\/\/kornrasetnarkmun.com\/#organization","name":"Ensemble der schmerzhaften Mutter","url":"https:\/\/kornrasetnarkmun.com\/","logo":{"@type":"ImageObject","inLanguage":"en-US","@id":"https:\/\/kornrasetnarkmun.com\/#\/schema\/logo\/image\/","url":"https:\/\/kornrasetnarkmun.com\/wp-content\/uploads\/2022\/02\/Kornraset-Narkmun-1-1024x683.jpg","contentUrl":"https:\/\/kornrasetnarkmun.com\/wp-content\/uploads\/2022\/02\/Kornraset-Narkmun-1-1024x683.jpg","width":1024,"height":683,"caption":"Ensemble der schmerzhaften Mutter"},"image":{"@id":"https:\/\/kornrasetnarkmun.com\/#\/schema\/logo\/image\/"},"sameAs":["https:\/\/www.facebook.com\/kornraset\/","https:\/\/www.instagram.com\/pian_oman\/"]}]}},"_links":{"self":[{"href":"https:\/\/kornrasetnarkmun.com\/index.php\/wp-json\/wp\/v2\/pages\/282","targetHints":{"allow":["GET"]}}],"collection":[{"href":"https:\/\/kornrasetnarkmun.com\/index.php\/wp-json\/wp\/v2\/pages"}],"about":[{"href":"https:\/\/kornrasetnarkmun.com\/index.php\/wp-json\/wp\/v2\/types\/page"}],"author":[{"embeddable":true,"href":"https:\/\/kornrasetnarkmun.com\/index.php\/wp-json\/wp\/v2\/users\/1"}],"replies":[{"embeddable":true,"href":"https:\/\/kornrasetnarkmun.com\/index.php\/wp-json\/wp\/v2\/comments?post=282"}],"version-history":[{"count":14,"href":"https:\/\/kornrasetnarkmun.com\/index.php\/wp-json\/wp\/v2\/pages\/282\/revisions"}],"predecessor-version":[{"id":439,"href":"https:\/\/kornrasetnarkmun.com\/index.php\/wp-json\/wp\/v2\/pages\/282\/revisions\/439"}],"wp:attachment":[{"href":"https:\/\/kornrasetnarkmun.com\/index.php\/wp-json\/wp\/v2\/media?parent=282"}],"curies":[{"name":"wp","href":"https:\/\/api.w.org\/{rel}","templated":true}]}}