{"id":494,"date":"2022-07-22T09:44:59","date_gmt":"2022-07-22T09:44:59","guid":{"rendered":"https:\/\/kornrasetnarkmun.com\/?page_id=494"},"modified":"2022-08-15T23:49:21","modified_gmt":"2022-08-15T23:49:21","slug":"meisterkurs-pollau-2022-korrepetion","status":"publish","type":"page","link":"https:\/\/kornrasetnarkmun.com\/index.php\/meisterkurs-pollau-2022-korrepetion\/","title":{"rendered":"Meisterkurs P\u00f6llau 2022 | Korrepetition"},"content":{"rendered":"<div class=\"wp-block-image\">\n<figure class=\"aligncenter size-full is-resized\"><a href=\"https:\/\/www.altemusikpoellau.at\/deutsch.html\"><img loading=\"lazy\" decoding=\"async\" src=\"https:\/\/kornrasetnarkmun.com\/wp-content\/uploads\/2022\/07\/image.png\" alt=\"\" class=\"wp-image-497\" width=\"720\" height=\"388\" srcset=\"https:\/\/kornrasetnarkmun.com\/wp-content\/uploads\/2022\/07\/image.png 420w, https:\/\/kornrasetnarkmun.com\/wp-content\/uploads\/2022\/07\/image-300x161.png 300w\" sizes=\"auto, (max-width: 720px) 100vw, 720px\" \/><\/a><figcaption>Tage der Alten Musik P\u00f6llau 2022<\/figcaption><\/figure>\n<\/div>\n\n\n<p class=\"has-text-align-center\"><strong><a href=\"https:\/\/www.altemusikpoellau.at\/deutsch.html\" target=\"_blank\" rel=\"noreferrer noopener\">Sommerkurse und Konzerte<br>in Schloss P\u00f6llau bei Hartberg<\/a> <\/strong><\/p>\n\n\n\n<p class=\"has-text-align-center\"><strong>8.8. \u2013 14.8.2022<\/strong><\/p>\n\n\n\n<p class=\"has-text-align-center\">K\u00fcnstlerische Leitung: <a href=\"https:\/\/www.konstanze-rieckh.at\" target=\"_blank\" rel=\"noreferrer noopener\">Konstanze Rieckh<\/a><\/p>\n\n\n\n<p class=\"has-text-align-center\"><strong>Link zum Kalender, <\/strong>max. zwei Stunden pro Teilnehmer<strong>:<\/strong><\/p>\n\n\n\n<p><a href=\"https:\/\/docs.google.com\/spreadsheets\/d\/1huaU0MrgvT4eGOzRMrK9PxynUtcAKzhPviOq_ISXSu8\/edit?usp=sharing\" target=\"_blank\" rel=\"noreferrer noopener\">https:\/\/docs.google.com\/spreadsheets\/d\/1huaU0MrgvT4eGOzRMrK9PxynUtcAKzhPviOq_ISXSu8\/edit?usp=sharing<\/a><\/p>\n\n\n\n<p class=\"has-text-align-center\"><strong>Link zum WhatsApp-Chat:<\/strong><\/p>\n\n\n\n<p><a href=\"https:\/\/chat.whatsapp.com\/KNO2GURDwRqHwLRZIDjxsf\">https:\/\/chat.whatsapp.com\/KNO2GURDwRqHwLRZIDjxsf<\/a><\/p>\n\n\n\n<p class=\"has-text-align-center\"><strong>Empfohlenes Repertoire f\u00fcr Kammermusik:<\/strong><\/p>\n\n\n\n<p>J.S. Bach: Triosonate G-Dur, BWV 1038<\/p>\n\n\n\n<p>J.S. Bach: <span style=\"text-decoration: underline;\">Sonate h-Moll f\u00fcr Violine und obligates Cembalo, BWV 1014<\/span> <\/p>\n\n\n\n<p>J.S. Bach: Sonate G-Dur f\u00fcr Violine und BC, BWV 1021<\/p>\n\n\n\n<p>C.P.E. Bach: <span style=\"text-decoration: underline;\">Sonate B-Dur f\u00fcr Violine und obligates Cembalo, Wq 77<\/span> <\/p>\n\n\n\n<p>H\u00e4ndel, Corelli: die Triosonaten<\/p>\n\n\n\n<p><strong><a href=\"https:\/\/www.dropbox.com\/scl\/fo\/o9lbi06wo5qcu3qnqfejs\/h?dl=0&amp;rlkey=woli4nc2ymd9clqi5zxfyoqwu\" target=\"_blank\" rel=\"noreferrer noopener\">Noten-Upload<\/a> <\/strong>(Die obligaten Sonaten f\u00fcr Cembalo, bitte eine Woche vor dem Kursbeginn uploaden.)<\/p>\n\n\n\n<p class=\"has-text-align-center\"><strong>Kalender von Sofya:<\/strong><\/p>\n\n\n\n<p>&nbsp;<a href=\"https:\/\/teamup.com\/c\/fhi6s2\" target=\"_blank\" rel=\"noreferrer noopener\">https:\/\/teamup.com\/c\/fhi6s2<\/a><\/p>\n\n\n\n<p><iframe loading=\"lazy\" src=\"https:\/\/docs.google.com\/spreadsheets\/d\/e\/2PACX-1vTJkdh468WUJ2kZFpZXvUoVuftLdSafJ2akDvh-aLN9pcBKZSEKQRsGWMckXXlInki0QFxYbIcEInPi\/pubhtml?widget=true&amp;headers=false\" width=\"900\" height=\"400\"><\/iframe><\/p>\n\n\n\n<p class=\"has-text-align-center\" style=\"font-size:17px\">&#8212;&#8212;&#8212;&#8212;&#8212;&#8212;&#8212;&#8212;&#8212;&#8211;<\/p>\n","protected":false},"excerpt":{"rendered":"<p>Sommerkurse und Konzertein Schloss P\u00f6llau bei Hartberg 8.8. \u2013 14.8.2022 K\u00fcnstlerische Leitung: Konstanze Rieckh Link zum Kalender, max. zwei Stunden pro Teilnehmer: https:\/\/docs.google.com\/spreadsheets\/d\/1huaU0MrgvT4eGOzRMrK9PxynUtcAKzhPviOq_ISXSu8\/edit?usp=sharing Link zum WhatsApp-Chat: https:\/\/chat.whatsapp.com\/KNO2GURDwRqHwLRZIDjxsf Empfohlenes Repertoire f\u00fcr Kammermusik: J.S. Bach: Triosonate G-Dur, BWV 1038 J.S. Bach: Sonate h-Moll f\u00fcr Violine und obligates Cembalo, BWV 1014 J.S. Bach: Sonate G-Dur f\u00fcr Violine und [&hellip;]<\/p>\n","protected":false},"author":1,"featured_media":0,"parent":0,"menu_order":0,"comment_status":"closed","ping_status":"closed","template":"","meta":{"_monsterinsights_skip_tracking":false,"_monsterinsights_sitenote_active":false,"_monsterinsights_sitenote_note":"","_monsterinsights_sitenote_category":0,"footnotes":""},"class_list":["post-494","page","type-page","status-publish","hentry","entry"],"aioseo_notices":[],"yoast_head":"<!-- This site is optimized with the Yoast SEO plugin v22.6 - https:\/\/yoast.com\/wordpress\/plugins\/seo\/ -->\n<title>Meisterkurs P\u00f6llau 2022 | Korrepetition - Kornraset Narkmun<\/title>\n<meta name=\"description\" content=\"\u00dcberblick zur Organisation - P\u00f6llau Dienstag, 09. August bis Sonntag, 14. August 2022\" \/>\n<meta name=\"robots\" content=\"index, follow, max-snippet:-1, max-image-preview:large, max-video-preview:-1\" \/>\n<link rel=\"canonical\" href=\"https:\/\/kornrasetnarkmun.com\/index.php\/meisterkurs-pollau-2022-korrepetion\/\" \/>\n<meta property=\"og:locale\" content=\"en_US\" \/>\n<meta property=\"og:type\" content=\"article\" \/>\n<meta property=\"og:title\" content=\"Meisterkurs P\u00f6llau 2022 | Korrepetition - Kornraset Narkmun\" \/>\n<meta property=\"og:description\" content=\"\u00dcberblick zur Organisation - P\u00f6llau Dienstag, 09. August bis Sonntag, 14. August 2022\" \/>\n<meta property=\"og:url\" content=\"https:\/\/kornrasetnarkmun.com\/index.php\/meisterkurs-pollau-2022-korrepetion\/\" \/>\n<meta property=\"og:site_name\" content=\"Kornraset Narkmun\" \/>\n<meta property=\"article:publisher\" content=\"https:\/\/www.facebook.com\/kornraset\/\" \/>\n<meta property=\"article:modified_time\" content=\"2022-08-15T23:49:21+00:00\" \/>\n<meta property=\"og:image\" content=\"https:\/\/kornrasetnarkmun.com\/wp-content\/uploads\/2022\/07\/image.png\" \/>\n<meta name=\"twitter:card\" content=\"summary_large_image\" \/>\n<meta name=\"twitter:label1\" content=\"Est. reading time\" \/>\n\t<meta name=\"twitter:data1\" content=\"1 minute\" \/>\n<script type=\"application\/ld+json\" class=\"yoast-schema-graph\">{\"@context\":\"https:\/\/schema.org\",\"@graph\":[{\"@type\":\"WebPage\",\"@id\":\"https:\/\/kornrasetnarkmun.com\/index.php\/meisterkurs-pollau-2022-korrepetion\/\",\"url\":\"https:\/\/kornrasetnarkmun.com\/index.php\/meisterkurs-pollau-2022-korrepetion\/\",\"name\":\"Meisterkurs P\u00f6llau 2022 | Korrepetition - Kornraset Narkmun\",\"isPartOf\":{\"@id\":\"https:\/\/kornrasetnarkmun.com\/#website\"},\"primaryImageOfPage\":{\"@id\":\"https:\/\/kornrasetnarkmun.com\/index.php\/meisterkurs-pollau-2022-korrepetion\/#primaryimage\"},\"image\":{\"@id\":\"https:\/\/kornrasetnarkmun.com\/index.php\/meisterkurs-pollau-2022-korrepetion\/#primaryimage\"},\"thumbnailUrl\":\"https:\/\/kornrasetnarkmun.com\/wp-content\/uploads\/2022\/07\/image.png\",\"datePublished\":\"2022-07-22T09:44:59+00:00\",\"dateModified\":\"2022-08-15T23:49:21+00:00\",\"description\":\"\u00dcberblick zur Organisation - P\u00f6llau Dienstag, 09. August bis Sonntag, 14. August 2022\",\"breadcrumb\":{\"@id\":\"https:\/\/kornrasetnarkmun.com\/index.php\/meisterkurs-pollau-2022-korrepetion\/#breadcrumb\"},\"inLanguage\":\"en-US\",\"potentialAction\":[{\"@type\":\"ReadAction\",\"target\":[\"https:\/\/kornrasetnarkmun.com\/index.php\/meisterkurs-pollau-2022-korrepetion\/\"]}]},{\"@type\":\"ImageObject\",\"inLanguage\":\"en-US\",\"@id\":\"https:\/\/kornrasetnarkmun.com\/index.php\/meisterkurs-pollau-2022-korrepetion\/#primaryimage\",\"url\":\"https:\/\/kornrasetnarkmun.com\/wp-content\/uploads\/2022\/07\/image.png\",\"contentUrl\":\"https:\/\/kornrasetnarkmun.com\/wp-content\/uploads\/2022\/07\/image.png\",\"width\":420,\"height\":226},{\"@type\":\"BreadcrumbList\",\"@id\":\"https:\/\/kornrasetnarkmun.com\/index.php\/meisterkurs-pollau-2022-korrepetion\/#breadcrumb\",\"itemListElement\":[{\"@type\":\"ListItem\",\"position\":1,\"name\":\"Home\",\"item\":\"https:\/\/kornrasetnarkmun.com\/\"},{\"@type\":\"ListItem\",\"position\":2,\"name\":\"Meisterkurs P\u00f6llau 2022 | Korrepetition\"}]},{\"@type\":\"WebSite\",\"@id\":\"https:\/\/kornrasetnarkmun.com\/#website\",\"url\":\"https:\/\/kornrasetnarkmun.com\/\",\"name\":\"Kornraset Narkmun\",\"description\":\"Jonas Ensemble\",\"publisher\":{\"@id\":\"https:\/\/kornrasetnarkmun.com\/#organization\"},\"potentialAction\":[{\"@type\":\"SearchAction\",\"target\":{\"@type\":\"EntryPoint\",\"urlTemplate\":\"https:\/\/kornrasetnarkmun.com\/?s={search_term_string}\"},\"query-input\":\"required name=search_term_string\"}],\"inLanguage\":\"en-US\"},{\"@type\":\"Organization\",\"@id\":\"https:\/\/kornrasetnarkmun.com\/#organization\",\"name\":\"Ensemble der schmerzhaften Mutter\",\"url\":\"https:\/\/kornrasetnarkmun.com\/\",\"logo\":{\"@type\":\"ImageObject\",\"inLanguage\":\"en-US\",\"@id\":\"https:\/\/kornrasetnarkmun.com\/#\/schema\/logo\/image\/\",\"url\":\"https:\/\/kornrasetnarkmun.com\/wp-content\/uploads\/2022\/02\/Kornraset-Narkmun-1-1024x683.jpg\",\"contentUrl\":\"https:\/\/kornrasetnarkmun.com\/wp-content\/uploads\/2022\/02\/Kornraset-Narkmun-1-1024x683.jpg\",\"width\":1024,\"height\":683,\"caption\":\"Ensemble der schmerzhaften Mutter\"},\"image\":{\"@id\":\"https:\/\/kornrasetnarkmun.com\/#\/schema\/logo\/image\/\"},\"sameAs\":[\"https:\/\/www.facebook.com\/kornraset\/\",\"https:\/\/www.instagram.com\/pian_oman\/\"]}]}<\/script>\n<!-- \/ Yoast SEO plugin. -->","yoast_head_json":{"title":"Meisterkurs P\u00f6llau 2022 | Korrepetition - Kornraset Narkmun","description":"\u00dcberblick zur Organisation - P\u00f6llau Dienstag, 09. August bis Sonntag, 14. August 2022","robots":{"index":"index","follow":"follow","max-snippet":"max-snippet:-1","max-image-preview":"max-image-preview:large","max-video-preview":"max-video-preview:-1"},"canonical":"https:\/\/kornrasetnarkmun.com\/index.php\/meisterkurs-pollau-2022-korrepetion\/","og_locale":"en_US","og_type":"article","og_title":"Meisterkurs P\u00f6llau 2022 | Korrepetition - Kornraset Narkmun","og_description":"\u00dcberblick zur Organisation - P\u00f6llau Dienstag, 09. August bis Sonntag, 14. August 2022","og_url":"https:\/\/kornrasetnarkmun.com\/index.php\/meisterkurs-pollau-2022-korrepetion\/","og_site_name":"Kornraset Narkmun","article_publisher":"https:\/\/www.facebook.com\/kornraset\/","article_modified_time":"2022-08-15T23:49:21+00:00","og_image":[{"url":"https:\/\/kornrasetnarkmun.com\/wp-content\/uploads\/2022\/07\/image.png"}],"twitter_card":"summary_large_image","twitter_misc":{"Est. reading time":"1 minute"},"schema":{"@context":"https:\/\/schema.org","@graph":[{"@type":"WebPage","@id":"https:\/\/kornrasetnarkmun.com\/index.php\/meisterkurs-pollau-2022-korrepetion\/","url":"https:\/\/kornrasetnarkmun.com\/index.php\/meisterkurs-pollau-2022-korrepetion\/","name":"Meisterkurs P\u00f6llau 2022 | Korrepetition - Kornraset Narkmun","isPartOf":{"@id":"https:\/\/kornrasetnarkmun.com\/#website"},"primaryImageOfPage":{"@id":"https:\/\/kornrasetnarkmun.com\/index.php\/meisterkurs-pollau-2022-korrepetion\/#primaryimage"},"image":{"@id":"https:\/\/kornrasetnarkmun.com\/index.php\/meisterkurs-pollau-2022-korrepetion\/#primaryimage"},"thumbnailUrl":"https:\/\/kornrasetnarkmun.com\/wp-content\/uploads\/2022\/07\/image.png","datePublished":"2022-07-22T09:44:59+00:00","dateModified":"2022-08-15T23:49:21+00:00","description":"\u00dcberblick zur Organisation - P\u00f6llau Dienstag, 09. August bis Sonntag, 14. August 2022","breadcrumb":{"@id":"https:\/\/kornrasetnarkmun.com\/index.php\/meisterkurs-pollau-2022-korrepetion\/#breadcrumb"},"inLanguage":"en-US","potentialAction":[{"@type":"ReadAction","target":["https:\/\/kornrasetnarkmun.com\/index.php\/meisterkurs-pollau-2022-korrepetion\/"]}]},{"@type":"ImageObject","inLanguage":"en-US","@id":"https:\/\/kornrasetnarkmun.com\/index.php\/meisterkurs-pollau-2022-korrepetion\/#primaryimage","url":"https:\/\/kornrasetnarkmun.com\/wp-content\/uploads\/2022\/07\/image.png","contentUrl":"https:\/\/kornrasetnarkmun.com\/wp-content\/uploads\/2022\/07\/image.png","width":420,"height":226},{"@type":"BreadcrumbList","@id":"https:\/\/kornrasetnarkmun.com\/index.php\/meisterkurs-pollau-2022-korrepetion\/#breadcrumb","itemListElement":[{"@type":"ListItem","position":1,"name":"Home","item":"https:\/\/kornrasetnarkmun.com\/"},{"@type":"ListItem","position":2,"name":"Meisterkurs P\u00f6llau 2022 | Korrepetition"}]},{"@type":"WebSite","@id":"https:\/\/kornrasetnarkmun.com\/#website","url":"https:\/\/kornrasetnarkmun.com\/","name":"Kornraset Narkmun","description":"Jonas Ensemble","publisher":{"@id":"https:\/\/kornrasetnarkmun.com\/#organization"},"potentialAction":[{"@type":"SearchAction","target":{"@type":"EntryPoint","urlTemplate":"https:\/\/kornrasetnarkmun.com\/?s={search_term_string}"},"query-input":"required name=search_term_string"}],"inLanguage":"en-US"},{"@type":"Organization","@id":"https:\/\/kornrasetnarkmun.com\/#organization","name":"Ensemble der schmerzhaften Mutter","url":"https:\/\/kornrasetnarkmun.com\/","logo":{"@type":"ImageObject","inLanguage":"en-US","@id":"https:\/\/kornrasetnarkmun.com\/#\/schema\/logo\/image\/","url":"https:\/\/kornrasetnarkmun.com\/wp-content\/uploads\/2022\/02\/Kornraset-Narkmun-1-1024x683.jpg","contentUrl":"https:\/\/kornrasetnarkmun.com\/wp-content\/uploads\/2022\/02\/Kornraset-Narkmun-1-1024x683.jpg","width":1024,"height":683,"caption":"Ensemble der schmerzhaften Mutter"},"image":{"@id":"https:\/\/kornrasetnarkmun.com\/#\/schema\/logo\/image\/"},"sameAs":["https:\/\/www.facebook.com\/kornraset\/","https:\/\/www.instagram.com\/pian_oman\/"]}]}},"_links":{"self":[{"href":"https:\/\/kornrasetnarkmun.com\/index.php\/wp-json\/wp\/v2\/pages\/494","targetHints":{"allow":["GET"]}}],"collection":[{"href":"https:\/\/kornrasetnarkmun.com\/index.php\/wp-json\/wp\/v2\/pages"}],"about":[{"href":"https:\/\/kornrasetnarkmun.com\/index.php\/wp-json\/wp\/v2\/types\/page"}],"author":[{"embeddable":true,"href":"https:\/\/kornrasetnarkmun.com\/index.php\/wp-json\/wp\/v2\/users\/1"}],"replies":[{"embeddable":true,"href":"https:\/\/kornrasetnarkmun.com\/index.php\/wp-json\/wp\/v2\/comments?post=494"}],"version-history":[{"count":48,"href":"https:\/\/kornrasetnarkmun.com\/index.php\/wp-json\/wp\/v2\/pages\/494\/revisions"}],"predecessor-version":[{"id":583,"href":"https:\/\/kornrasetnarkmun.com\/index.php\/wp-json\/wp\/v2\/pages\/494\/revisions\/583"}],"wp:attachment":[{"href":"https:\/\/kornrasetnarkmun.com\/index.php\/wp-json\/wp\/v2\/media?parent=494"}],"curies":[{"name":"wp","href":"https:\/\/api.w.org\/{rel}","templated":true}]}}