{"id":589,"date":"2022-08-24T13:21:58","date_gmt":"2022-08-24T13:21:58","guid":{"rendered":"https:\/\/kornrasetnarkmun.com\/?page_id=589"},"modified":"2023-04-03T22:27:44","modified_gmt":"2023-04-03T22:27:44","slug":"hearing-2022","status":"publish","type":"page","link":"https:\/\/kornrasetnarkmun.com\/index.php\/hearing-2022\/","title":{"rendered":"Hearing 2022"},"content":{"rendered":"\n<p class=\"has-text-align-center has-small-font-size\">Lehrauftrag f\u00fcr Cembalo an der Musikschule der Landeshauptstadt St. P\u00f6lten<\/p>\n\n\n\n<p class=\"has-text-align-center has-small-font-size\">Freitag, 26. August 2022, 10:00 Uhr<\/p>\n\n\n\n<p class=\"has-text-align-center has-small-font-size\">Kranzbichlerstra\u00dfe 18<\/p>\n\n\n\n<p class=\"has-text-align-center has-small-font-size\">3100 St. P\u00f6lten<\/p>\n\n\n\n<p class=\"has-text-align-center\"><strong>Programm<\/strong><\/p>\n\n\n\n<p class=\"has-white-background-color has-background has-small-font-size\" style=\"font-style:italic;font-weight:200\"><a href=\"https:\/\/drive.google.com\/file\/d\/17BKZCF9qDDARqj-5u7qiCfbp0TPEQQIX\/view?usp=sharing\" target=\"_blank\" rel=\"noreferrer noopener\">H\u00e4ndel\/Narkmun: Pr\u00e9lude aus &#8220;Il Trionfo del Tempo&#8221; HWV46, Ausschnitt aus dem Transkription<\/a><\/p>\n\n\n\n<p class=\"has-white-background-color has-background has-small-font-size\" style=\"font-style:italic;font-weight:200\"><a href=\"https:\/\/drive.google.com\/file\/d\/1HiRyABvkDEvZWonXGiZUOIzlqvewVEAB\/view?usp=sharing\" target=\"_blank\" rel=\"noreferrer noopener\">H\u00e4ndel: aus der Suite F-Dur, HWV427 mit Verzierungsvorschlag von Gottlieb Muffat &#8211; Adagio \/ Fuge (DE-1 Ms. Mus. 9160)<\/a><\/p>\n\n\n\n<p class=\"has-text-align-center has-small-font-size\">Cembalo: Kornraset Narkmun<\/p>\n\n\n\n<p class=\"has-text-align-center\"><\/p>\n\n\n\n<figure class=\"wp-block-image size-full\"><a href=\"https:\/\/drive.google.com\/file\/d\/147OggH07coKgJ10kWiaG_TCsdx2dF1KY\/view\" target=\"_blank\" rel=\"noreferrer noopener\"><img loading=\"lazy\" decoding=\"async\" width=\"682\" height=\"681\" src=\"https:\/\/kornrasetnarkmun.com\/wp-content\/uploads\/2022\/08\/Kornraset-Narkmun-edited.jpeg\" alt=\"\" class=\"wp-image-606\" srcset=\"https:\/\/kornrasetnarkmun.com\/wp-content\/uploads\/2022\/08\/Kornraset-Narkmun-edited.jpeg 682w, https:\/\/kornrasetnarkmun.com\/wp-content\/uploads\/2022\/08\/Kornraset-Narkmun-edited-300x300.jpeg 300w, https:\/\/kornrasetnarkmun.com\/wp-content\/uploads\/2022\/08\/Kornraset-Narkmun-edited-150x150.jpeg 150w\" sizes=\"auto, (max-width: 682px) 100vw, 682px\" \/><\/a><\/figure>\n\n\n\n<p class=\"has-text-align-center\"><\/p>\n","protected":false},"excerpt":{"rendered":"<p>Lehrauftrag f\u00fcr Cembalo an der Musikschule der Landeshauptstadt St. P\u00f6lten Freitag, 26. August 2022, 10:00 Uhr Kranzbichlerstra\u00dfe 18 3100 St. P\u00f6lten Programm H\u00e4ndel\/Narkmun: Pr\u00e9lude aus &#8220;Il Trionfo del Tempo&#8221; HWV46, Ausschnitt aus dem Transkription H\u00e4ndel: aus der Suite F-Dur, HWV427 mit Verzierungsvorschlag von Gottlieb Muffat &#8211; Adagio \/ Fuge (DE-1 Ms. Mus. 9160) Cembalo: Kornraset [&hellip;]<\/p>\n","protected":false},"author":1,"featured_media":0,"parent":0,"menu_order":0,"comment_status":"closed","ping_status":"closed","template":"","meta":{"_monsterinsights_skip_tracking":false,"_monsterinsights_sitenote_active":false,"_monsterinsights_sitenote_note":"","_monsterinsights_sitenote_category":0,"footnotes":""},"class_list":["post-589","page","type-page","status-publish","hentry","entry"],"aioseo_notices":[],"yoast_head":"<!-- This site is optimized with the Yoast SEO plugin v22.6 - https:\/\/yoast.com\/wordpress\/plugins\/seo\/ -->\n<title>Hearing 2022 - Kornraset Narkmun<\/title>\n<meta name=\"description\" content=\"Lehrauftrag f\u00fcr Cembalo an der Musikschule der Landeshauptstadt St. P\u00f6lten 26. August 2022 um 10:00 Uhr, St. P\u00f6lten\" \/>\n<meta name=\"robots\" content=\"index, follow, max-snippet:-1, max-image-preview:large, max-video-preview:-1\" \/>\n<link rel=\"canonical\" href=\"https:\/\/kornrasetnarkmun.com\/index.php\/hearing-2022\/\" \/>\n<meta property=\"og:locale\" content=\"en_US\" \/>\n<meta property=\"og:type\" content=\"article\" \/>\n<meta property=\"og:title\" content=\"Hearing 2022 - Kornraset Narkmun\" \/>\n<meta property=\"og:description\" content=\"Lehrauftrag f\u00fcr Cembalo an der Musikschule der Landeshauptstadt St. P\u00f6lten 26. August 2022 um 10:00 Uhr, St. P\u00f6lten\" \/>\n<meta property=\"og:url\" content=\"https:\/\/kornrasetnarkmun.com\/index.php\/hearing-2022\/\" \/>\n<meta property=\"og:site_name\" content=\"Kornraset Narkmun\" \/>\n<meta property=\"article:publisher\" content=\"https:\/\/www.facebook.com\/kornraset\/\" \/>\n<meta property=\"article:modified_time\" content=\"2023-04-03T22:27:44+00:00\" \/>\n<meta property=\"og:image\" content=\"https:\/\/kornrasetnarkmun.com\/wp-content\/uploads\/2022\/08\/Kornraset-Narkmun-edited.jpeg\" \/>\n<meta name=\"twitter:card\" content=\"summary_large_image\" \/>\n<meta name=\"twitter:label1\" content=\"Est. reading time\" \/>\n\t<meta name=\"twitter:data1\" content=\"1 minute\" \/>\n<script type=\"application\/ld+json\" class=\"yoast-schema-graph\">{\"@context\":\"https:\/\/schema.org\",\"@graph\":[{\"@type\":\"WebPage\",\"@id\":\"https:\/\/kornrasetnarkmun.com\/index.php\/hearing-2022\/\",\"url\":\"https:\/\/kornrasetnarkmun.com\/index.php\/hearing-2022\/\",\"name\":\"Hearing 2022 - Kornraset Narkmun\",\"isPartOf\":{\"@id\":\"https:\/\/kornrasetnarkmun.com\/#website\"},\"primaryImageOfPage\":{\"@id\":\"https:\/\/kornrasetnarkmun.com\/index.php\/hearing-2022\/#primaryimage\"},\"image\":{\"@id\":\"https:\/\/kornrasetnarkmun.com\/index.php\/hearing-2022\/#primaryimage\"},\"thumbnailUrl\":\"https:\/\/kornrasetnarkmun.com\/wp-content\/uploads\/2022\/08\/Kornraset-Narkmun-edited.jpeg\",\"datePublished\":\"2022-08-24T13:21:58+00:00\",\"dateModified\":\"2023-04-03T22:27:44+00:00\",\"description\":\"Lehrauftrag f\u00fcr Cembalo an der Musikschule der Landeshauptstadt St. P\u00f6lten 26. August 2022 um 10:00 Uhr, St. P\u00f6lten\",\"breadcrumb\":{\"@id\":\"https:\/\/kornrasetnarkmun.com\/index.php\/hearing-2022\/#breadcrumb\"},\"inLanguage\":\"en-US\",\"potentialAction\":[{\"@type\":\"ReadAction\",\"target\":[\"https:\/\/kornrasetnarkmun.com\/index.php\/hearing-2022\/\"]}]},{\"@type\":\"ImageObject\",\"inLanguage\":\"en-US\",\"@id\":\"https:\/\/kornrasetnarkmun.com\/index.php\/hearing-2022\/#primaryimage\",\"url\":\"https:\/\/kornrasetnarkmun.com\/wp-content\/uploads\/2022\/08\/Kornraset-Narkmun-edited.jpeg\",\"contentUrl\":\"https:\/\/kornrasetnarkmun.com\/wp-content\/uploads\/2022\/08\/Kornraset-Narkmun-edited.jpeg\",\"width\":682,\"height\":681},{\"@type\":\"BreadcrumbList\",\"@id\":\"https:\/\/kornrasetnarkmun.com\/index.php\/hearing-2022\/#breadcrumb\",\"itemListElement\":[{\"@type\":\"ListItem\",\"position\":1,\"name\":\"Home\",\"item\":\"https:\/\/kornrasetnarkmun.com\/\"},{\"@type\":\"ListItem\",\"position\":2,\"name\":\"Hearing 2022\"}]},{\"@type\":\"WebSite\",\"@id\":\"https:\/\/kornrasetnarkmun.com\/#website\",\"url\":\"https:\/\/kornrasetnarkmun.com\/\",\"name\":\"Kornraset Narkmun\",\"description\":\"Jonas Ensemble\",\"publisher\":{\"@id\":\"https:\/\/kornrasetnarkmun.com\/#organization\"},\"potentialAction\":[{\"@type\":\"SearchAction\",\"target\":{\"@type\":\"EntryPoint\",\"urlTemplate\":\"https:\/\/kornrasetnarkmun.com\/?s={search_term_string}\"},\"query-input\":\"required name=search_term_string\"}],\"inLanguage\":\"en-US\"},{\"@type\":\"Organization\",\"@id\":\"https:\/\/kornrasetnarkmun.com\/#organization\",\"name\":\"Ensemble der schmerzhaften Mutter\",\"url\":\"https:\/\/kornrasetnarkmun.com\/\",\"logo\":{\"@type\":\"ImageObject\",\"inLanguage\":\"en-US\",\"@id\":\"https:\/\/kornrasetnarkmun.com\/#\/schema\/logo\/image\/\",\"url\":\"https:\/\/kornrasetnarkmun.com\/wp-content\/uploads\/2022\/02\/Kornraset-Narkmun-1-1024x683.jpg\",\"contentUrl\":\"https:\/\/kornrasetnarkmun.com\/wp-content\/uploads\/2022\/02\/Kornraset-Narkmun-1-1024x683.jpg\",\"width\":1024,\"height\":683,\"caption\":\"Ensemble der schmerzhaften Mutter\"},\"image\":{\"@id\":\"https:\/\/kornrasetnarkmun.com\/#\/schema\/logo\/image\/\"},\"sameAs\":[\"https:\/\/www.facebook.com\/kornraset\/\",\"https:\/\/www.instagram.com\/pian_oman\/\"]}]}<\/script>\n<!-- \/ Yoast SEO plugin. -->","yoast_head_json":{"title":"Hearing 2022 - Kornraset Narkmun","description":"Lehrauftrag f\u00fcr Cembalo an der Musikschule der Landeshauptstadt St. P\u00f6lten 26. August 2022 um 10:00 Uhr, St. P\u00f6lten","robots":{"index":"index","follow":"follow","max-snippet":"max-snippet:-1","max-image-preview":"max-image-preview:large","max-video-preview":"max-video-preview:-1"},"canonical":"https:\/\/kornrasetnarkmun.com\/index.php\/hearing-2022\/","og_locale":"en_US","og_type":"article","og_title":"Hearing 2022 - Kornraset Narkmun","og_description":"Lehrauftrag f\u00fcr Cembalo an der Musikschule der Landeshauptstadt St. P\u00f6lten 26. August 2022 um 10:00 Uhr, St. P\u00f6lten","og_url":"https:\/\/kornrasetnarkmun.com\/index.php\/hearing-2022\/","og_site_name":"Kornraset Narkmun","article_publisher":"https:\/\/www.facebook.com\/kornraset\/","article_modified_time":"2023-04-03T22:27:44+00:00","og_image":[{"url":"https:\/\/kornrasetnarkmun.com\/wp-content\/uploads\/2022\/08\/Kornraset-Narkmun-edited.jpeg"}],"twitter_card":"summary_large_image","twitter_misc":{"Est. reading time":"1 minute"},"schema":{"@context":"https:\/\/schema.org","@graph":[{"@type":"WebPage","@id":"https:\/\/kornrasetnarkmun.com\/index.php\/hearing-2022\/","url":"https:\/\/kornrasetnarkmun.com\/index.php\/hearing-2022\/","name":"Hearing 2022 - Kornraset Narkmun","isPartOf":{"@id":"https:\/\/kornrasetnarkmun.com\/#website"},"primaryImageOfPage":{"@id":"https:\/\/kornrasetnarkmun.com\/index.php\/hearing-2022\/#primaryimage"},"image":{"@id":"https:\/\/kornrasetnarkmun.com\/index.php\/hearing-2022\/#primaryimage"},"thumbnailUrl":"https:\/\/kornrasetnarkmun.com\/wp-content\/uploads\/2022\/08\/Kornraset-Narkmun-edited.jpeg","datePublished":"2022-08-24T13:21:58+00:00","dateModified":"2023-04-03T22:27:44+00:00","description":"Lehrauftrag f\u00fcr Cembalo an der Musikschule der Landeshauptstadt St. P\u00f6lten 26. August 2022 um 10:00 Uhr, St. P\u00f6lten","breadcrumb":{"@id":"https:\/\/kornrasetnarkmun.com\/index.php\/hearing-2022\/#breadcrumb"},"inLanguage":"en-US","potentialAction":[{"@type":"ReadAction","target":["https:\/\/kornrasetnarkmun.com\/index.php\/hearing-2022\/"]}]},{"@type":"ImageObject","inLanguage":"en-US","@id":"https:\/\/kornrasetnarkmun.com\/index.php\/hearing-2022\/#primaryimage","url":"https:\/\/kornrasetnarkmun.com\/wp-content\/uploads\/2022\/08\/Kornraset-Narkmun-edited.jpeg","contentUrl":"https:\/\/kornrasetnarkmun.com\/wp-content\/uploads\/2022\/08\/Kornraset-Narkmun-edited.jpeg","width":682,"height":681},{"@type":"BreadcrumbList","@id":"https:\/\/kornrasetnarkmun.com\/index.php\/hearing-2022\/#breadcrumb","itemListElement":[{"@type":"ListItem","position":1,"name":"Home","item":"https:\/\/kornrasetnarkmun.com\/"},{"@type":"ListItem","position":2,"name":"Hearing 2022"}]},{"@type":"WebSite","@id":"https:\/\/kornrasetnarkmun.com\/#website","url":"https:\/\/kornrasetnarkmun.com\/","name":"Kornraset Narkmun","description":"Jonas Ensemble","publisher":{"@id":"https:\/\/kornrasetnarkmun.com\/#organization"},"potentialAction":[{"@type":"SearchAction","target":{"@type":"EntryPoint","urlTemplate":"https:\/\/kornrasetnarkmun.com\/?s={search_term_string}"},"query-input":"required name=search_term_string"}],"inLanguage":"en-US"},{"@type":"Organization","@id":"https:\/\/kornrasetnarkmun.com\/#organization","name":"Ensemble der schmerzhaften Mutter","url":"https:\/\/kornrasetnarkmun.com\/","logo":{"@type":"ImageObject","inLanguage":"en-US","@id":"https:\/\/kornrasetnarkmun.com\/#\/schema\/logo\/image\/","url":"https:\/\/kornrasetnarkmun.com\/wp-content\/uploads\/2022\/02\/Kornraset-Narkmun-1-1024x683.jpg","contentUrl":"https:\/\/kornrasetnarkmun.com\/wp-content\/uploads\/2022\/02\/Kornraset-Narkmun-1-1024x683.jpg","width":1024,"height":683,"caption":"Ensemble der schmerzhaften Mutter"},"image":{"@id":"https:\/\/kornrasetnarkmun.com\/#\/schema\/logo\/image\/"},"sameAs":["https:\/\/www.facebook.com\/kornraset\/","https:\/\/www.instagram.com\/pian_oman\/"]}]}},"_links":{"self":[{"href":"https:\/\/kornrasetnarkmun.com\/index.php\/wp-json\/wp\/v2\/pages\/589","targetHints":{"allow":["GET"]}}],"collection":[{"href":"https:\/\/kornrasetnarkmun.com\/index.php\/wp-json\/wp\/v2\/pages"}],"about":[{"href":"https:\/\/kornrasetnarkmun.com\/index.php\/wp-json\/wp\/v2\/types\/page"}],"author":[{"embeddable":true,"href":"https:\/\/kornrasetnarkmun.com\/index.php\/wp-json\/wp\/v2\/users\/1"}],"replies":[{"embeddable":true,"href":"https:\/\/kornrasetnarkmun.com\/index.php\/wp-json\/wp\/v2\/comments?post=589"}],"version-history":[{"count":18,"href":"https:\/\/kornrasetnarkmun.com\/index.php\/wp-json\/wp\/v2\/pages\/589\/revisions"}],"predecessor-version":[{"id":1002,"href":"https:\/\/kornrasetnarkmun.com\/index.php\/wp-json\/wp\/v2\/pages\/589\/revisions\/1002"}],"wp:attachment":[{"href":"https:\/\/kornrasetnarkmun.com\/index.php\/wp-json\/wp\/v2\/media?parent=589"}],"curies":[{"name":"wp","href":"https:\/\/api.w.org\/{rel}","templated":true}]}}