{"id":760,"date":"2022-10-22T20:11:46","date_gmt":"2022-10-22T20:11:46","guid":{"rendered":"https:\/\/kornrasetnarkmun.com\/?page_id=760"},"modified":"2023-03-27T02:49:18","modified_gmt":"2023-03-27T02:49:18","slug":"the-tale-of-the-earth-and-the-youth-aoc-2022","status":"publish","type":"page","link":"https:\/\/kornrasetnarkmun.com\/index.php\/the-tale-of-the-earth-and-the-youth-aoc-2022\/","title":{"rendered":"The Tale of the Earth and the Youth &#8211; AoC 2022"},"content":{"rendered":"\n<figure class=\"wp-block-embed is-type-video is-provider-youtube wp-block-embed-youtube wp-embed-aspect-16-9 wp-has-aspect-ratio\"><div class=\"wp-block-embed__wrapper\">\n<iframe loading=\"lazy\" title=\"Ausschnitte fu\u0308r AoC kurz\" width=\"640\" height=\"360\" src=\"https:\/\/www.youtube.com\/embed\/oT-bhRclmwA?feature=oembed\" frameborder=\"0\" allow=\"accelerometer; autoplay; clipboard-write; encrypted-media; gyroscope; picture-in-picture; web-share\" referrerpolicy=\"strict-origin-when-cross-origin\" allowfullscreen><\/iframe>\n<\/div><figcaption class=\"wp-element-caption\">Teaser<\/figcaption><\/figure>\n\n\n\n<p class=\"has-text-align-center has-large-font-size\"><a href=\"https:\/\/kornrasetnarkmun.com\/index.php\/aoc-2023\/\"><strong>Video-Ausschnitte und Fotos<\/strong><\/a><\/p>\n\n\n\n<p>\u201eThe Tale of the Earth and the Youth\u201c erz\u00e4hlt die Geschichte der Machtlosigkeit der jungen Generation im Kampf gegen Klimawandel. Dieses wird halb-szenisch aufgef\u00fchrt, mit S\u00e4nger*innen, K\u00fcnstler*innen aus verschiedenen Kunstuniversit\u00e4ten \u00d6sterreichs und einer Schauspielerin aus Mozarteum sowie Highlights von Purcell (Arie und Duett aus Dido), Bach (Matth\u00e4us-Passion), Haydn (die Sch\u00f6pfung), Albrechtsberger (<em>neu-entdeckte<\/em>&nbsp;Barockmusik, Pilgrime auf Golgatha), Verdi und Mahler u. a.<\/p>\n\n\n\n<ul class=\"wp-block-list\">\n<li>\u00d6ffentliche Ensembleprobe: Samstag, 26. November 2022, 19 Uhr @ Ira-Malaniuk-Saal, Leonhardstrasse 82-84, 8010 Graz<\/li>\n\n\n\n<li>Die Erstauff\u00fchrung: <strong>Samstag, 28. J\u00e4nner 2023, 19 Uhr @ Clara Schumann-Saal<\/strong><\/li>\n<\/ul>\n\n\n\n<p class=\"has-text-align-center\"><a href=\"https:\/\/kornrasetnarkmun.com\/index.php\/the-tale-of-the-earth-and-the-youth-besetzung-2023\/\"><strong>Besetzung 2023<\/strong><\/a><\/p>\n\n\n\n<p class=\"has-text-align-center\"><strong>Zeitplan<\/strong><\/p>\n\n\n\n<p class=\"has-text-align-center\"><strong>Samstag, 28. J\u00e4nner 2023,<\/strong><\/p>\n\n\n\n<p class=\"has-text-align-center\"><strong>Clara Schumann-Saal, <\/strong><\/p>\n\n\n\n<p class=\"has-text-align-center\"><strong>Anton-von-Webern-Platz 1<br>1030 Wien<\/strong><\/p>\n\n\n\n<p><strong>17:00&nbsp;<br><\/strong>Kurze Begr\u00fc\u00dfung der EnvironMental Arts, Workshop \u2013 Instrumental Recycling mit Clara Heupgen<\/p>\n\n\n\n<p><strong>19:00 &#8211; 20:30<\/strong> <\/p>\n\n\n\n<p>Pasticcio&nbsp;<strong>\u201eThe Tale of the Earth and the Youth\u201c<\/strong> mit <strong><a href=\"https:\/\/kornrasetnarkmun.com\/index.php\/environmentalprojekt-crossover\/\">&#8220;EnvironmentalProjekt-Crossover&#8221;<\/a><\/strong><\/p>\n\n\n\n<p><strong>20:30 &#8211; 22:00<\/strong><\/p>\n\n\n\n<p>Diskussionsrunde <\/p>\n\n\n\n<p class=\"has-text-align-center\"><a href=\"https:\/\/www.instagram.com\/environ_mental_arts\/\" target=\"_blank\" rel=\"noreferrer noopener\"><strong>https:\/\/www.instagram.com\/environ_mental_arts\/<br><\/strong><\/a><\/p>\n\n\n\n<figure class=\"wp-block-image size-full is-resized\"><img loading=\"lazy\" decoding=\"async\" src=\"https:\/\/kornrasetnarkmun.com\/wp-content\/uploads\/2022\/10\/qrcode-link-zur-Seite.png\" alt=\"\" class=\"wp-image-766\" width=\"719\" height=\"719\" srcset=\"https:\/\/kornrasetnarkmun.com\/wp-content\/uploads\/2022\/10\/qrcode-link-zur-Seite.png 400w, https:\/\/kornrasetnarkmun.com\/wp-content\/uploads\/2022\/10\/qrcode-link-zur-Seite-300x300.png 300w, https:\/\/kornrasetnarkmun.com\/wp-content\/uploads\/2022\/10\/qrcode-link-zur-Seite-150x150.png 150w\" sizes=\"auto, (max-width: 719px) 100vw, 719px\" \/><\/figure>\n\n\n\n<p class=\"has-text-align-center\"><strong><a href=\"https:\/\/kornrasetnarkmun.com\/index.php\/the-tale-of-the-earth-and-the-youth-besetzung\/\">Besetzung 202<\/a><\/strong><a href=\"https:\/\/kornrasetnarkmun.com\/index.php\/the-tale-of-the-earth-and-the-youth-besetzung\/\"><strong>2<\/strong><\/a><\/p>\n\n\n\n<p class=\"has-text-align-center\">Mit freundlicher Unterst\u00fctzung von<\/p>\n\n\n\n<div class=\"wp-block-columns is-layout-flex wp-container-core-columns-is-layout-9d6595d7 wp-block-columns-is-layout-flex\">\n<div class=\"wp-block-column is-layout-flow wp-block-column-is-layout-flow\">\n<figure class=\"wp-block-image size-large\"><img loading=\"lazy\" decoding=\"async\" width=\"1024\" height=\"558\" src=\"https:\/\/kornrasetnarkmun.com\/wp-content\/uploads\/2022\/11\/Logo-auf-Weis-1024x558.jpg\" alt=\"\" class=\"wp-image-789\" srcset=\"https:\/\/kornrasetnarkmun.com\/wp-content\/uploads\/2022\/11\/Logo-auf-Weis-1024x558.jpg 1024w, https:\/\/kornrasetnarkmun.com\/wp-content\/uploads\/2022\/11\/Logo-auf-Weis-300x163.jpg 300w, https:\/\/kornrasetnarkmun.com\/wp-content\/uploads\/2022\/11\/Logo-auf-Weis-768x418.jpg 768w, https:\/\/kornrasetnarkmun.com\/wp-content\/uploads\/2022\/11\/Logo-auf-Weis.jpg 1469w\" sizes=\"auto, (max-width: 1024px) 100vw, 1024px\" \/><\/figure>\n<\/div>\n\n\n\n<div class=\"wp-block-column is-layout-flow wp-block-column-is-layout-flow\">\n<figure class=\"wp-block-image size-large\"><img loading=\"lazy\" decoding=\"async\" width=\"2362\" height=\"1476\" src=\"https:\/\/kornrasetnarkmun.com\/wp-content\/uploads\/2022\/11\/Logo1_auf_weiss-2-edited.png\" alt=\"\" class=\"wp-image-792\" srcset=\"https:\/\/kornrasetnarkmun.com\/wp-content\/uploads\/2022\/11\/Logo1_auf_weiss-2-edited.png 2362w, https:\/\/kornrasetnarkmun.com\/wp-content\/uploads\/2022\/11\/Logo1_auf_weiss-2-edited-300x187.png 300w, https:\/\/kornrasetnarkmun.com\/wp-content\/uploads\/2022\/11\/Logo1_auf_weiss-2-edited-1024x640.png 1024w, https:\/\/kornrasetnarkmun.com\/wp-content\/uploads\/2022\/11\/Logo1_auf_weiss-2-edited-768x480.png 768w, https:\/\/kornrasetnarkmun.com\/wp-content\/uploads\/2022\/11\/Logo1_auf_weiss-2-edited-1536x960.png 1536w, https:\/\/kornrasetnarkmun.com\/wp-content\/uploads\/2022\/11\/Logo1_auf_weiss-2-edited-2048x1280.png 2048w, https:\/\/kornrasetnarkmun.com\/wp-content\/uploads\/2022\/11\/Logo1_auf_weiss-2-edited-1568x980.png 1568w\" sizes=\"auto, (max-width: 2362px) 100vw, 2362px\" \/><\/figure>\n<\/div>\n\n\n\n<div class=\"wp-block-column is-layout-flow wp-block-column-is-layout-flow\"><\/div>\n<\/div>\n\n\n\n<div class=\"wp-block-columns is-layout-flex wp-container-core-columns-is-layout-9d6595d7 wp-block-columns-is-layout-flex\">\n<div class=\"wp-block-column is-layout-flow wp-block-column-is-layout-flow\">\n<figure class=\"wp-block-image size-large\"><img loading=\"lazy\" decoding=\"async\" width=\"1024\" height=\"275\" src=\"https:\/\/kornrasetnarkmun.com\/wp-content\/uploads\/2022\/11\/BMKOES_Logo_srgb-1024x275.png\" alt=\"\" class=\"wp-image-793\" srcset=\"https:\/\/kornrasetnarkmun.com\/wp-content\/uploads\/2022\/11\/BMKOES_Logo_srgb-1024x275.png 1024w, https:\/\/kornrasetnarkmun.com\/wp-content\/uploads\/2022\/11\/BMKOES_Logo_srgb-300x81.png 300w, https:\/\/kornrasetnarkmun.com\/wp-content\/uploads\/2022\/11\/BMKOES_Logo_srgb-768x206.png 768w, https:\/\/kornrasetnarkmun.com\/wp-content\/uploads\/2022\/11\/BMKOES_Logo_srgb-1536x413.png 1536w, https:\/\/kornrasetnarkmun.com\/wp-content\/uploads\/2022\/11\/BMKOES_Logo_srgb-1568x421.png 1568w, https:\/\/kornrasetnarkmun.com\/wp-content\/uploads\/2022\/11\/BMKOES_Logo_srgb.png 1723w\" sizes=\"auto, (max-width: 1024px) 100vw, 1024px\" \/><\/figure>\n<\/div>\n\n\n\n<div class=\"wp-block-column is-layout-flow wp-block-column-is-layout-flow\">\n<figure class=\"wp-block-image size-full\"><img loading=\"lazy\" decoding=\"async\" width=\"718\" height=\"718\" src=\"https:\/\/kornrasetnarkmun.com\/wp-content\/uploads\/2022\/11\/Bildschirm\u00adfoto-2022-11-20-um-16.52.54.png\" alt=\"\" class=\"wp-image-797\" srcset=\"https:\/\/kornrasetnarkmun.com\/wp-content\/uploads\/2022\/11\/Bildschirm\u00adfoto-2022-11-20-um-16.52.54.png 718w, https:\/\/kornrasetnarkmun.com\/wp-content\/uploads\/2022\/11\/Bildschirm\u00adfoto-2022-11-20-um-16.52.54-300x300.png 300w, https:\/\/kornrasetnarkmun.com\/wp-content\/uploads\/2022\/11\/Bildschirm\u00adfoto-2022-11-20-um-16.52.54-150x150.png 150w\" sizes=\"auto, (max-width: 718px) 100vw, 718px\" \/><\/figure>\n<\/div>\n\n\n\n<div class=\"wp-block-column is-layout-flow wp-block-column-is-layout-flow\">\n<figure class=\"wp-block-image size-large\"><img loading=\"lazy\" decoding=\"async\" width=\"1024\" height=\"259\" src=\"https:\/\/kornrasetnarkmun.com\/wp-content\/uploads\/2022\/11\/cropped-Logo-Website-Test-1024x259.png\" alt=\"\" class=\"wp-image-794\" srcset=\"https:\/\/kornrasetnarkmun.com\/wp-content\/uploads\/2022\/11\/cropped-Logo-Website-Test-1024x259.png 1024w, https:\/\/kornrasetnarkmun.com\/wp-content\/uploads\/2022\/11\/cropped-Logo-Website-Test-300x76.png 300w, https:\/\/kornrasetnarkmun.com\/wp-content\/uploads\/2022\/11\/cropped-Logo-Website-Test-768x194.png 768w, https:\/\/kornrasetnarkmun.com\/wp-content\/uploads\/2022\/11\/cropped-Logo-Website-Test.png 1500w\" sizes=\"auto, (max-width: 1024px) 100vw, 1024px\" \/><\/figure>\n<\/div>\n<\/div>\n\n\n\n<figure class=\"wp-block-image size-full is-style-rounded\"><img loading=\"lazy\" decoding=\"async\" width=\"1000\" height=\"693\" src=\"https:\/\/kornrasetnarkmun.com\/wp-content\/uploads\/2022\/11\/Goldenes-Zeitalter-1530-2.jpeg\" alt=\"\" class=\"wp-image-801\" srcset=\"https:\/\/kornrasetnarkmun.com\/wp-content\/uploads\/2022\/11\/Goldenes-Zeitalter-1530-2.jpeg 1000w, https:\/\/kornrasetnarkmun.com\/wp-content\/uploads\/2022\/11\/Goldenes-Zeitalter-1530-2-300x208.jpeg 300w, https:\/\/kornrasetnarkmun.com\/wp-content\/uploads\/2022\/11\/Goldenes-Zeitalter-1530-2-768x532.jpeg 768w\" sizes=\"auto, (max-width: 1000px) 100vw, 1000px\" \/><\/figure>\n\n\n\n<p class=\"has-text-align-center\">FB-Einladung:<\/p>\n\n\n\n<p class=\"has-text-align-center\"><a href=\"https:\/\/fb.me\/e\/2AxUAzmd4\">https:\/\/fb.me\/e\/3FLqjIJHm<\/a><\/p>\n","protected":false},"excerpt":{"rendered":"<p>Video-Ausschnitte und Fotos \u201eThe Tale of the Earth and the Youth\u201c erz\u00e4hlt die Geschichte der Machtlosigkeit der jungen Generation im Kampf gegen Klimawandel. Dieses wird halb-szenisch aufgef\u00fchrt, mit S\u00e4nger*innen, K\u00fcnstler*innen aus verschiedenen Kunstuniversit\u00e4ten \u00d6sterreichs und einer Schauspielerin aus Mozarteum sowie Highlights von Purcell (Arie und Duett aus Dido), Bach (Matth\u00e4us-Passion), Haydn (die Sch\u00f6pfung), Albrechtsberger (neu-entdeckte&nbsp;Barockmusik, [&hellip;]<\/p>\n","protected":false},"author":1,"featured_media":0,"parent":0,"menu_order":0,"comment_status":"closed","ping_status":"closed","template":"","meta":{"_monsterinsights_skip_tracking":false,"_monsterinsights_sitenote_active":false,"_monsterinsights_sitenote_note":"","_monsterinsights_sitenote_category":0,"footnotes":""},"class_list":["post-760","page","type-page","status-publish","hentry","entry"],"aioseo_notices":[],"yoast_head":"<!-- This site is optimized with the Yoast SEO plugin v22.6 - https:\/\/yoast.com\/wordpress\/plugins\/seo\/ -->\n<title>The Tale of the Earth and the Youth - AoC 2022 - Kornraset Narkmun<\/title>\n<meta name=\"robots\" content=\"index, follow, max-snippet:-1, max-image-preview:large, max-video-preview:-1\" \/>\n<link rel=\"canonical\" href=\"https:\/\/kornrasetnarkmun.com\/index.php\/the-tale-of-the-earth-and-the-youth-aoc-2022\/\" \/>\n<meta property=\"og:locale\" content=\"en_US\" \/>\n<meta property=\"og:type\" content=\"article\" \/>\n<meta property=\"og:title\" content=\"The Tale of the Earth and the Youth - AoC 2022 - Kornraset Narkmun\" \/>\n<meta property=\"og:description\" content=\"Video-Ausschnitte und Fotos \u201eThe Tale of the Earth and the Youth\u201c erz\u00e4hlt die Geschichte der Machtlosigkeit der jungen Generation im Kampf gegen Klimawandel. Dieses wird halb-szenisch aufgef\u00fchrt, mit S\u00e4nger*innen, K\u00fcnstler*innen aus verschiedenen Kunstuniversit\u00e4ten \u00d6sterreichs und einer Schauspielerin aus Mozarteum sowie Highlights von Purcell (Arie und Duett aus Dido), Bach (Matth\u00e4us-Passion), Haydn (die Sch\u00f6pfung), Albrechtsberger (neu-entdeckte&nbsp;Barockmusik, [&hellip;]\" \/>\n<meta property=\"og:url\" content=\"https:\/\/kornrasetnarkmun.com\/index.php\/the-tale-of-the-earth-and-the-youth-aoc-2022\/\" \/>\n<meta property=\"og:site_name\" content=\"Kornraset Narkmun\" \/>\n<meta property=\"article:publisher\" content=\"https:\/\/www.facebook.com\/kornraset\/\" \/>\n<meta property=\"article:modified_time\" content=\"2023-03-27T02:49:18+00:00\" \/>\n<meta property=\"og:image\" content=\"https:\/\/kornrasetnarkmun.com\/wp-content\/uploads\/2022\/10\/qrcode-link-zur-Seite.png\" \/>\n<meta name=\"twitter:card\" content=\"summary_large_image\" \/>\n<meta name=\"twitter:label1\" content=\"Est. reading time\" \/>\n\t<meta name=\"twitter:data1\" content=\"3 minutes\" \/>\n<script type=\"application\/ld+json\" class=\"yoast-schema-graph\">{\"@context\":\"https:\/\/schema.org\",\"@graph\":[{\"@type\":\"WebPage\",\"@id\":\"https:\/\/kornrasetnarkmun.com\/index.php\/the-tale-of-the-earth-and-the-youth-aoc-2022\/\",\"url\":\"https:\/\/kornrasetnarkmun.com\/index.php\/the-tale-of-the-earth-and-the-youth-aoc-2022\/\",\"name\":\"The Tale of the Earth and the Youth - AoC 2022 - Kornraset Narkmun\",\"isPartOf\":{\"@id\":\"https:\/\/kornrasetnarkmun.com\/#website\"},\"primaryImageOfPage\":{\"@id\":\"https:\/\/kornrasetnarkmun.com\/index.php\/the-tale-of-the-earth-and-the-youth-aoc-2022\/#primaryimage\"},\"image\":{\"@id\":\"https:\/\/kornrasetnarkmun.com\/index.php\/the-tale-of-the-earth-and-the-youth-aoc-2022\/#primaryimage\"},\"thumbnailUrl\":\"https:\/\/kornrasetnarkmun.com\/wp-content\/uploads\/2022\/10\/qrcode-link-zur-Seite.png\",\"datePublished\":\"2022-10-22T20:11:46+00:00\",\"dateModified\":\"2023-03-27T02:49:18+00:00\",\"breadcrumb\":{\"@id\":\"https:\/\/kornrasetnarkmun.com\/index.php\/the-tale-of-the-earth-and-the-youth-aoc-2022\/#breadcrumb\"},\"inLanguage\":\"en-US\",\"potentialAction\":[{\"@type\":\"ReadAction\",\"target\":[\"https:\/\/kornrasetnarkmun.com\/index.php\/the-tale-of-the-earth-and-the-youth-aoc-2022\/\"]}]},{\"@type\":\"ImageObject\",\"inLanguage\":\"en-US\",\"@id\":\"https:\/\/kornrasetnarkmun.com\/index.php\/the-tale-of-the-earth-and-the-youth-aoc-2022\/#primaryimage\",\"url\":\"https:\/\/kornrasetnarkmun.com\/wp-content\/uploads\/2022\/10\/qrcode-link-zur-Seite.png\",\"contentUrl\":\"https:\/\/kornrasetnarkmun.com\/wp-content\/uploads\/2022\/10\/qrcode-link-zur-Seite.png\",\"width\":400,\"height\":400},{\"@type\":\"BreadcrumbList\",\"@id\":\"https:\/\/kornrasetnarkmun.com\/index.php\/the-tale-of-the-earth-and-the-youth-aoc-2022\/#breadcrumb\",\"itemListElement\":[{\"@type\":\"ListItem\",\"position\":1,\"name\":\"Home\",\"item\":\"https:\/\/kornrasetnarkmun.com\/\"},{\"@type\":\"ListItem\",\"position\":2,\"name\":\"The Tale of the Earth and the Youth &#8211; AoC 2022\"}]},{\"@type\":\"WebSite\",\"@id\":\"https:\/\/kornrasetnarkmun.com\/#website\",\"url\":\"https:\/\/kornrasetnarkmun.com\/\",\"name\":\"Kornraset Narkmun\",\"description\":\"Jonas Ensemble\",\"publisher\":{\"@id\":\"https:\/\/kornrasetnarkmun.com\/#organization\"},\"potentialAction\":[{\"@type\":\"SearchAction\",\"target\":{\"@type\":\"EntryPoint\",\"urlTemplate\":\"https:\/\/kornrasetnarkmun.com\/?s={search_term_string}\"},\"query-input\":\"required name=search_term_string\"}],\"inLanguage\":\"en-US\"},{\"@type\":\"Organization\",\"@id\":\"https:\/\/kornrasetnarkmun.com\/#organization\",\"name\":\"Ensemble der schmerzhaften Mutter\",\"url\":\"https:\/\/kornrasetnarkmun.com\/\",\"logo\":{\"@type\":\"ImageObject\",\"inLanguage\":\"en-US\",\"@id\":\"https:\/\/kornrasetnarkmun.com\/#\/schema\/logo\/image\/\",\"url\":\"https:\/\/kornrasetnarkmun.com\/wp-content\/uploads\/2022\/02\/Kornraset-Narkmun-1-1024x683.jpg\",\"contentUrl\":\"https:\/\/kornrasetnarkmun.com\/wp-content\/uploads\/2022\/02\/Kornraset-Narkmun-1-1024x683.jpg\",\"width\":1024,\"height\":683,\"caption\":\"Ensemble der schmerzhaften Mutter\"},\"image\":{\"@id\":\"https:\/\/kornrasetnarkmun.com\/#\/schema\/logo\/image\/\"},\"sameAs\":[\"https:\/\/www.facebook.com\/kornraset\/\",\"https:\/\/www.instagram.com\/pian_oman\/\"]}]}<\/script>\n<!-- \/ Yoast SEO plugin. -->","yoast_head_json":{"title":"The Tale of the Earth and the Youth - AoC 2022 - Kornraset Narkmun","robots":{"index":"index","follow":"follow","max-snippet":"max-snippet:-1","max-image-preview":"max-image-preview:large","max-video-preview":"max-video-preview:-1"},"canonical":"https:\/\/kornrasetnarkmun.com\/index.php\/the-tale-of-the-earth-and-the-youth-aoc-2022\/","og_locale":"en_US","og_type":"article","og_title":"The Tale of the Earth and the Youth - AoC 2022 - Kornraset Narkmun","og_description":"Video-Ausschnitte und Fotos \u201eThe Tale of the Earth and the Youth\u201c erz\u00e4hlt die Geschichte der Machtlosigkeit der jungen Generation im Kampf gegen Klimawandel. Dieses wird halb-szenisch aufgef\u00fchrt, mit S\u00e4nger*innen, K\u00fcnstler*innen aus verschiedenen Kunstuniversit\u00e4ten \u00d6sterreichs und einer Schauspielerin aus Mozarteum sowie Highlights von Purcell (Arie und Duett aus Dido), Bach (Matth\u00e4us-Passion), Haydn (die Sch\u00f6pfung), Albrechtsberger (neu-entdeckte&nbsp;Barockmusik, [&hellip;]","og_url":"https:\/\/kornrasetnarkmun.com\/index.php\/the-tale-of-the-earth-and-the-youth-aoc-2022\/","og_site_name":"Kornraset Narkmun","article_publisher":"https:\/\/www.facebook.com\/kornraset\/","article_modified_time":"2023-03-27T02:49:18+00:00","og_image":[{"url":"https:\/\/kornrasetnarkmun.com\/wp-content\/uploads\/2022\/10\/qrcode-link-zur-Seite.png"}],"twitter_card":"summary_large_image","twitter_misc":{"Est. reading time":"3 minutes"},"schema":{"@context":"https:\/\/schema.org","@graph":[{"@type":"WebPage","@id":"https:\/\/kornrasetnarkmun.com\/index.php\/the-tale-of-the-earth-and-the-youth-aoc-2022\/","url":"https:\/\/kornrasetnarkmun.com\/index.php\/the-tale-of-the-earth-and-the-youth-aoc-2022\/","name":"The Tale of the Earth and the Youth - AoC 2022 - Kornraset Narkmun","isPartOf":{"@id":"https:\/\/kornrasetnarkmun.com\/#website"},"primaryImageOfPage":{"@id":"https:\/\/kornrasetnarkmun.com\/index.php\/the-tale-of-the-earth-and-the-youth-aoc-2022\/#primaryimage"},"image":{"@id":"https:\/\/kornrasetnarkmun.com\/index.php\/the-tale-of-the-earth-and-the-youth-aoc-2022\/#primaryimage"},"thumbnailUrl":"https:\/\/kornrasetnarkmun.com\/wp-content\/uploads\/2022\/10\/qrcode-link-zur-Seite.png","datePublished":"2022-10-22T20:11:46+00:00","dateModified":"2023-03-27T02:49:18+00:00","breadcrumb":{"@id":"https:\/\/kornrasetnarkmun.com\/index.php\/the-tale-of-the-earth-and-the-youth-aoc-2022\/#breadcrumb"},"inLanguage":"en-US","potentialAction":[{"@type":"ReadAction","target":["https:\/\/kornrasetnarkmun.com\/index.php\/the-tale-of-the-earth-and-the-youth-aoc-2022\/"]}]},{"@type":"ImageObject","inLanguage":"en-US","@id":"https:\/\/kornrasetnarkmun.com\/index.php\/the-tale-of-the-earth-and-the-youth-aoc-2022\/#primaryimage","url":"https:\/\/kornrasetnarkmun.com\/wp-content\/uploads\/2022\/10\/qrcode-link-zur-Seite.png","contentUrl":"https:\/\/kornrasetnarkmun.com\/wp-content\/uploads\/2022\/10\/qrcode-link-zur-Seite.png","width":400,"height":400},{"@type":"BreadcrumbList","@id":"https:\/\/kornrasetnarkmun.com\/index.php\/the-tale-of-the-earth-and-the-youth-aoc-2022\/#breadcrumb","itemListElement":[{"@type":"ListItem","position":1,"name":"Home","item":"https:\/\/kornrasetnarkmun.com\/"},{"@type":"ListItem","position":2,"name":"The Tale of the Earth and the Youth &#8211; AoC 2022"}]},{"@type":"WebSite","@id":"https:\/\/kornrasetnarkmun.com\/#website","url":"https:\/\/kornrasetnarkmun.com\/","name":"Kornraset Narkmun","description":"Jonas Ensemble","publisher":{"@id":"https:\/\/kornrasetnarkmun.com\/#organization"},"potentialAction":[{"@type":"SearchAction","target":{"@type":"EntryPoint","urlTemplate":"https:\/\/kornrasetnarkmun.com\/?s={search_term_string}"},"query-input":"required name=search_term_string"}],"inLanguage":"en-US"},{"@type":"Organization","@id":"https:\/\/kornrasetnarkmun.com\/#organization","name":"Ensemble der schmerzhaften Mutter","url":"https:\/\/kornrasetnarkmun.com\/","logo":{"@type":"ImageObject","inLanguage":"en-US","@id":"https:\/\/kornrasetnarkmun.com\/#\/schema\/logo\/image\/","url":"https:\/\/kornrasetnarkmun.com\/wp-content\/uploads\/2022\/02\/Kornraset-Narkmun-1-1024x683.jpg","contentUrl":"https:\/\/kornrasetnarkmun.com\/wp-content\/uploads\/2022\/02\/Kornraset-Narkmun-1-1024x683.jpg","width":1024,"height":683,"caption":"Ensemble der schmerzhaften Mutter"},"image":{"@id":"https:\/\/kornrasetnarkmun.com\/#\/schema\/logo\/image\/"},"sameAs":["https:\/\/www.facebook.com\/kornraset\/","https:\/\/www.instagram.com\/pian_oman\/"]}]}},"_links":{"self":[{"href":"https:\/\/kornrasetnarkmun.com\/index.php\/wp-json\/wp\/v2\/pages\/760","targetHints":{"allow":["GET"]}}],"collection":[{"href":"https:\/\/kornrasetnarkmun.com\/index.php\/wp-json\/wp\/v2\/pages"}],"about":[{"href":"https:\/\/kornrasetnarkmun.com\/index.php\/wp-json\/wp\/v2\/types\/page"}],"author":[{"embeddable":true,"href":"https:\/\/kornrasetnarkmun.com\/index.php\/wp-json\/wp\/v2\/users\/1"}],"replies":[{"embeddable":true,"href":"https:\/\/kornrasetnarkmun.com\/index.php\/wp-json\/wp\/v2\/comments?post=760"}],"version-history":[{"count":26,"href":"https:\/\/kornrasetnarkmun.com\/index.php\/wp-json\/wp\/v2\/pages\/760\/revisions"}],"predecessor-version":[{"id":969,"href":"https:\/\/kornrasetnarkmun.com\/index.php\/wp-json\/wp\/v2\/pages\/760\/revisions\/969"}],"wp:attachment":[{"href":"https:\/\/kornrasetnarkmun.com\/index.php\/wp-json\/wp\/v2\/media?parent=760"}],"curies":[{"name":"wp","href":"https:\/\/api.w.org\/{rel}","templated":true}]}}