{"id":987,"date":"2023-04-03T22:02:31","date_gmt":"2023-04-03T22:02:31","guid":{"rendered":"https:\/\/kornrasetnarkmun.com\/?page_id=987"},"modified":"2023-04-11T16:47:03","modified_gmt":"2023-04-11T16:47:03","slug":"cembalo-rezital-elektrisch-geschmuckt","status":"publish","type":"page","link":"https:\/\/kornrasetnarkmun.com\/index.php\/cembalo-rezital-elektrisch-geschmuckt\/","title":{"rendered":"Cembalo-Rezital elektronisch geschm\u00fcckt 2023"},"content":{"rendered":"\n<p class=\"has-text-align-center\">mit Werken und Transkriptionen des \u00d6sterreichischen Sp\u00e4tbarocks &nbsp;<\/p>\n\n\n\n<p class=\"has-text-align-center\">gespielt von <strong>Kornraset Narkmun<\/strong> mit elektronischer Klangmalerei von <strong><a href=\"https:\/\/kornrasetnarkmun.com\/index.php\/biografie-cembalo-rezital-elektronisch-geschmuckt-2023\/\">Paul W<\/a><a href=\"https:\/\/www.instagram.com\/paul_ruben_wolff\/\">olff<\/a><\/strong> zur wahren Erg\u00f6tzung eures Trommelfells<\/p>\n\n\n\n<p><\/p>\n\n\n\n<p class=\"has-text-align-center\" style=\"font-size:18px\">Donnerstag, 20. April 2023, 19:30 Uhr Schmerzhafte Mutter Kirche, Mariengasse 20, 8020<\/p>\n\n\n\n<p class=\"has-text-align-center\" style=\"font-size:18px\">Dienstag, 25. April 2023, 19:00 Uhr Atelier 12, M\u00fcnzgrabenstra\u00dfe 24, 8010&nbsp;<\/p>\n\n\n\n<p><\/p>\n\n\n\n<p><\/p>\n\n\n<div class=\"wp-block-image\">\n<figure class=\"aligncenter size-large is-resized\"><img loading=\"lazy\" decoding=\"async\" src=\"https:\/\/kornrasetnarkmun.com\/wp-content\/uploads\/2023\/04\/WhatsApp-Image-2022-03-08-at-19.18.06-846x1024.png\" alt=\"\" class=\"wp-image-991\" width=\"561\" height=\"679\" srcset=\"https:\/\/kornrasetnarkmun.com\/wp-content\/uploads\/2023\/04\/WhatsApp-Image-2022-03-08-at-19.18.06-846x1024.png 846w, https:\/\/kornrasetnarkmun.com\/wp-content\/uploads\/2023\/04\/WhatsApp-Image-2022-03-08-at-19.18.06-248x300.png 248w, https:\/\/kornrasetnarkmun.com\/wp-content\/uploads\/2023\/04\/WhatsApp-Image-2022-03-08-at-19.18.06-768x930.png 768w, https:\/\/kornrasetnarkmun.com\/wp-content\/uploads\/2023\/04\/WhatsApp-Image-2022-03-08-at-19.18.06-1269x1536.png 1269w, https:\/\/kornrasetnarkmun.com\/wp-content\/uploads\/2023\/04\/WhatsApp-Image-2022-03-08-at-19.18.06.png 1322w\" sizes=\"auto, (max-width: 561px) 100vw, 561px\" \/><\/figure>\n<\/div>\n\n\n<p class=\"has-text-align-center has-large-font-size\"><strong>Programm:<\/strong><\/p>\n\n\n\n<p class=\"has-text-align-right has-small-font-size\"><strong>Johann Georg Albrechtsberger (1736 &#8211; 1809) \/ Narkmun<\/strong><\/p>\n\n\n\n<p class=\"has-small-font-size\">Ouvert\u00fcre aus dem Oratorium \u201ePilgrime auf Golgatha\u201c (1781) nach eigener Bearbeitung f\u00fcr Cembalo<\/p>\n\n\n\n<p class=\"has-small-font-size\"><\/p>\n\n\n\n<p class=\"has-text-align-right has-small-font-size\"><strong>Gregor Joseph Werner (1693 &#8211; 1766) \/ Narkmun<\/strong><\/p>\n\n\n\n<p class=\"has-small-font-size\">\u00dcber eine Arie \u201eO Gott der durch unerglichne St\u00e4rke\u201c aus dem Oratorium \u201eDebora\u201c (1760) f\u00fcr Cembalo<\/p>\n\n\n\n<p class=\"has-small-font-size\"><\/p>\n\n\n\n<p class=\"has-text-align-right\" style=\"font-size:19px\"><strong>Gottlieb Theophile Muffat? (1690 &#8211; 1770) \/ Pantaleon Ro\u0161kovsk\u00fd (1734 &#8211; 1789)<\/strong><\/p>\n\n\n\n<p class=\"has-small-font-size\">Capricci und Fuge \u00fcber Feierliches Osterhalleluja aus Cymbalum iubilationis<\/p>\n\n\n\n<p class=\"has-small-font-size\"><\/p>\n\n\n\n<p class=\"has-text-align-right has-small-font-size\"><strong>Clemens Wohanka (1737 &#8211; 1801)<\/strong><\/p>\n\n\n\n<p class=\"has-small-font-size\">Thema ex D.\u00a0[Gregorius Joseph] Werner excerptum deductum vero inflar Praembuli a P. Clemente. [Sacri et exempti ordinis Cisterz. Professo Zyrcii (Zirc)]<\/p>\n\n\n\n<p><\/p>\n\n\n\n<p class=\"has-text-align-center\"><a href=\"https:\/\/kornrasetnarkmun.com\/index.php\/biografie-cembalo-rezital-elektronisch-geschmuckt-2023\/\">Biografien<\/a><\/p>\n\n\n<div class=\"wp-block-image\">\n<figure class=\"aligncenter size-full\"><img loading=\"lazy\" decoding=\"async\" width=\"558\" height=\"722\" src=\"https:\/\/kornrasetnarkmun.com\/wp-content\/uploads\/2023\/04\/WhatsApp-Image-2023-04-03-at-18.14.42.jpeg\" alt=\"\" class=\"wp-image-989\" srcset=\"https:\/\/kornrasetnarkmun.com\/wp-content\/uploads\/2023\/04\/WhatsApp-Image-2023-04-03-at-18.14.42.jpeg 558w, https:\/\/kornrasetnarkmun.com\/wp-content\/uploads\/2023\/04\/WhatsApp-Image-2023-04-03-at-18.14.42-232x300.jpeg 232w\" sizes=\"auto, (max-width: 558px) 100vw, 558px\" \/><figcaption class=\"wp-element-caption\">Paul Wolff \u00a9Johanna Lamprecht<\/figcaption><\/figure>\n<\/div>\n\n<div class=\"wp-block-image\">\n<figure class=\"aligncenter size-large is-resized\"><img loading=\"lazy\" decoding=\"async\" src=\"https:\/\/kornrasetnarkmun.com\/wp-content\/uploads\/2023\/04\/Kornraset-Schwarz-weis-854x1024.jpeg\" alt=\"\" class=\"wp-image-990\" width=\"559\" height=\"670\" srcset=\"https:\/\/kornrasetnarkmun.com\/wp-content\/uploads\/2023\/04\/Kornraset-Schwarz-weis-854x1024.jpeg 854w, https:\/\/kornrasetnarkmun.com\/wp-content\/uploads\/2023\/04\/Kornraset-Schwarz-weis-250x300.jpeg 250w, https:\/\/kornrasetnarkmun.com\/wp-content\/uploads\/2023\/04\/Kornraset-Schwarz-weis-768x921.jpeg 768w, https:\/\/kornrasetnarkmun.com\/wp-content\/uploads\/2023\/04\/Kornraset-Schwarz-weis.jpeg 885w\" sizes=\"auto, (max-width: 559px) 100vw, 559px\" \/><figcaption class=\"wp-element-caption\">Ihr Cembaloescort<\/figcaption><\/figure>\n<\/div>","protected":false},"excerpt":{"rendered":"<p>mit Werken und Transkriptionen des \u00d6sterreichischen Sp\u00e4tbarocks &nbsp; gespielt von Kornraset Narkmun mit elektronischer Klangmalerei von Paul Wolff zur wahren Erg\u00f6tzung eures Trommelfells Donnerstag, 20. April 2023, 19:30 Uhr Schmerzhafte Mutter Kirche, Mariengasse 20, 8020 Dienstag, 25. April 2023, 19:00 Uhr Atelier 12, M\u00fcnzgrabenstra\u00dfe 24, 8010&nbsp; Programm: Johann Georg Albrechtsberger (1736 &#8211; 1809) \/ Narkmun [&hellip;]<\/p>\n","protected":false},"author":1,"featured_media":0,"parent":0,"menu_order":0,"comment_status":"closed","ping_status":"closed","template":"","meta":{"_monsterinsights_skip_tracking":false,"_monsterinsights_sitenote_active":false,"_monsterinsights_sitenote_note":"","_monsterinsights_sitenote_category":0,"footnotes":""},"class_list":["post-987","page","type-page","status-publish","hentry","entry"],"aioseo_notices":[],"yoast_head":"<!-- This site is optimized with the Yoast SEO plugin v22.6 - https:\/\/yoast.com\/wordpress\/plugins\/seo\/ -->\n<title>Cembalo-Rezital elektronisch geschm\u00fcckt 2023 - Kornraset Narkmun<\/title>\n<meta name=\"robots\" content=\"index, follow, max-snippet:-1, max-image-preview:large, max-video-preview:-1\" \/>\n<link rel=\"canonical\" href=\"https:\/\/kornrasetnarkmun.com\/index.php\/cembalo-rezital-elektrisch-geschmuckt\/\" \/>\n<meta property=\"og:locale\" content=\"en_US\" \/>\n<meta property=\"og:type\" content=\"article\" \/>\n<meta property=\"og:title\" content=\"Cembalo-Rezital elektronisch geschm\u00fcckt 2023 - Kornraset Narkmun\" \/>\n<meta property=\"og:description\" content=\"mit Werken und Transkriptionen des \u00d6sterreichischen Sp\u00e4tbarocks &nbsp; gespielt von Kornraset Narkmun mit elektronischer Klangmalerei von Paul Wolff zur wahren Erg\u00f6tzung eures Trommelfells Donnerstag, 20. April 2023, 19:30 Uhr Schmerzhafte Mutter Kirche, Mariengasse 20, 8020 Dienstag, 25. April 2023, 19:00 Uhr Atelier 12, M\u00fcnzgrabenstra\u00dfe 24, 8010&nbsp; Programm: Johann Georg Albrechtsberger (1736 &#8211; 1809) \/ Narkmun [&hellip;]\" \/>\n<meta property=\"og:url\" content=\"https:\/\/kornrasetnarkmun.com\/index.php\/cembalo-rezital-elektrisch-geschmuckt\/\" \/>\n<meta property=\"og:site_name\" content=\"Kornraset Narkmun\" \/>\n<meta property=\"article:publisher\" content=\"https:\/\/www.facebook.com\/kornraset\/\" \/>\n<meta property=\"article:modified_time\" content=\"2023-04-11T16:47:03+00:00\" \/>\n<meta property=\"og:image\" content=\"https:\/\/kornrasetnarkmun.com\/wp-content\/uploads\/2023\/04\/WhatsApp-Image-2022-03-08-at-19.18.06-846x1024.png\" \/>\n<meta name=\"twitter:card\" content=\"summary_large_image\" \/>\n<meta name=\"twitter:label1\" content=\"Est. reading time\" \/>\n\t<meta name=\"twitter:data1\" content=\"1 minute\" \/>\n<script type=\"application\/ld+json\" class=\"yoast-schema-graph\">{\"@context\":\"https:\/\/schema.org\",\"@graph\":[{\"@type\":\"WebPage\",\"@id\":\"https:\/\/kornrasetnarkmun.com\/index.php\/cembalo-rezital-elektrisch-geschmuckt\/\",\"url\":\"https:\/\/kornrasetnarkmun.com\/index.php\/cembalo-rezital-elektrisch-geschmuckt\/\",\"name\":\"Cembalo-Rezital elektronisch geschm\u00fcckt 2023 - Kornraset Narkmun\",\"isPartOf\":{\"@id\":\"https:\/\/kornrasetnarkmun.com\/#website\"},\"primaryImageOfPage\":{\"@id\":\"https:\/\/kornrasetnarkmun.com\/index.php\/cembalo-rezital-elektrisch-geschmuckt\/#primaryimage\"},\"image\":{\"@id\":\"https:\/\/kornrasetnarkmun.com\/index.php\/cembalo-rezital-elektrisch-geschmuckt\/#primaryimage\"},\"thumbnailUrl\":\"https:\/\/kornrasetnarkmun.com\/wp-content\/uploads\/2023\/04\/WhatsApp-Image-2022-03-08-at-19.18.06-846x1024.png\",\"datePublished\":\"2023-04-03T22:02:31+00:00\",\"dateModified\":\"2023-04-11T16:47:03+00:00\",\"breadcrumb\":{\"@id\":\"https:\/\/kornrasetnarkmun.com\/index.php\/cembalo-rezital-elektrisch-geschmuckt\/#breadcrumb\"},\"inLanguage\":\"en-US\",\"potentialAction\":[{\"@type\":\"ReadAction\",\"target\":[\"https:\/\/kornrasetnarkmun.com\/index.php\/cembalo-rezital-elektrisch-geschmuckt\/\"]}]},{\"@type\":\"ImageObject\",\"inLanguage\":\"en-US\",\"@id\":\"https:\/\/kornrasetnarkmun.com\/index.php\/cembalo-rezital-elektrisch-geschmuckt\/#primaryimage\",\"url\":\"https:\/\/kornrasetnarkmun.com\/wp-content\/uploads\/2023\/04\/WhatsApp-Image-2022-03-08-at-19.18.06.png\",\"contentUrl\":\"https:\/\/kornrasetnarkmun.com\/wp-content\/uploads\/2023\/04\/WhatsApp-Image-2022-03-08-at-19.18.06.png\",\"width\":1322,\"height\":1600},{\"@type\":\"BreadcrumbList\",\"@id\":\"https:\/\/kornrasetnarkmun.com\/index.php\/cembalo-rezital-elektrisch-geschmuckt\/#breadcrumb\",\"itemListElement\":[{\"@type\":\"ListItem\",\"position\":1,\"name\":\"Home\",\"item\":\"https:\/\/kornrasetnarkmun.com\/\"},{\"@type\":\"ListItem\",\"position\":2,\"name\":\"Cembalo-Rezital elektronisch geschm\u00fcckt 2023\"}]},{\"@type\":\"WebSite\",\"@id\":\"https:\/\/kornrasetnarkmun.com\/#website\",\"url\":\"https:\/\/kornrasetnarkmun.com\/\",\"name\":\"Kornraset Narkmun\",\"description\":\"Jonas Ensemble\",\"publisher\":{\"@id\":\"https:\/\/kornrasetnarkmun.com\/#organization\"},\"potentialAction\":[{\"@type\":\"SearchAction\",\"target\":{\"@type\":\"EntryPoint\",\"urlTemplate\":\"https:\/\/kornrasetnarkmun.com\/?s={search_term_string}\"},\"query-input\":\"required name=search_term_string\"}],\"inLanguage\":\"en-US\"},{\"@type\":\"Organization\",\"@id\":\"https:\/\/kornrasetnarkmun.com\/#organization\",\"name\":\"Ensemble der schmerzhaften Mutter\",\"url\":\"https:\/\/kornrasetnarkmun.com\/\",\"logo\":{\"@type\":\"ImageObject\",\"inLanguage\":\"en-US\",\"@id\":\"https:\/\/kornrasetnarkmun.com\/#\/schema\/logo\/image\/\",\"url\":\"https:\/\/kornrasetnarkmun.com\/wp-content\/uploads\/2022\/02\/Kornraset-Narkmun-1-1024x683.jpg\",\"contentUrl\":\"https:\/\/kornrasetnarkmun.com\/wp-content\/uploads\/2022\/02\/Kornraset-Narkmun-1-1024x683.jpg\",\"width\":1024,\"height\":683,\"caption\":\"Ensemble der schmerzhaften Mutter\"},\"image\":{\"@id\":\"https:\/\/kornrasetnarkmun.com\/#\/schema\/logo\/image\/\"},\"sameAs\":[\"https:\/\/www.facebook.com\/kornraset\/\",\"https:\/\/www.instagram.com\/pian_oman\/\"]}]}<\/script>\n<!-- \/ Yoast SEO plugin. -->","yoast_head_json":{"title":"Cembalo-Rezital elektronisch geschm\u00fcckt 2023 - Kornraset Narkmun","robots":{"index":"index","follow":"follow","max-snippet":"max-snippet:-1","max-image-preview":"max-image-preview:large","max-video-preview":"max-video-preview:-1"},"canonical":"https:\/\/kornrasetnarkmun.com\/index.php\/cembalo-rezital-elektrisch-geschmuckt\/","og_locale":"en_US","og_type":"article","og_title":"Cembalo-Rezital elektronisch geschm\u00fcckt 2023 - Kornraset Narkmun","og_description":"mit Werken und Transkriptionen des \u00d6sterreichischen Sp\u00e4tbarocks &nbsp; gespielt von Kornraset Narkmun mit elektronischer Klangmalerei von Paul Wolff zur wahren Erg\u00f6tzung eures Trommelfells Donnerstag, 20. April 2023, 19:30 Uhr Schmerzhafte Mutter Kirche, Mariengasse 20, 8020 Dienstag, 25. April 2023, 19:00 Uhr Atelier 12, M\u00fcnzgrabenstra\u00dfe 24, 8010&nbsp; Programm: Johann Georg Albrechtsberger (1736 &#8211; 1809) \/ Narkmun [&hellip;]","og_url":"https:\/\/kornrasetnarkmun.com\/index.php\/cembalo-rezital-elektrisch-geschmuckt\/","og_site_name":"Kornraset Narkmun","article_publisher":"https:\/\/www.facebook.com\/kornraset\/","article_modified_time":"2023-04-11T16:47:03+00:00","og_image":[{"url":"https:\/\/kornrasetnarkmun.com\/wp-content\/uploads\/2023\/04\/WhatsApp-Image-2022-03-08-at-19.18.06-846x1024.png"}],"twitter_card":"summary_large_image","twitter_misc":{"Est. reading time":"1 minute"},"schema":{"@context":"https:\/\/schema.org","@graph":[{"@type":"WebPage","@id":"https:\/\/kornrasetnarkmun.com\/index.php\/cembalo-rezital-elektrisch-geschmuckt\/","url":"https:\/\/kornrasetnarkmun.com\/index.php\/cembalo-rezital-elektrisch-geschmuckt\/","name":"Cembalo-Rezital elektronisch geschm\u00fcckt 2023 - Kornraset Narkmun","isPartOf":{"@id":"https:\/\/kornrasetnarkmun.com\/#website"},"primaryImageOfPage":{"@id":"https:\/\/kornrasetnarkmun.com\/index.php\/cembalo-rezital-elektrisch-geschmuckt\/#primaryimage"},"image":{"@id":"https:\/\/kornrasetnarkmun.com\/index.php\/cembalo-rezital-elektrisch-geschmuckt\/#primaryimage"},"thumbnailUrl":"https:\/\/kornrasetnarkmun.com\/wp-content\/uploads\/2023\/04\/WhatsApp-Image-2022-03-08-at-19.18.06-846x1024.png","datePublished":"2023-04-03T22:02:31+00:00","dateModified":"2023-04-11T16:47:03+00:00","breadcrumb":{"@id":"https:\/\/kornrasetnarkmun.com\/index.php\/cembalo-rezital-elektrisch-geschmuckt\/#breadcrumb"},"inLanguage":"en-US","potentialAction":[{"@type":"ReadAction","target":["https:\/\/kornrasetnarkmun.com\/index.php\/cembalo-rezital-elektrisch-geschmuckt\/"]}]},{"@type":"ImageObject","inLanguage":"en-US","@id":"https:\/\/kornrasetnarkmun.com\/index.php\/cembalo-rezital-elektrisch-geschmuckt\/#primaryimage","url":"https:\/\/kornrasetnarkmun.com\/wp-content\/uploads\/2023\/04\/WhatsApp-Image-2022-03-08-at-19.18.06.png","contentUrl":"https:\/\/kornrasetnarkmun.com\/wp-content\/uploads\/2023\/04\/WhatsApp-Image-2022-03-08-at-19.18.06.png","width":1322,"height":1600},{"@type":"BreadcrumbList","@id":"https:\/\/kornrasetnarkmun.com\/index.php\/cembalo-rezital-elektrisch-geschmuckt\/#breadcrumb","itemListElement":[{"@type":"ListItem","position":1,"name":"Home","item":"https:\/\/kornrasetnarkmun.com\/"},{"@type":"ListItem","position":2,"name":"Cembalo-Rezital elektronisch geschm\u00fcckt 2023"}]},{"@type":"WebSite","@id":"https:\/\/kornrasetnarkmun.com\/#website","url":"https:\/\/kornrasetnarkmun.com\/","name":"Kornraset Narkmun","description":"Jonas Ensemble","publisher":{"@id":"https:\/\/kornrasetnarkmun.com\/#organization"},"potentialAction":[{"@type":"SearchAction","target":{"@type":"EntryPoint","urlTemplate":"https:\/\/kornrasetnarkmun.com\/?s={search_term_string}"},"query-input":"required name=search_term_string"}],"inLanguage":"en-US"},{"@type":"Organization","@id":"https:\/\/kornrasetnarkmun.com\/#organization","name":"Ensemble der schmerzhaften Mutter","url":"https:\/\/kornrasetnarkmun.com\/","logo":{"@type":"ImageObject","inLanguage":"en-US","@id":"https:\/\/kornrasetnarkmun.com\/#\/schema\/logo\/image\/","url":"https:\/\/kornrasetnarkmun.com\/wp-content\/uploads\/2022\/02\/Kornraset-Narkmun-1-1024x683.jpg","contentUrl":"https:\/\/kornrasetnarkmun.com\/wp-content\/uploads\/2022\/02\/Kornraset-Narkmun-1-1024x683.jpg","width":1024,"height":683,"caption":"Ensemble der schmerzhaften Mutter"},"image":{"@id":"https:\/\/kornrasetnarkmun.com\/#\/schema\/logo\/image\/"},"sameAs":["https:\/\/www.facebook.com\/kornraset\/","https:\/\/www.instagram.com\/pian_oman\/"]}]}},"_links":{"self":[{"href":"https:\/\/kornrasetnarkmun.com\/index.php\/wp-json\/wp\/v2\/pages\/987","targetHints":{"allow":["GET"]}}],"collection":[{"href":"https:\/\/kornrasetnarkmun.com\/index.php\/wp-json\/wp\/v2\/pages"}],"about":[{"href":"https:\/\/kornrasetnarkmun.com\/index.php\/wp-json\/wp\/v2\/types\/page"}],"author":[{"embeddable":true,"href":"https:\/\/kornrasetnarkmun.com\/index.php\/wp-json\/wp\/v2\/users\/1"}],"replies":[{"embeddable":true,"href":"https:\/\/kornrasetnarkmun.com\/index.php\/wp-json\/wp\/v2\/comments?post=987"}],"version-history":[{"count":13,"href":"https:\/\/kornrasetnarkmun.com\/index.php\/wp-json\/wp\/v2\/pages\/987\/revisions"}],"predecessor-version":[{"id":1057,"href":"https:\/\/kornrasetnarkmun.com\/index.php\/wp-json\/wp\/v2\/pages\/987\/revisions\/1057"}],"wp:attachment":[{"href":"https:\/\/kornrasetnarkmun.com\/index.php\/wp-json\/wp\/v2\/media?parent=987"}],"curies":[{"name":"wp","href":"https:\/\/api.w.org\/{rel}","templated":true}]}}